{"id":869,"date":"2019-02-06T23:22:58","date_gmt":"2019-02-06T23:22:58","guid":{"rendered":"https:\/\/plural.upsc.md\/?page_id=869"},"modified":"2020-04-28T07:50:44","modified_gmt":"2020-04-28T07:50:44","slug":"plural-vol-vi-no-2-2018","status":"publish","type":"page","link":"https:\/\/plural.upsc.md\/?page_id=869","title":{"rendered":"Plural Vol. VI, no. 2, 2018"},"content":{"rendered":"<p style=\"text-align: center;\"><span style=\"color: #000000;\"><strong>Content:<\/strong><\/span><\/p>\n<p style=\"text-align: left;\"><span style=\"color: #000000;\"><strong>Articles\/ Studii<\/strong><\/span><\/p>\n<ul style=\"list-style-type: disc;\">\n<li><a href=\"https:\/\/plural.upsc.md\/wp-content\/uploads\/2019\/02\/Revista-Plural_nr_2-2018_Musso.pdf\"><strong>Stefano Francesco MUSSO<\/strong> (Italy), Challenges, competences, professions for the built heritage conservation in the contemporary world<\/a> \u00a0<span style=\"color: #0000ff;\"><a style=\"color: #0000ff;\" href=\"https:\/\/doi.org\/10.37710\/plural.v6i2_1\">https:\/\/doi.org\/10.37710\/plural.v6i2_1<\/a><\/span><\/li>\n<li><a href=\"https:\/\/plural.upsc.md\/wp-content\/uploads\/2019\/02\/Revista-Plural_nr_2-2018_Boda.pdf\"><strong>Gherghina BODA<\/strong> (Rom\u00e2nia), The Convention concerning the Protection of the World Cultural and Natural Heritage (Paris, 1972) and Romania<\/a>\u00a0\u00a0<span style=\"color: #0000ff;\"><a style=\"color: #0000ff;\" href=\"https:\/\/doi.org\/10.37710\/plural.v6i2_2\">https:\/\/doi.org\/10.37710\/plural.v6i2_2<\/a><\/span><\/li>\n<li><a href=\"https:\/\/plural.upsc.md\/wp-content\/uploads\/2019\/02\/Revista-Plural_nr_2-2018_Opris.pdf\"><strong>Ioan OPRI\u0218<\/strong> (Rom\u00e2nia), \u00censcrierea siturilor rom\u00e2ne\u0219ti \u00een Lista patrimoniului mondial \/ Inscription of the Romanian sites in the World Heritage List<\/a> \u00a0<span style=\"color: #0000ff;\"><a style=\"color: #0000ff;\" href=\"https:\/\/doi.org\/10.37710\/plural.v6i2_3\">https:\/\/doi.org\/10.37710\/plural.v6i2_3<\/a><\/span><\/li>\n<li><a href=\"https:\/\/plural.upsc.md\/wp-content\/uploads\/2019\/02\/Revista-Plural_nr_2-2018_Craciunescu.pdf\"><strong>Adrian CR\u0102CIUNESCU<\/strong> (Rom\u00e2nia), Autenticitatea \u2013 un factor neabordat de legisla\u0163ia intern\u0103, dar determinant \u00een evaluarea UNESCO \/ Authenticity \u2013 untackled issue within domestic legislation while being a crucial one in UNESCO\u2019s assessments<\/a> \u00a0<span style=\"color: #0000ff;\"><a style=\"color: #0000ff;\" href=\"https:\/\/doi.org\/10.37710\/plural.v6i2_4\">https:\/\/doi.org\/10.37710\/plural.v6i2_4<\/a><\/span><\/li>\n<li><a href=\"https:\/\/plural.upsc.md\/wp-content\/uploads\/2019\/02\/Revista-Plural_nr_2-2018_Musteata.pdf\"><strong>Sergiu MUSTEA\u021a\u0102<\/strong> (Republica Moldova \/ Rom\u00e2nia), Evaluarea \u0219i monitorizarea siturilor \u00eenscrise \u00een Lista patrimoniului mondial din Rom\u00e2nia \/ Evaluation and monitoring of the World Heritage Sites in Romania<\/a> \u00a0<span style=\"color: #0000ff;\"><a style=\"color: #0000ff;\" href=\"https:\/\/doi.org\/10.37710\/plural.v6i2_5\">https:\/\/doi.org\/10.37710\/plural.v6i2_5<\/a><\/span><\/li>\n<li><a href=\"https:\/\/plural.upsc.md\/wp-content\/uploads\/2019\/02\/Revista-Plural_nr_2-2018_Barca.pdf\"><strong>Vitalie B\u00c2RC\u0102<\/strong> (Rom\u00e2nia), C\u00e2teva observa\u021bii privind administrarea cet\u0103\u021bilor dacice din Mun\u021bii Or\u0103\u0219tiei \u00eenscrise \u00een Lista patrimoniului mondial UNESCO \/ A few notes on the management of the Dacian Fortresses of the Orastie Mountains inscribed on the World Heritage List<\/a> \u00a0<span style=\"color: #0000ff;\"><a style=\"color: #0000ff;\" href=\"https:\/\/doi.org\/10.37710\/plural.v6i2_6\">https:\/\/doi.org\/10.37710\/plural.v6i2_6<\/a><\/span><\/li>\n<li><a href=\"https:\/\/plural.upsc.md\/wp-content\/uploads\/2019\/02\/Revista-Plural_nr_2-2018_Petan.pdf\"><strong>Aurora PE\u021aAN<\/strong> (Rom\u00e2nia), Cet\u0103\u021bile dacice din Mun\u021bii Or\u0103\u0219tiei. Probleme actuale \u0219i perspective \/ Th e Dacian fortresses of the Or\u0103\u0219tie Mountains. Current issues and perspectives<\/a>\u00a0<span style=\"color: #0000ff;\"><a style=\"color: #0000ff;\" href=\"https:\/\/doi.org\/10.37710\/plural.v6i2_7\">\u00a0https:\/\/doi.org\/10.37710\/plural.v6i2_7<\/a><\/span><\/li>\n<li><a href=\"https:\/\/plural.upsc.md\/wp-content\/uploads\/2019\/02\/Revista-Plural_nr_2-2018_Ciuta.pdf\"><strong>Marius-Mihai, CIUT\u0102<\/strong> (Rom\u00e2nia), Cetatea dacic\u0103 de la C\u0103p\u00e2lna (com. S\u0103sciori, jud. Alba). Dup\u0103 19 ani\u2026 UNESCO \/ Th e Dacian Fortress C\u0103p\u00e2lna (S\u0103sciori Village, Alba County). After 19 years as \u2026UNESCO<\/a> \u00a0<span style=\"color: #0000ff;\"><a style=\"color: #0000ff;\" href=\"https:\/\/doi.org\/10.37710\/plural.v6i2_8\">https:\/\/doi.org\/10.37710\/plural.v6i2_8<\/a><\/span><\/li>\n<li><a href=\"https:\/\/plural.upsc.md\/wp-content\/uploads\/2019\/02\/Revista-Plural_nr_2-2018_Popa.pdf\"><strong>Alexandru POPA<\/strong> (Rom\u00e2nia), Frontiera Imperiului Roman din Dacia \u00een drum spre Lista patrimoniului mondial. Pro bleme \u0219i responsabilit\u0103\u0163i pentru cercetarea arheologic\u0103, protec\u021bia patrimoniu lui \u0219i turism \/ The Limes of the Roman Empire in Dacia on its\u00a0way to the World Heritage List. Problems and responsibilities for archaeological research, heritage preservation and tourism<\/a>\u00a0\u00a0<span style=\"color: #0000ff;\"><a style=\"color: #0000ff;\" href=\"https:\/\/doi.org\/10.37710\/plural.v6i2_9\">https:\/\/doi.org\/10.37710\/plural.v6i2_9<\/a><\/span><\/li>\n<li><a href=\"https:\/\/plural.upsc.md\/wp-content\/uploads\/2019\/02\/Revista-Plural_nr_2-2018_Ionica.pdf\"><strong>P\u00eervu IONIC\u0102<\/strong> (Rom\u00e2nia), Patrimoniul UNESCO \u2013 himer\u0103, panaceu sau form\u0103 de normalitate? \/ UNESCO heritage \u2013 a pipe dream, a panacea or normalcy?<\/a> \u00a0<span style=\"color: #0000ff;\"><a style=\"color: #0000ff;\" href=\"https:\/\/doi.org\/10.37710\/plural.v6i2_10\">https:\/\/doi.org\/10.37710\/plural.v6i2_10<\/a><\/span><\/li>\n<li><a href=\"https:\/\/plural.upsc.md\/wp-content\/uploads\/2019\/02\/Revista-Plural_nr_2-2018_Cozma.pdf\"><strong>Elena COZMA<\/strong> (Rom\u00e2nia), Monitorizarea mass-mediei privind patrimoniul mondial din Rom\u00e2nia. Considera\u021bii preliminare \/ Media monitoring of the World Heritage Sites in Romania. Preliminary considerations<\/a>\u00a0\u00a0<span style=\"color: #0000ff;\"><a style=\"color: #0000ff;\" href=\"https:\/\/doi.org\/10.37710\/plural.v6i2_11\">https:\/\/doi.org\/10.37710\/plural.v6i2_11<\/a><\/span><\/li>\n<li><a href=\"https:\/\/plural.upsc.md\/wp-content\/uploads\/2019\/02\/Revista-Plural_nr_2-2018_Vaida.pdf\"><strong>Eugen VAIDA, Ileana BURNICHIOIU<\/strong> (Rom\u00e2nia), Societate civil\u0103 \u0219i patrimoniu cultural \u00een Rom\u00e2nia. Proiectul \u201eAmbulan\u021ba pentru monumente\u201d \/ Civil society and cultural heritage in Romania. The project \u201cAmbulance for monuments\u201d<\/a> \u00a0<span style=\"color: #0000ff;\"><a style=\"color: #0000ff;\" href=\"https:\/\/doi.org\/10.37710\/plural.v6i2_12\">https:\/\/doi.org\/10.37710\/plural.v6i2_12<\/a><\/span><\/li>\n<li><a href=\"https:\/\/plural.upsc.md\/wp-content\/uploads\/2019\/02\/Revista-Plural_nr_2-2018_Chiricescu.pdf\"><strong>Andrea CHIRICESCU<\/strong> (Rom\u00e2nia), Frontiera Imperiului Roman \u0219i UNESCO. Observa\u021bii pe marginea unui studiu recent \/ The Limes of the Roman Empire and UNESCO. Observations on a recent study<\/a> \u00a0<span style=\"color: #0000ff;\"><a style=\"color: #0000ff;\" href=\"https:\/\/doi.org\/10.37710\/plural.v6i2_13\">https:\/\/doi.org\/10.37710\/plural.v6i2_13<\/a><\/span><\/li>\n<li><a href=\"https:\/\/plural.upsc.md\/wp-content\/uploads\/2019\/02\/Revista-Plural_nr_2-2018_Alexianu.pdf\"><strong>Marius ALEXIANU, Roxana-Gabriela CURC\u0102, \u0218tefan CALINIUC<\/strong> (Rom\u00e2nia), Izvoarele s\u0103rate din Rom\u00e2nia exploatate \u00een neolitic \u0219i eneolitic. O propunere pentru Lista Patrimoniului Mondial \/ The Romanian salt springs exploited in the Neolithic and Eneolithic. A proposal for the World Heritage List<\/a> \u00a0<span style=\"color: #0000ff;\"><a style=\"color: #0000ff;\" href=\"https:\/\/doi.org\/10.37710\/plural.v6i2_14\">https:\/\/doi.org\/10.37710\/plural.v6i2_14<\/a><\/span><\/li>\n<\/ul>\n<p><span style=\"color: #000000;\"><strong>Review \/ Recenzie<\/strong><\/span><\/p>\n<ul>\n<li><a href=\"https:\/\/plural.upsc.md\/wp-content\/uploads\/2019\/02\/Revista-Plural_nr_2-2018_Recenzie_01.pdf\">Claire Cave and Elene Negussie, World Heritage Conservation. The World Heritage Convention, Linking Culture and Nature for Sustainable Development, Routledge: London and New York, 2017, 300 pages, ISBN 978-0-415-72854-6 (<strong>Sergiu MUSTEA\u021a\u0102<\/strong>)<\/a> \u00a0<span style=\"color: #0000ff;\"><a style=\"color: #0000ff;\" href=\"https:\/\/doi.org\/10.37710\/plural.v6i2_15\">https:\/\/doi.org\/10.37710\/plural.v6i2_15<\/a><\/span><\/li>\n<li><a href=\"https:\/\/plural.upsc.md\/wp-content\/uploads\/2019\/02\/Revista-Plural_nr_2-2018_Recenzie_02.pdf\">Peter Bille Larsen and William Logan (eds), World Heritage and Sustainable Development. New Directions in World Heritage Management, Routledge: London and New York, 2018, 293 pages, ISBN 978-1-138-09140-5 (<strong>Sergiu MUSTEA\u021a\u0102<\/strong>)<\/a> \u00a0<span style=\"color: #0000ff;\"><a style=\"color: #0000ff;\" href=\"https:\/\/doi.org\/10.37710\/plural.v6i2_16\">https:\/\/doi.org\/10.37710\/plural.v6i2_16<\/a><\/span><\/li>\n<li><a href=\"https:\/\/plural.upsc.md\/wp-content\/uploads\/2019\/02\/Revista-Plural_nr_2-2018_Recenzie_03.pdf\">Thomas Gensheimer and Celeste Lovett e Guichard (eds), World Heritage and Sustainable National Registers. Stewardship in Perspectives, Routledge: London and New York, 2014, 224 pages, ISBN 978-1-138-51805-6 (<strong>Sergiu MUSTEA\u021a\u0102<\/strong>)<\/a> \u00a0<span style=\"color: #0000ff;\"><a style=\"color: #0000ff;\" href=\"https:\/\/doi.org\/10.37710\/plural.v6i2_17\">https:\/\/doi.org\/10.37710\/plural.v6i2_17<\/a><\/span><\/li>\n<\/ul>\n<p>&nbsp;<\/p>\n<ul>\n<li style=\"text-align: justify;\"><a href=\"https:\/\/plural.upsc.md\/wp-content\/uploads\/2019\/02\/Authors-Short-Biographies-6.2.pdf\"><span style=\"color: #000000;\"><strong>Authors\u2019 Short Biographies \/ Date despre autori<\/strong><\/span><\/a><\/li>\n<li style=\"text-align: justify;\"><span style=\"color: #000000;\"><strong><a href=\"https:\/\/plural.upsc.md\/wp-content\/uploads\/2018\/11\/Submission-178.pdf\">Submission Guidelines<\/a> \/ <a href=\"https:\/\/plural.upsc.md\/wp-content\/uploads\/2018\/11\/Nota-autori-179.pdf\">Not\u0103 pentru autori<\/a><\/strong><\/span><\/li>\n<\/ul>\n<div id=\"gtx-trans\" style=\"position: absolute; left: 173px; top: 1576.33px;\">\n<div class=\"gtx-trans-icon\"><\/div>\n<\/div>\n","protected":false},"excerpt":{"rendered":"<p>Content: Articles\/ Studii Stefano Francesco MUSSO (Italy), Challenges, competences, professions for the built heritage conservation in the contemporary world \u00a0https:\/\/doi.org\/10.37710\/plural.v6i2_1 Gherghina BODA (Rom\u00e2nia), The Convention concerning the Protection of the [&hellip;]<\/p>\n","protected":false},"author":1,"featured_media":0,"parent":12,"menu_order":0,"comment_status":"closed","ping_status":"closed","template":"page-templates\/two-sidebars.php","meta":{"footnotes":""},"class_list":["post-869","page","type-page","status-publish","hentry"],"_links":{"self":[{"href":"https:\/\/plural.upsc.md\/index.php?rest_route=\/wp\/v2\/pages\/869","targetHints":{"allow":["GET"]}}],"collection":[{"href":"https:\/\/plural.upsc.md\/index.php?rest_route=\/wp\/v2\/pages"}],"about":[{"href":"https:\/\/plural.upsc.md\/index.php?rest_route=\/wp\/v2\/types\/page"}],"author":[{"embeddable":true,"href":"https:\/\/plural.upsc.md\/index.php?rest_route=\/wp\/v2\/users\/1"}],"replies":[{"embeddable":true,"href":"https:\/\/plural.upsc.md\/index.php?rest_route=%2Fwp%2Fv2%2Fcomments&post=869"}],"version-history":[{"count":6,"href":"https:\/\/plural.upsc.md\/index.php?rest_route=\/wp\/v2\/pages\/869\/revisions"}],"predecessor-version":[{"id":1060,"href":"https:\/\/plural.upsc.md\/index.php?rest_route=\/wp\/v2\/pages\/869\/revisions\/1060"}],"up":[{"embeddable":true,"href":"https:\/\/plural.upsc.md\/index.php?rest_route=\/wp\/v2\/pages\/12"}],"wp:attachment":[{"href":"https:\/\/plural.upsc.md\/index.php?rest_route=%2Fwp%2Fv2%2Fmedia&parent=869"}],"curies":[{"name":"wp","href":"https:\/\/api.w.org\/{rel}","templated":true}]}}