{"id":824,"date":"2018-11-22T13:17:33","date_gmt":"2018-11-22T13:17:33","guid":{"rendered":"https:\/\/plural.upsc.md\/?page_id=824"},"modified":"2020-04-28T07:58:29","modified_gmt":"2020-04-28T07:58:29","slug":"plural-vol-vi-no-1-2018","status":"publish","type":"page","link":"https:\/\/plural.upsc.md\/?page_id=824","title":{"rendered":"Plural Vol. VI, no. 1, 2018"},"content":{"rendered":"<p style=\"text-align: center;\"><span style=\"color: #000000;\"><strong>Content:<\/strong><\/span><\/p>\n<p style=\"text-align: left;\"><span style=\"color: #000000;\"><strong>Articles\/ Studii<\/strong><\/span><\/p>\n<ul style=\"list-style-type: disc;\">\n<li><strong>War and Revolution on the Peripheries of the Russian Empire (1914-1920) \/ R\u0103zboi \u0219i revolu\u021bie la periferiile Imperiului Rus (1914-1920)<\/strong><\/li>\n<li><a href=\"https:\/\/plural.upsc.md\/wp-content\/uploads\/2018\/11\/Suveica_Paslariuc-5-42.pdf\"><strong>Svetlana SUVEIC\u0102<\/strong>(Germany), <strong>Virgil P\u00c2SLARIUC<\/strong> (Republic of Moldova), <em>Chi\u0219in\u0103u during World WarI: From the Western Borderland of Russian Empire to the Eastern Borderland of Romania \/ Chi\u015fin\u0103ul \u00een anii primului r\u0103zboi mondial: de la hotarul de vest al Imperiului rus la hotarul de est al Rom\u00e2niei Mari<\/em><\/a><em>\u00a0\u00a0<\/em> <span style=\"color: #0000ff;\"><a style=\"color: #0000ff;\" href=\"https:\/\/doi.org\/10.37710\/plural.v6i1_1\">https:\/\/doi.org\/10.37710\/plural.v6i1_1<\/a><\/span><\/li>\n<li><a href=\"https:\/\/plural.upsc.md\/wp-content\/uploads\/2018\/11\/Cusco-43-62.pdf\"><strong>Andrei CU\u0218CO<\/strong> (Republic of Moldova \/ Romania), <em>\u201eAlternative Scenarios\u201d of Bessarabian Identity in the Early Twentieth Century: Ethnic Mobilization, Uncertain Romanian-ness and Nation-Building in a Borderland Province \/ \u201eScenariile alternative\u201d ale identit\u0103\u021bii basarabene la \u00eenceputul secolului al XX-lea: mobilizare etnic\u0103, rom\u00e2nitate incert\u0103 \u0219i construc\u021bie na\u021bional\u0103 \u00eentr-o provincie de frontier\u0103<\/em><\/a><em>\u00a0 <\/em><span style=\"color: #0000ff;\"><a style=\"color: #0000ff;\" href=\"https:\/\/doi.org\/10.37710\/plural.v6i1_2\">https:\/\/doi.org\/10.37710\/plural.v6i1_2<\/a><\/span><\/li>\n<li><a href=\"https:\/\/plural.upsc.md\/wp-content\/uploads\/2018\/11\/Ceobanu-63-76.pdf\"><strong>Adrian-Bogdan CEOBANU<\/strong> (Romania),<em> A Romanian Consul at the Margins of the Russian Empire: Gheorghe Forescu in Ismail (December 1916 \u2013 March 1918)<\/em><\/a><em> \u00a0 <\/em><span style=\"color: #0000ff;\"><a style=\"color: #0000ff;\" href=\"https:\/\/doi.org\/10.37710\/plural.v6i1_3\">https:\/\/doi.org\/10.37710\/plural.v6i1_3<\/a><\/span><\/li>\n<li><a href=\"https:\/\/plural.upsc.md\/wp-content\/uploads\/2018\/11\/Balkelis-77-97.pdf\"><strong>Tomas BALKELIS<\/strong> (Lithuania), <em>Nation-Building, Revolution, and the Advance of the Red Army into Lithuania, 1918-1919<\/em><\/a><em>\u00a0 <\/em><span style=\"color: #0000ff;\"><a style=\"color: #0000ff;\" href=\"https:\/\/doi.org\/10.37710\/plural.v6i1_4\">https:\/\/doi.org\/10.37710\/plural.v6i1_4<\/a><\/span><\/li>\n<li><a href=\"https:\/\/plural.upsc.md\/wp-content\/uploads\/2018\/11\/Ivanauskas-98-117.pdf\"><span style=\"text-decoration: underline;\"><strong>Vilius IVANAUSKAS<\/strong><\/span> (Lithuania), <em>The Centenary of Lithuania\u2019s Independence: National Mobilization and Democracy Development Throughout Modern Lithuanian History<\/em><\/a><em> \u00a0<\/em><span style=\"color: #0000ff;\"><a style=\"color: #0000ff;\" href=\"https:\/\/doi.org\/10.37710\/plural.v6i1_5\">https:\/\/doi.org\/10.37710\/plural.v6i1_5<\/a><\/span><\/li>\n<li><strong>Education and Nation-Building Before and After 1918 \/ Educa\u021bie \u0219i construc\u021bie na\u021bional\u0103 \u00eenainte \u0219i dup\u0103 1918<\/strong><\/li>\n<li><a href=\"https:\/\/plural.upsc.md\/wp-content\/uploads\/2018\/11\/Blasen-118-139.pdf\">Philippe <strong>BLASEN<\/strong> (Romania), <em>Manuels et programmes pour l\u2019enseignement en langue roumaine de l\u2019histoire et de la g\u00e9ographie nationales roumaines en Roumanie, au Maramure\u015f, en Transylvanie, en Bucovine et en Bessarabie entre 1859 et 1918 \/ School Textbooks and Curricula for Romanian-Language Teaching of Romanian National History and Geography in the Romanian Kingdom, in the Maramure\u015f, in Transylvania, in Bukovina, and in Bessarabia between 1859 and 1918<\/em><\/a><em>\u00a0 <\/em><span style=\"color: #0000ff;\">https:\/\/doi.org\/10.37710\/plural.v6i1_6<\/span><\/li>\n<li><a href=\"https:\/\/plural.upsc.md\/wp-content\/uploads\/2018\/11\/Negura-140-158.pdf\"><strong>Petru NEGUR\u0102<\/strong> (Republic of Moldova), <em>Construction nationale et \u00e9tatique \u00e0 travers l\u2019enseignement primaire des minorit\u00e9s ethniques dans\u00a0les zones rurales de Bessarabie roumaine et de Transnistrie sovi\u00e9tique dans l\u2019entre-deux guerres (1918-1940)\/ Nation- and State-Building Through the Primary Education of Ethnic Minorities in the Rural Areas of Romanian Bessarabia and Soviet Transnistria during the Interwar Period (1918-1940)<\/em><\/a><i> <\/i><span style=\"color: #0000ff;\"><a style=\"color: #0000ff;\" href=\"https:\/\/doi.org\/10.37710\/plural.v6i1_7\">https:\/\/doi.org\/10.37710\/plural.v6i1_7<\/a><\/span><\/li>\n<\/ul>\n<p><strong>Interview \/ Interviu<\/strong><\/p>\n<ul style=\"list-style-type: disc;\">\n<li><a href=\"https:\/\/plural.upsc.md\/wp-content\/uploads\/2018\/11\/Johnson-159-163.pdf\"><em>RFE\/RL Never Had a Separate Broadcast Service in Romanian for Soviet Moldavia&#8230; Interview with A. Ross Johnson, Former Director of Radio Free Europe<\/em> (<strong>Sergiu Mustea\u021b\u0103<\/strong>)<\/a> \u00a0<a href=\"https:\/\/doi.org\/10.37710\/plural.v6i1_8\"><span style=\"color: #0000ff;\">https:\/\/doi.org\/10.37710\/plural.v6i1_8<\/span><\/a><\/li>\n<\/ul>\n<p><span style=\"color: #000000;\"><strong>Review \/ Recenzie<\/strong><\/span><\/p>\n<ul>\n<li><a href=\"https:\/\/plural.upsc.md\/wp-content\/uploads\/2018\/11\/Book-Reviews-164-171.pdf\">Orlando Figes. <em>A People\u2019s Tragedy: The Russian Revolution, 1891-1924 \/ Revolu\u0163ia rus\u0103. 1891-1924. Tragedia unui popor<\/em>, Ia\u015fi, Polirom, 2016, 814 p. Traducere de Cornelia Marinescu (<strong>Anatol Petrencu<\/strong>)<\/a>\u00a0\u00a0<a href=\"https:\/\/doi.org\/10.37710\/plural.v6i1_9\"><span style=\"color: #0000ff;\">https:\/\/doi.org\/10.37710\/plural.v6i1_9<\/span><\/a><\/li>\n<\/ul>\n<p><span style=\"color: #000000;\"><strong>In Memoriam<\/strong><\/span><\/p>\n<ul>\n<li><a href=\"https:\/\/plural.upsc.md\/wp-content\/uploads\/2018\/11\/In-memoriam-172-173.pdf\">Viorica Nicolenco (1971-2018)<\/a> \u00a0<a href=\"https:\/\/doi.org\/10.37710\/plural.v6i1_10\"><span style=\"color: #0000ff;\">https:\/\/doi.org\/10.37710\/plural.v6i1_10<\/span><\/a><\/li>\n<\/ul>\n<p>&nbsp;<\/p>\n<ul>\n<li style=\"text-align: justify;\"><span style=\"color: #333399;\"><a style=\"color: #333399;\" href=\"https:\/\/plural.upsc.md\/wp-content\/uploads\/2018\/11\/Authors-174-177.pdf\"><strong>Authors\u2019 Short Biographies \/ Date despre autori<\/strong><\/a><\/span><\/li>\n<li style=\"text-align: justify;\"><span style=\"color: #000000;\"><strong><a href=\"https:\/\/plural.upsc.md\/wp-content\/uploads\/2018\/11\/Submission-178.pdf\">Submission Guidelines<\/a> \/ <a href=\"https:\/\/plural.upsc.md\/wp-content\/uploads\/2018\/11\/Nota-autori-179.pdf\">Not\u0103 pentru autori<\/a><\/strong><\/span><\/li>\n<\/ul>\n","protected":false},"excerpt":{"rendered":"<p>Content: Articles\/ Studii War and Revolution on the Peripheries of the Russian Empire (1914-1920) \/ R\u0103zboi \u0219i revolu\u021bie la periferiile Imperiului Rus (1914-1920) Svetlana SUVEIC\u0102(Germany), Virgil P\u00c2SLARIUC (Republic of Moldova), [&hellip;]<\/p>\n","protected":false},"author":1,"featured_media":0,"parent":12,"menu_order":0,"comment_status":"closed","ping_status":"closed","template":"page-templates\/two-sidebars.php","meta":{"footnotes":""},"class_list":["post-824","page","type-page","status-publish","hentry"],"_links":{"self":[{"href":"https:\/\/plural.upsc.md\/index.php?rest_route=\/wp\/v2\/pages\/824","targetHints":{"allow":["GET"]}}],"collection":[{"href":"https:\/\/plural.upsc.md\/index.php?rest_route=\/wp\/v2\/pages"}],"about":[{"href":"https:\/\/plural.upsc.md\/index.php?rest_route=\/wp\/v2\/types\/page"}],"author":[{"embeddable":true,"href":"https:\/\/plural.upsc.md\/index.php?rest_route=\/wp\/v2\/users\/1"}],"replies":[{"embeddable":true,"href":"https:\/\/plural.upsc.md\/index.php?rest_route=%2Fwp%2Fv2%2Fcomments&post=824"}],"version-history":[{"count":7,"href":"https:\/\/plural.upsc.md\/index.php?rest_route=\/wp\/v2\/pages\/824\/revisions"}],"predecessor-version":[{"id":1062,"href":"https:\/\/plural.upsc.md\/index.php?rest_route=\/wp\/v2\/pages\/824\/revisions\/1062"}],"up":[{"embeddable":true,"href":"https:\/\/plural.upsc.md\/index.php?rest_route=\/wp\/v2\/pages\/12"}],"wp:attachment":[{"href":"https:\/\/plural.upsc.md\/index.php?rest_route=%2Fwp%2Fv2%2Fmedia&parent=824"}],"curies":[{"name":"wp","href":"https:\/\/api.w.org\/{rel}","templated":true}]}}