{"id":815,"date":"2018-08-16T13:58:06","date_gmt":"2018-08-16T13:58:06","guid":{"rendered":"https:\/\/plural.upsc.md\/?page_id=815"},"modified":"2018-11-12T14:17:25","modified_gmt":"2018-11-12T14:17:25","slug":"publication-ethics","status":"publish","type":"page","link":"https:\/\/plural.upsc.md\/?page_id=815","title":{"rendered":"Publication ethics"},"content":{"rendered":"<div class=\"osc-res-tab tabbable   osc-tabs-right\"><div style=\"clear:both;width: 100%;\"><ul class=\"nav osc-res-nav nav-tabs osc-tabs-right-ul\" id=\"oscitas-restabs-1-publication-ethics-19143\"><li class=\"active\"><a href=\"#ert_pane1-0\" data-toggle=\"tab\">En<\/a><\/li><li class=\"\"><a href=\"#ert_pane1-1\" data-toggle=\"tab\">Ro<\/a><\/li><\/ul><\/div><div style=\"clear:both;width: 100%;\"><ul class=\"tab-content\" id=\"oscitas-restabcontent-1-publication-ethics-19143\"><li class=\"tab-pane active\" id=\"ert_pane1-0\"><\/p>\n<p><strong>Publication ethics and malpractice statement<\/strong><\/p>\n<p style=\"text-align: left;\">The Plural. History. Culture. Society Journal of History and Geography Department, \u201eIon Creanga\u201d Pedagogical State University of Chisinau is seeking to publish rigorous, well-written, high-quality, high-impact papers. Therefore, ethical integrity is an essential part of the writing and publication process. Important ethical concerns to consider while writing and submitting a manuscript include etiquette, fraudulent publication, plagiarism, duplicate publication, authorship, and potential for conflict of interest. As an academic online publication, Plural. History. Culture. Society Journal is based on respecting the ethical integrity in writing and publication according to the \u2019Ethics for researchers\u2019\u00a0\u2019Ethics for researchers\u2019,\u00a0<a href=\"http:\/\/ec.europa.eu\/research\/participants\/data\/ref\/fp7\/89888\/ethics-for-researchers_en.pdf\" target=\"_blank\" rel=\"noopener noreferrer\">http:\/\/ec.europa.eu\/research\/participants\/data\/ref\/fp7\/89888\/ethics-for-researchers_en.pdf<\/a>; The European Code of Conduct for Research Integrity\u2019,\u00a0<a href=\"https:\/\/ec.europa.eu\/research\/participants\/data\/ref\/h2020\/other\/hi\/h2020-ethics_code-of-conduct_en.pdf\" target=\"_blank\" rel=\"noopener noreferrer\">http:\/\/ec.europa.eu\/research\/participants\/data\/ref\/h2020\/other\/hi\/h2020-ethics_code-of-conduct_en.pdf<\/a>\u00a0and follows the Core Practices from the Committee on Publication Ethics,\u00a0<a href=\"https:\/\/publicationethics.org\/files\/editable-bean\/COPE_Core_Practices_0.pdf\" target=\"_blank\" rel=\"noopener noreferrer\">http:\/\/publicationethics.org\/files\/Code-Conduct2.pdf<\/a>.<\/p>\n<p>The journal will strictly follow the regulations regarding citations and copyright. The research published in this journal will be carried out respecting the principles of Integrity in Research Publishing. In accordance with the code of conduct, Plural. History. Culture. Society Journal will report any cases of suspected plagiarism or duplicate publishing. Plural. History. Culture. Society Journal reserves the right to use plagiarism-detecting software to screen submitted papers at all times.<\/p>\n<p><strong>Authors <\/strong>must ensure that they have written original works. In addition, they must ensure that the manuscript has not been published elsewhere. Any work or words of other authors, contributors, or sources should be appropriately credited and referenced. Authors are also responsible for language editing before submitting the article. Authors submitting their works to the journal for publication as original articles confirm that the submitted works represent their authors\u2019 contributions and have not been copied or plagiarized in whole or in part from other works without prior citation. The same regulations apply to Internet sites and digital resources. An author automatically adheres to the license agreement before submitting the article. All articles must be submitted using online submission procedure. Submitting a paper simultaneously to more than one publication at a time is a breach of publications ethics.<\/p>\n<p><strong>Editors<\/strong> must ensure a fair double-blind peer-review of the articles submitted for publication. They will strive to prevent any potential conflict of interests between the author and editorial personnel. Editors will also ensure that all the information related to submitted manuscripts is confidential before publishing. The Editor-in-Chief will coordinate the work of the editors.<\/p>\n<p><strong>Reviewers <\/strong>evaluate manuscripts based on content without regard to ethnic origin, gender, sexual orientation, citizenship, religious belief or political philosophy of the authors. They must ensure that all the information related to submitted manuscripts is confidential. They must evaluate the submitted works objectively as well as present clearly their opinions on the reviewed works. A reviewer who deems her\/himself to be unqualified to review the research presented in a manuscript or is not able to deliver the review within a reasonable time frame should notify the Editor-in-Chief.<\/p>\n<p style=\"text-align: justify;\"><\/li><li class=\"tab-pane \" id=\"ert_pane1-1\"><\/p>\n<p><strong>Etica public\u0103rii \u0219i declara\u021bie privind relele practici <\/strong><\/p>\n<p>&nbsp;<\/p>\n<p>Revista Plural. Istorie. Cultur\u0103. Societate, publicat\u0103 de Facultatea de Istorie \u0219i Geografie a Universit\u0103\u021bii Pedagogice de Stat \u201eIon Creang\u0103\u201d din Chi\u0219in\u0103u, \u00ee\u0219i propune s\u0103 publice lucr\u0103ri riguroase, scrise \u00een stil academic, de \u00eenalt\u0103 calitate \u0219i cu un impact semnificativ. \u00cen acest sens, integritatea etic\u0103 reprezint\u0103 o parte esen\u021bial\u0103 a procesului de scriere \u0219i publicare academic\u0103. Printre aspectele etice fundamentale care trebuie luate \u00een considerare \u00een timpul redact\u0103rii \u0219i depunerii unui manuscris pot fi incluse urm\u0103toarele: reguli de etichet\u0103, publicare frauduloas\u0103, plagiat, publicare dubl\u0103, drepturile de autor \u0219i poten\u021bialul pentru conflict de interese. Fiind o publica\u021bie academic\u0103 online, revista Plural. History. Culture. Society se bazeaz\u0103 pe respectarea principiilor de integritate etic\u0103 \u00een domeniul scrierii \u0219i public\u0103rii, \u00een conformitate cu urm\u0103toarele acte normative: \u2019Ethics for researchers\u2019, <a href=\"http:\/\/ec.europa.eu\/research\/participants\/data\/ref\/fp7\/89888\/ethics-for-researchers_en.pdf\">http:\/\/ec.europa.eu\/research\/participants\/data\/ref\/fp7\/89888\/ethics-for-researchers_en.pdf<\/a> \u0219i \u2018The European Code of Conduct for Research Integrity\u2019, <a href=\"http:\/\/ec.europa.eu\/research\/participants\/data\/ref\/h2020\/other\/hi\/h2020-ethics_code-of-conduct_en.pdf%20\">http:\/\/ec.europa.eu\/research\/participants\/data\/ref\/h2020\/other\/hi\/h2020-ethics_code-of-conduct_en.pdf%20<\/a> . Revista se conformeaz\u0103 \u0219i Codului privind Principiile de Baz\u0103 ale Conduitei \u0219i Bunelor Practici pentru Editorii Revistelor \u0218tiin\u021bifice, <a href=\"http:\/\/publicationethics.org\/files\/Code%20of%20Conduct_2.pdf\">http:\/\/publicationethics.org\/files\/Code%20of%20Conduct_2.pdf<\/a>.<\/p>\n<p>Revista se va conforma cu stricte\u021be regulamentelor care privesc principiile de citare \u0219i drepturile de autor. Cercet\u0103rile publicate \u00een aceast\u0103 revist\u0103 vor fi \u00eenterprinse cu respectarea principiilor de Integritate \u00een Publicarea din domeniul Cercet\u0103rii. \u00cen concordan\u021b\u0103 cu propriul s\u0103u cod de conduit\u0103, revista Plural. History. Culture. Society va raporta toate cazurile de suspiciune de plagiat sau dubl\u0103 publicare. Revista Plural. History. Culture. Society \u00ee\u0219i rezerv\u0103 dreptul de a folosi programe de software pentru detectarea plagiatului pentru a verifica lucr\u0103rile depuse spre publicare.<\/p>\n<p><strong>Autorii <\/strong>trebuie s\u0103 se asigure c\u0103 lucr\u0103rile scrise \u0219i depuse spre publicare reprezint\u0103 texte originale de cercetare. Autorii trebuie s\u0103 se asigure, de asemenea, c\u0103 manuscrisul respectiv nu a mai fost publicat \u00een alt\u0103 parte. Orice lucr\u0103ri sau cuvinte ale altor autori, precum \u0219i orice tipuri de contribu\u021bii sau surse ar trebui s\u0103 fie citate \u0219i creditate \u00een mod corespunz\u0103tor. Autorii sunt, de asemenea, responsabili pentru redactarea lingvistic\u0103. Aceasta trebuie efectuat\u0103 \u00eenainte de depunerea manuscrisului. Autorii care \u00ee\u0219i vor depune lucr\u0103rile spre publicare \u00een revist\u0103 \u00een calitate de articole originale confirm\u0103 c\u0103 lucr\u0103rile respective reprezint\u0103 contribu\u021biile proprii ale autorilor \u0219i c\u0103 acestea nu au fost copiate sau plagiate, \u00een \u00eentregime sau \u00een parte, din alte lucr\u0103ri f\u0103r\u0103 citarea prealabil\u0103 a sursei originale. Acelea\u0219i reguli \u0219i principii se aplic\u0103 \u00een cazul siturilor Internet sau al resurselor digitale. Un autor se conformeaz\u0103 \u00een mod automat acordului de licen\u021biere \u00eenaintea depunerii manuscrisului spre publicare. Toate articolele trebuie depuse prin intermediul procedurii de depunere online. Depunerea unui articol simultan la dou\u0103 sau mai multe reviste constituie o \u00eenc\u0103lcare a eticii din domeniul public\u0103rii academice.<\/p>\n<p><strong>Editorii<\/strong> trebuie s\u0103 asigure un sistem de recenzare onest, echidistant, anonim \u0219i incluz\u00e2nd cel pu\u021bin doi recenzen\u021bi \u00een cazul articolelor depuse pentru publicare. Editorii vor face eforturi pentru a preveni orice poten\u021bial conflict de interese \u00eentre autor \u0219i membrii colegiului de redac\u021bie. Editorii vor fi, de asemenea, responsabili\u00a0 de faptul ca toat\u0103 informa\u021bia referitoare la manuscrisele depuse spre publicare s\u0103 r\u0103m\u00e2n\u0103 confiden\u021bial\u0103 \u00eenainte de publicare. Redactorul \u0219ef va coordona activitatea colegiului de redac\u021bie.<\/p>\n<p><strong>Recenzen\u021bii <\/strong>vor evalua manuscrisele exclusiv pe baza con\u021binutului acestora, f\u0103r\u0103 a \u021bine cont de originea etnic\u0103, genul, orientarea sexual\u0103, cet\u0103\u021benia, credin\u021bele religioase sau concep\u021biile \u0219i preferin\u021bele politice ale autorilor. Recenzen\u021bii trebuie s\u0103 se asigure c\u0103 toat\u0103 informa\u021bia referitoare la manuscrisele depuse spre publicare este confiden\u021bial\u0103. Ei trebuie s\u0103 evalueze lucr\u0103rile depuse spre publicare \u00een mod obiectiv, prezent\u00e2ndu-\u0219i opiniile cu privire la textele recenzate \u00een mod clar \u0219i accesibil. Un recenzent care se consider\u0103 necalificat de a recenza rezultatele cercet\u0103rii prezentate \u00eentr-un manuscris sau care nu este \u00een m\u0103sur\u0103 s\u0103 elaboreze recenzia \u00eentr-un termen rezonabil \u00eel va informa despre acest lucru pe redactorul \u0219ef al revistei.<\/p>\n<p><\/li><\/ul><\/div><\/div>\n<p style=\"text-align: center;\">\n","protected":false},"excerpt":{"rendered":"","protected":false},"author":1,"featured_media":0,"parent":10,"menu_order":0,"comment_status":"closed","ping_status":"closed","template":"page-templates\/two-sidebars.php","meta":{"footnotes":""},"class_list":["post-815","page","type-page","status-publish","hentry"],"_links":{"self":[{"href":"https:\/\/plural.upsc.md\/index.php?rest_route=\/wp\/v2\/pages\/815","targetHints":{"allow":["GET"]}}],"collection":[{"href":"https:\/\/plural.upsc.md\/index.php?rest_route=\/wp\/v2\/pages"}],"about":[{"href":"https:\/\/plural.upsc.md\/index.php?rest_route=\/wp\/v2\/types\/page"}],"author":[{"embeddable":true,"href":"https:\/\/plural.upsc.md\/index.php?rest_route=\/wp\/v2\/users\/1"}],"replies":[{"embeddable":true,"href":"https:\/\/plural.upsc.md\/index.php?rest_route=%2Fwp%2Fv2%2Fcomments&post=815"}],"version-history":[{"count":3,"href":"https:\/\/plural.upsc.md\/index.php?rest_route=\/wp\/v2\/pages\/815\/revisions"}],"predecessor-version":[{"id":820,"href":"https:\/\/plural.upsc.md\/index.php?rest_route=\/wp\/v2\/pages\/815\/revisions\/820"}],"up":[{"embeddable":true,"href":"https:\/\/plural.upsc.md\/index.php?rest_route=\/wp\/v2\/pages\/10"}],"wp:attachment":[{"href":"https:\/\/plural.upsc.md\/index.php?rest_route=%2Fwp%2Fv2%2Fmedia&parent=815"}],"curies":[{"name":"wp","href":"https:\/\/api.w.org\/{rel}","templated":true}]}}