{"id":783,"date":"2018-04-25T08:31:20","date_gmt":"2018-04-25T08:31:20","guid":{"rendered":"https:\/\/plural.upsc.md\/?page_id=783"},"modified":"2020-04-28T08:13:59","modified_gmt":"2020-04-28T08:13:59","slug":"plural-vol-v-no-2-2017","status":"publish","type":"page","link":"https:\/\/plural.upsc.md\/?page_id=783","title":{"rendered":"Plural Vol. V, no. 2, 2017"},"content":{"rendered":"<p>CONTENT \/ CUPRINS:<\/p>\n<p>Articles\/ Studii<\/p>\n<ul>\n<li><a href=\"https:\/\/plural.upsc.md\/wp-content\/uploads\/2018\/05\/revista_plural_2_2017_m1.pdf\">Aurel Zanoci, Mihai B\u0103\u0163 (Moldova), The specific features of the Getic fortifications in the Middle Dniester region (the Saharna and Horodi\u015fte-\u0162ipova micro-zones)<\/a> \u00a0<span style=\"color: #0000ff;\"><a style=\"color: #0000ff;\" href=\"https:\/\/doi.org\/10.37710\/plural.v5i2_1\">https:\/\/doi.org\/10.37710\/plural.v5i2_1<\/a><\/span><\/li>\n<li><a href=\"https:\/\/plural.upsc.md\/wp-content\/uploads\/2018\/05\/revista_plural_2_2017_m2.pdf\">Ma\u0142gorzata Daszkiewicz, Michael Meyer, Octavian Munteanu, Vasile Iarmulschi (Poland, Deutschland, Moldova), Pottery found at the Horodca Mic\u0103 and Ulmu Iron Age settlements \u2013 results of archaeoceramological analysis<\/a> \u00a0<span style=\"color: #0000ff;\"><a style=\"color: #0000ff;\" href=\"https:\/\/doi.org\/10.37710\/plural.v5i2_2\">https:\/\/doi.org\/10.37710\/plural.v5i2_2<\/a><\/span><\/li>\n<li><a href=\"https:\/\/plural.upsc.md\/wp-content\/uploads\/2018\/05\/revista_plural_2_2017_m3.pdf\">Andrzej Micha\u0142owski, Milena Teska (Poland), Formation of the younger Pre-Roman Iron Age cultural model in Wielkopolska<\/a> \u00a0<span style=\"color: #0000ff;\"><a style=\"color: #0000ff;\" href=\"https:\/\/doi.org\/10.37710\/plural.v5i2_3\">https:\/\/doi.org\/10.37710\/plural.v5i2_3<\/a><\/span><\/li>\n<li><a href=\"https:\/\/plural.upsc.md\/wp-content\/uploads\/2018\/05\/revista_plural_2_2017_m4.pdf\">Vitalie B\u00e2rc\u0103 (Romania), Notes on the metal pyxides recently discovered in the Sarmatian environment south the Lower Mure\u0219 River<\/a> \u00a0<span style=\"color: #0000ff;\"><a style=\"color: #0000ff;\" href=\"https:\/\/doi.org\/10.37710\/plural.v5i2_4\">https:\/\/doi.org\/10.37710\/plural.v5i2_4<\/a><\/span><\/li>\n<li><a href=\"https:\/\/plural.upsc.md\/wp-content\/uploads\/2018\/05\/revista_plural_2_2017_m5.pdf\">Vlad Vornic, Sergiu Matveev (Moldova), Archaeological research at Lipoveni II \u2013 La Nisip\u0103rie site (2013-2016)<\/a> \u00a0<span style=\"color: #0000ff;\"><a style=\"color: #0000ff;\" href=\"https:\/\/doi.org\/10.37710\/plural.v5i2_5\">https:\/\/doi.org\/10.37710\/plural.v5i2_5<\/a><\/span><\/li>\n<li><a href=\"https:\/\/plural.upsc.md\/wp-content\/uploads\/2018\/05\/revista_plural_2_2017_m6.pdf\">Thomas Belling (Deutschland), Antike Grabst\u00f6rungen auf dem fr\u00fchmittelalterlichen Gr\u00e4berfeld K\u00f6ln-M\u00fcngersdorf\u00a0\/ Ancient Grave Manipulation at the Early Medieval Burial Site K\u00f6ln-M\u00fcngersdorf<\/a>\u00a0\u00a0<span style=\"color: #0000ff;\"><a style=\"color: #0000ff;\" href=\"https:\/\/doi.org\/10.37710\/plural.v5i2_6\">https:\/\/doi.org\/10.37710\/plural.v5i2_6<\/a><\/span><\/li>\n<li><a href=\"https:\/\/plural.upsc.md\/wp-content\/uploads\/2018\/05\/revista_plural_2_2017_m7.pdf\">Jes Martens (Norvay), Settlement Archaeology in Southern Scandinavia. Preconditions and Prospecting Methods<\/a>\u00a0 <span style=\"color: #0000ff;\"><a style=\"color: #0000ff;\" href=\"https:\/\/doi.org\/10.37710\/plural.v5i2_7\">https:\/\/doi.org\/10.37710\/plural.v5i2_7<\/a><\/span><\/li>\n<li><a href=\"https:\/\/plural.upsc.md\/wp-content\/uploads\/2018\/05\/revista_plural_2_2017_m8.pdf\">Franka H\u00f6ppner, Bj\u00f6rn Rauchfu\u00df (Deutschland), Die Tierknochenfunde von zwei Siedlungspl\u00e4tzen der vorr\u00f6mischen Eisenzeit bei Gro\u00df Luckow, Lkr. Vorpommern-Greifswald\u00a0(Mecklenburg-Vorpommern)\u00a0\/ Animal Bone Finds from Two Settlements of the Pre-Roman Iron Age Near Gro\u00df Luckow, Vorpommern-Greifswald (Mecklenburg-Vorpommern)<\/a> <span style=\"color: #0000ff;\"><a style=\"color: #0000ff;\" href=\"https:\/\/doi.org\/10.37710\/plural.v5i2_8\">https:\/\/doi.org\/10.37710\/plural.v5i2_8<\/a><\/span><\/li>\n<\/ul>\n<p>Aniversaria<\/p>\n<ul>\n<li><a href=\"https:\/\/plural.upsc.md\/wp-content\/uploads\/2018\/05\/revista_plural_2_2017_a1.pdf\">Profesorul Mircea Babe\u0219 la 75 de ani \/ Professor Mircea Babe\u0219 at His Seventy-Fifth Anniversary (Vasile Iarmulschi)<\/a>\u00a0<span style=\"color: #0000ff;\"><a style=\"color: #0000ff;\" href=\"https:\/\/doi.org\/10.37710\/plural.v5i2_9\">\u00a0https:\/\/doi.org\/10.37710\/plural.v5i2_9<\/a><\/span><\/li>\n<li><a href=\"https:\/\/plural.upsc.md\/wp-content\/uploads\/2018\/05\/revista_plural_2_2017_a2.pdf\">Schi\u0163\u0103 de portret jubiliar. Vasile Haheu la 60 de ani \/ Sketch of an Anniversary Portrait\u00a0: Vasile Haheu at Sixty (Dumitru Bratco)<\/a>\u00a0 <span style=\"color: #0000ff;\"><a style=\"color: #0000ff;\" href=\"https:\/\/doi.org\/10.37710\/plural.v5i2_10\">https:\/\/doi.org\/10.37710\/plural.v5i2_10<\/a><\/span><\/li>\n<li><a href=\"https:\/\/plural.upsc.md\/wp-content\/uploads\/2018\/05\/revista_plural_2_2017_a3.pdf\">\u041a \u044e\u0431\u0438\u043b\u0435\u044e \u0421\u0435\u0440\u0433\u0435\u044f \u0418\u0432\u0430\u043d\u043e\u0432\u0438\u0447\u0430 \u041a\u0443\u0440\u0447\u0430\u0442\u043e\u0432\u0430 \/ At the Anniversary of Sergey Ivanovich Kurchatov (\u041d\u0438\u043a\u043e\u043b\u0430\u0439 \u0422\u0435\u043b\u044c\u043d\u043e\u0432)<\/a> <span style=\"color: #0000ff;\"><a style=\"color: #0000ff;\" href=\"https:\/\/doi.org\/10.37710\/plural.v5i2_11\">https:\/\/doi.org\/10.37710\/plural.v5i2_11<\/a><\/span><\/li>\n<li><a href=\"https:\/\/plural.upsc.md\/wp-content\/uploads\/2018\/05\/revista_plural_2_2017_a4.pdf\">Arheologul \u015fi muzeograful Alexandru Levinschi la 60 de ani\u00a0\/ The Archaeologist and Museographer Alexandru Levinschi at his Sixtieth Anniversary (Larisa Ciobanu)<\/a>\u00a0 <span style=\"color: #0000ff;\"><a style=\"color: #0000ff;\" href=\"https:\/\/doi.org\/10.37710\/plural.v5i2_12\">https:\/\/doi.org\/10.37710\/plural.v5i2_12<\/a><\/span><\/li>\n<li><a href=\"https:\/\/plural.upsc.md\/wp-content\/uploads\/2018\/05\/revista_plural_2_2017_a5.pdf\">Ion Tentiuc la 60 de ani \/ Ion Tentiuc at Sixty (Ludmila Bacumenco-P\u00eern\u0103u)<\/a> \u00a0<span style=\"color: #0000ff;\"><a style=\"color: #0000ff;\" href=\"https:\/\/doi.org\/10.37710\/plural.v5i2_13\">https:\/\/doi.org\/10.37710\/plural.v5i2_13<\/a><\/span><\/li>\n<\/ul>\n<p>Obituaria<\/p>\n<ul>\n<li><a href=\"https:\/\/plural.upsc.md\/wp-content\/uploads\/2018\/05\/revista_plural_2_2017_o.pdf\">Veghea etern\u0103 a celui care a fost Ioan Glodariu \/ Ioan Glodariu\u2019s Eternal Watch (Octavian Munteanu)<\/a> \u00a0<span style=\"color: #0000ff;\"><a style=\"color: #0000ff;\" href=\"https:\/\/doi.org\/10.37710\/plural.v5i2_14\">https:\/\/doi.org\/10.37710\/plural.v5i2_14<\/a><\/span><\/li>\n<\/ul>\n<p>&nbsp;<\/p>\n<ul>\n<li><a href=\"https:\/\/plural.upsc.md\/wp-content\/uploads\/2018\/05\/revista_plural_2_2017_a.pdf\">Authors\u2019 Short Biographies \/ Date despre autori<\/a><\/li>\n<li><a href=\"https:\/\/plural.upsc.md\/wp-content\/uploads\/2018\/05\/revista_plural_2_2017_l.pdf\">Submission Guidelines \/ Not\u0103 pentru autori<\/a><\/li>\n<\/ul>\n","protected":false},"excerpt":{"rendered":"<p>CONTENT \/ CUPRINS: Articles\/ Studii Aurel Zanoci, Mihai B\u0103\u0163 (Moldova), The specific features of the Getic fortifications in the Middle Dniester region (the Saharna and Horodi\u015fte-\u0162ipova micro-zones) \u00a0https:\/\/doi.org\/10.37710\/plural.v5i2_1 Ma\u0142gorzata Daszkiewicz, [&hellip;]<\/p>\n","protected":false},"author":1,"featured_media":0,"parent":12,"menu_order":0,"comment_status":"closed","ping_status":"closed","template":"page-templates\/two-sidebars.php","meta":{"footnotes":""},"class_list":["post-783","page","type-page","status-publish","hentry"],"_links":{"self":[{"href":"https:\/\/plural.upsc.md\/index.php?rest_route=\/wp\/v2\/pages\/783","targetHints":{"allow":["GET"]}}],"collection":[{"href":"https:\/\/plural.upsc.md\/index.php?rest_route=\/wp\/v2\/pages"}],"about":[{"href":"https:\/\/plural.upsc.md\/index.php?rest_route=\/wp\/v2\/types\/page"}],"author":[{"embeddable":true,"href":"https:\/\/plural.upsc.md\/index.php?rest_route=\/wp\/v2\/users\/1"}],"replies":[{"embeddable":true,"href":"https:\/\/plural.upsc.md\/index.php?rest_route=%2Fwp%2Fv2%2Fcomments&post=783"}],"version-history":[{"count":15,"href":"https:\/\/plural.upsc.md\/index.php?rest_route=\/wp\/v2\/pages\/783\/revisions"}],"predecessor-version":[{"id":1065,"href":"https:\/\/plural.upsc.md\/index.php?rest_route=\/wp\/v2\/pages\/783\/revisions\/1065"}],"up":[{"embeddable":true,"href":"https:\/\/plural.upsc.md\/index.php?rest_route=\/wp\/v2\/pages\/12"}],"wp:attachment":[{"href":"https:\/\/plural.upsc.md\/index.php?rest_route=%2Fwp%2Fv2%2Fmedia&parent=783"}],"curies":[{"name":"wp","href":"https:\/\/api.w.org\/{rel}","templated":true}]}}