{"id":738,"date":"2017-12-22T08:20:37","date_gmt":"2017-12-22T08:20:37","guid":{"rendered":"https:\/\/plural.upsc.md\/?page_id=738"},"modified":"2020-04-28T08:39:43","modified_gmt":"2020-04-28T08:39:43","slug":"plural-vol-v-no-1-2017","status":"publish","type":"page","link":"https:\/\/plural.upsc.md\/?page_id=738","title":{"rendered":"Plural Vol. V, no. 1, 2017"},"content":{"rendered":"<p style=\"text-align: center;\"><a href=\"https:\/\/plural.upsc.md\/wp-content\/uploads\/2017\/12\/00-Cuprins.pdf\"><strong>CONTENT \/ CUPRINS:<\/strong><\/a><\/p>\n<p><strong>Articles\/ Studii<\/strong><\/p>\n<ul>\n<li><a href=\"https:\/\/plural.upsc.md\/wp-content\/uploads\/2017\/12\/01-Legner.pdf\"><strong>Mattias LEGN\u00c9R<\/strong>\u00a0(Sweden),<em>\u00a0Securitizing the past: a discussion on the connections between heritage and security<\/em><\/a><em>\u00a0 <\/em><a href=\"https:\/\/doi.org\/10.37710\/plural.v5i1_1\"><span style=\"color: #0000ff;\">https:\/\/doi.org\/10.37710\/plural.v5i1_1<\/span><\/a><\/li>\n<li><a href=\"https:\/\/plural.upsc.md\/wp-content\/uploads\/2017\/12\/02-Musteata.pdf\"><strong>Sergiu MUSTEA\u021a\u0102<\/strong>\u00a0(Moldova),\u00a0<em>Politica mo\u0219tenirii culturale \u00een Suedia: tradi\u021bii \u0219i practici ale unui management eficient\u00a0\/ The Politics of Cultural Legacy in Sweden: Traditions and Practices of an Effective Management<\/em><\/a> <span style=\"color: #0000ff;\"><a style=\"color: #0000ff;\" href=\"https:\/\/doi.org\/10.37710\/plural.v5i1_2\">https:\/\/doi.org\/10.37710\/plural.v5i1_2<\/a><\/span><\/li>\n<li><a href=\"https:\/\/plural.upsc.md\/wp-content\/uploads\/2017\/12\/03-Strobel.pdf\"><strong>Michael STROBEL<\/strong>\u00a0(Germany),\u00a0<em>Problems and perspectives of archaeological heritage management in intensively used agricultural landscapes \u2013 best-practice models from Saxony (Germany)<\/em><\/a><span style=\"color: #0000ff;\"><em> \u00a0<\/em><a style=\"color: #0000ff;\" href=\"https:\/\/doi.org\/10.37710\/plural.v5i1_3\">https:\/\/doi.org\/10.37710\/plural.v5i1_3<\/a><\/span><\/li>\n<li><a href=\"https:\/\/plural.upsc.md\/wp-content\/uploads\/2017\/12\/04-Calazans.pdf\"><strong>Mar\u00edlia Oliveira CALAZANS<\/strong>\u00a0(Brazil),\u00a0<em>Bonding together the pasts: the mining of lime in Brazilian shell mounds<\/em><\/a><em>\u00a0 <\/em><a href=\"https:\/\/doi.org\/10.37710\/plural.v5i1_4\"><span style=\"color: #0000ff;\">https:\/\/doi.org\/10.37710\/plural.v5i1_4<\/span><\/a><\/li>\n<li><a href=\"https:\/\/plural.upsc.md\/wp-content\/uploads\/2017\/12\/04-1-Basu.pdf\"><strong>Asmita BASU<\/strong>\u00a0(India),\u00a0<em>The role of corporate sectors in preserving archaeological &amp; cultural heritage in India<\/em><\/a> <span style=\"color: #0000ff;\"><a style=\"color: #0000ff;\" href=\"https:\/\/doi.org\/10.37710\/plural.v5i1_5\">https:\/\/doi.org\/10.37710\/plural.v5i1_5<\/a><\/span><\/li>\n<li><a href=\"https:\/\/plural.upsc.md\/wp-content\/uploads\/2017\/12\/05-Dobre.pdf\"><strong>Lauren\u021biu Marin DOBRE<\/strong>\u00a0(Rom\u00e2nia),\u00a0<em>Arheologie subacvatic\u0103 \u00een Rom\u00e2nia competen\u021b\u0103, siguran\u021b\u0103 \u0219i legalitate \u00een scufundarea arheologic\u0103\u00a0\/ Underwater Archaeology in Romania: Competence, Safety, and Legality in Archaeological Diving<\/em><\/a> <span style=\"color: #0000ff;\"><a style=\"color: #0000ff;\" href=\"https:\/\/doi.org\/10.37710\/plural.v5i1_6\">https:\/\/doi.org\/10.37710\/plural.v5i1_6<\/a><\/span><\/li>\n<li><a href=\"https:\/\/plural.upsc.md\/wp-content\/uploads\/2017\/12\/06-Arpentii.pdf\"><strong>Irina ARPENTII<\/strong>\u00a0(Moldova),\u00a0<em>Cultural heritage management, the Polish experience<\/em><\/a><em> \u00a0<\/em><span style=\"color: #0000ff;\"><a style=\"color: #0000ff;\" href=\"https:\/\/doi.org\/10.37710\/plural.v5i1_7\">https:\/\/doi.org\/10.37710\/plural.v5i1_7<\/a><\/span><\/li>\n<li><a href=\"https:\/\/plural.upsc.md\/wp-content\/uploads\/2017\/12\/07-Talpa.pdf\"><strong>Ina TALP\u0102<\/strong>\u00a0(Italia),\u00a0<strong>Sergiu MUSTEA\u021a\u0102<\/strong>\u00a0(Moldavia),\u00a0<em>Le misure di protezione del patrimonio archeologico nella Repubblica di Moldavia\u00a0\/ The Measures for the Protection of Archaeological Heritage in the Republic of Moldova<\/em><\/a><em> \u00a0<\/em><span style=\"color: #0000ff;\"><a style=\"color: #0000ff;\" href=\"https:\/\/doi.org\/10.37710\/plural.v5i1_8\">https:\/\/doi.org\/10.37710\/plural.v5i1_8<\/a><\/span><\/li>\n<li><a href=\"https:\/\/plural.upsc.md\/wp-content\/uploads\/2017\/12\/08-Brown.pdf\"><strong>Duncan H. BROWN\u00a0<\/strong>(England),<strong>\u00a0David BIBBY\u00a0<\/strong>(Germany) EAC Working Group for Archaeological Archives,\u00a0<em>A European View of Selecting for Archaeological Archives<\/em><\/a><em>\u00a0 <\/em><span style=\"color: #0000ff;\"><a style=\"color: #0000ff;\" href=\"https:\/\/doi.org\/10.37710\/plural.v5i1_9\">https:\/\/doi.org\/10.37710\/plural.v5i1_9<\/a><\/span><\/li>\n<li><a href=\"https:\/\/plural.upsc.md\/wp-content\/uploads\/2017\/12\/09-Gligor.pdf\"><strong>Mihai GLIGOR\u00a0<\/strong><em>Precucuteni-type ceramic artefacts from Transylvania (Romania)<\/em><\/a><em> \u00a0<\/em><span style=\"color: #0000ff;\"><a style=\"color: #0000ff;\" href=\"https:\/\/doi.org\/10.37710\/plural.v5i1_10\">https:\/\/doi.org\/10.37710\/plural.v5i1_10<\/a><\/span><\/li>\n<\/ul>\n<p><strong>Interviews\/ Interviuri<\/strong><\/p>\n<ul>\n<li><em><a href=\"https:\/\/plural.upsc.md\/wp-content\/uploads\/2017\/12\/10-Curta.pdf\">Despre Transilvania, Bucure\u0219ti, Basarabia, slavi medievali \u0219i multe altele\u2026 Interviu cu profesorul Florin Curta, Universitatea din Florida, SUA\u00a0\/ About Transylvania, Bucharest, Bessarabia, Medieval Slavs, and Much More&#8230; An Interview with Professor Florin Curta, University of Florida, USA (<strong>Iurie Stamati, Sergiu Mustea\u021b\u0103<\/strong>)<\/a>\u00a0 <\/em><span style=\"color: #0000ff;\"><a style=\"color: #0000ff;\" href=\"https:\/\/doi.org\/10.37710\/plural.v5i1_11\">https:\/\/doi.org\/10.37710\/plural.v5i1_11<\/a><\/span><em><br \/>\n<\/em><\/li>\n<li><a href=\"https:\/\/plural.upsc.md\/wp-content\/uploads\/2019\/04\/11-Spinei2.pdf\"><em>Din periplul biografic al unui distins istoric. Interviu cu academicianul\u00a0Victor Spinei, Ia\u0219i, Rom\u00e2nia\u00a0\/ From the Biographical Journey of a Distinguished Historian. An Interview with Victor Spinei, Member of the Romanian Academy, Ia\u0219i, Romania<\/em>\u00a0(<strong>Iurie Stamati, Sergiu Mustea\u021b\u0103<\/strong>)<\/a> \u00a0<span style=\"color: #0000ff;\"><a style=\"color: #0000ff;\" href=\"https:\/\/doi.org\/10.37710\/plural.v5i1_12\">https:\/\/doi.org\/10.37710\/plural.v5i1_12<\/a><\/span><\/li>\n<\/ul>\n<p><strong>Book Reviews\/ Recenzii<\/strong><\/p>\n<ul>\n<li><a href=\"https:\/\/plural.upsc.md\/wp-content\/uploads\/2017\/12\/12-Barbier.pdf\">Marc BARBIER,\u00a0<em>L\u00b4artisanat de l\u00b4os \u00e0 l\u00b4\u00e9poque Gallo-Romaine. De l\u00b4ost\u00e9ologie \u00e0 l\u00b4arch\u00e9ologie exp\u00e9rimentale,\u00a0<\/em>Archaeopress Roman Archaeology 16, Oxford: Archaeopress Publishing Ltd, 2016. (<strong>Sergiu Mustea\u021b\u0103, Lumini\u0163a Bejenaru<\/strong>)<\/a> \u00a0<span style=\"color: #0000ff;\"><a style=\"color: #0000ff;\" href=\"https:\/\/doi.org\/10.37710\/plural.v5i1_13\">https:\/\/doi.org\/10.37710\/plural.v5i1_13<\/a><\/span><\/li>\n<li><a href=\"https:\/\/plural.upsc.md\/wp-content\/uploads\/2017\/12\/13-Stapp.pdf\"><em>Despre dezastre arheologice \u00een SUA \u0219i patrimoniul rom\u00e2nesc.\u00a0<\/em>Darby C. STAPP, Julia G. LONGENECKER,\u00a0<em>Avoiding Archaeological Disasters. A Risk Management Approach,\u00a0<\/em>Series: Techniques &amp; Issues in Cultural Resource Management (Book 2), Walnut Creek: Left Coast Press Inc., 2009. (<strong>Sorin Nemeti<\/strong>)<\/a>\u00a0\u00a0<span style=\"color: #0000ff;\"><a style=\"color: #0000ff;\" href=\"https:\/\/doi.org\/10.37710\/plural.v5i1_14\">https:\/\/doi.org\/10.37710\/plural.v5i1_14<\/a><\/span><\/li>\n<\/ul>\n<p><strong>Scholarly life \/\u00a0<\/strong><strong>Via\u021ba \u0219tiin\u021bific\u0103<\/strong><\/p>\n<ul>\n<li><a href=\"https:\/\/plural.upsc.md\/wp-content\/uploads\/2017\/12\/14-Scholary.pdf\">Sommerschule \u201eDie politische Dimension sozialer Arbeit \u2013 Die Republik Moldau und Ukraine in der \u00d6stlichen Partnerschaft \/ Summer School: \u201eThe Political Dimension of Social Work. The Republic of Moldova and Ukraine within the Eastern Partnership.\u201d (<strong>Iris REHKLAU<\/strong>)<\/a>\u00a0\u00a0<span style=\"color: #0000ff;\"><a style=\"color: #0000ff;\" href=\"https:\/\/doi.org\/10.37710\/plural.v5i1_15\">https:\/\/doi.org\/10.37710\/plural.v5i1_15<\/a><\/span><\/li>\n<\/ul>\n","protected":false},"excerpt":{"rendered":"<p>CONTENT \/ CUPRINS: Articles\/ Studii Mattias LEGN\u00c9R\u00a0(Sweden),\u00a0Securitizing the past: a discussion on the connections between heritage and security\u00a0 https:\/\/doi.org\/10.37710\/plural.v5i1_1 Sergiu MUSTEA\u021a\u0102\u00a0(Moldova),\u00a0Politica mo\u0219tenirii culturale \u00een Suedia: tradi\u021bii \u0219i practici ale unui [&hellip;]<\/p>\n","protected":false},"author":1,"featured_media":0,"parent":12,"menu_order":0,"comment_status":"closed","ping_status":"closed","template":"page-templates\/two-sidebars.php","meta":{"footnotes":""},"class_list":["post-738","page","type-page","status-publish","hentry"],"_links":{"self":[{"href":"https:\/\/plural.upsc.md\/index.php?rest_route=\/wp\/v2\/pages\/738","targetHints":{"allow":["GET"]}}],"collection":[{"href":"https:\/\/plural.upsc.md\/index.php?rest_route=\/wp\/v2\/pages"}],"about":[{"href":"https:\/\/plural.upsc.md\/index.php?rest_route=\/wp\/v2\/types\/page"}],"author":[{"embeddable":true,"href":"https:\/\/plural.upsc.md\/index.php?rest_route=\/wp\/v2\/users\/1"}],"replies":[{"embeddable":true,"href":"https:\/\/plural.upsc.md\/index.php?rest_route=%2Fwp%2Fv2%2Fcomments&post=738"}],"version-history":[{"count":13,"href":"https:\/\/plural.upsc.md\/index.php?rest_route=\/wp\/v2\/pages\/738\/revisions"}],"predecessor-version":[{"id":1067,"href":"https:\/\/plural.upsc.md\/index.php?rest_route=\/wp\/v2\/pages\/738\/revisions\/1067"}],"up":[{"embeddable":true,"href":"https:\/\/plural.upsc.md\/index.php?rest_route=\/wp\/v2\/pages\/12"}],"wp:attachment":[{"href":"https:\/\/plural.upsc.md\/index.php?rest_route=%2Fwp%2Fv2%2Fmedia&parent=738"}],"curies":[{"name":"wp","href":"https:\/\/api.w.org\/{rel}","templated":true}]}}