{"id":670,"date":"2017-03-08T21:16:17","date_gmt":"2017-03-08T21:16:17","guid":{"rendered":"https:\/\/plural.upsc.md\/?page_id=670"},"modified":"2020-04-28T09:18:26","modified_gmt":"2020-04-28T09:18:26","slug":"plural-vol-iv-no-2-2016","status":"publish","type":"page","link":"https:\/\/plural.upsc.md\/?page_id=670","title":{"rendered":"Plural Vol. IV, no. 2, 2016"},"content":{"rendered":"<p style=\"text-align: center;\"><strong>CONTENT \/ CUPRINS:<\/strong><\/p>\n<p style=\"text-align: left;\"><strong>Articles\/ Studii<\/strong><\/p>\n<ul style=\"list-style-type: disc;\">\n<li style=\"text-align: justify;\"><a href=\"https:\/\/plural.upsc.md\/?sdm_downloads=florin-curta-sua-2\" target=\"_blank\" rel=\"noopener noreferrer\"><strong>Florin CURTA <\/strong>(SUA), Monede, castre \u015fi schimburi comerciale \u00een peninsula Balcanic\u0103 (sec. VI \u2013 \u00eenceputul sec. VII)\u00a0\/ Coins, Fortifications, and Commercial Exchanges in the Balkan Peninsula during the Sixth and the Early Seventh Century<\/a> \u00a0<span style=\"color: #0000ff;\"><a style=\"color: #0000ff;\" href=\"https:\/\/doi.org\/10.37710\/plural.v4i2_1\">https:\/\/doi.org\/10.37710\/plural.v4i2_1<\/a><\/span><\/li>\n<li style=\"text-align: justify;\"><a href=\"https:\/\/plural.upsc.md\/wp-content\/uploads\/2017\/03\/02-IHRIG.pdf\"><strong>Stefan IHRIG<\/strong> (Israel), Transnational and entangled histories of National Socialism? The Turkish dimension of German interwar<\/a> \u00a0<span style=\"color: #0000ff;\"><a style=\"color: #0000ff;\" href=\"https:\/\/doi.org\/10.37710\/plural.v4i2_2\">https:\/\/doi.org\/10.37710\/plural.v4i2_2<\/a><\/span><\/li>\n<li style=\"text-align: justify;\"><a href=\"https:\/\/plural.upsc.md\/wp-content\/uploads\/2017\/03\/03-\u0428\u0415\u0412\u0427\u0415\u041d\u041a\u041e.pdf\"><strong>\u0420\u0443\u0441\u043b\u0430\u043d \u0428\u0415\u0412\u0427\u0415\u041d\u041a\u041e <\/strong>(\u041c\u043e\u043b\u0434\u043e\u0432\u0430), \u0421\u043e\u0432\u0435\u0442\u0441\u043a\u0430\u044f \u043f\u043e\u043b\u0438\u0442\u0438\u043a\u0430 \u043e\u0440\u0433\u0430\u043d\u0438\u0437\u043e\u0432\u0430\u043d\u043d\u043e\u0439 \u043c\u0438\u0433\u0440\u0430\u0446\u0438\u0438. \u041f\u0440\u0438\u043c\u0435\u0440 \u041c\u043e\u043b\u0434\u0430\u0432\u0441\u043a\u043e\u0439 \u0421\u0421\u0420 (1940-1971 \u0433\u0433.). \u0427\u0430\u0441\u0442\u044c I: 1940-1941, 1944-1956 \u0433\u0433.\u00a0\/ The Soviet Policy of Organized Migration. The Case of the Moldavian SSR (1940-1971). Part I: 1940-41, 1944-1956.<\/a> <span style=\"color: #0000ff;\">\u00a0<a style=\"color: #0000ff;\" href=\"https:\/\/doi.org\/10.37710\/plural.v4i2_3\">https:\/\/doi.org\/10.37710\/plural.v4i2_3<\/a><\/span><\/li>\n<li style=\"text-align: justify;\"><a href=\"https:\/\/plural.upsc.md\/wp-content\/uploads\/2017\/03\/04-DZYADEVYCH.pdf\"><strong>Tetyana DZYADEVYCH <\/strong>(USA), Rape in World War II film: comparing narrations<\/a> \u00a0<span style=\"color: #0000ff;\"><a style=\"color: #0000ff;\" href=\"https:\/\/doi.org\/10.37710\/plural.v4i2_4\">https:\/\/doi.org\/10.37710\/plural.v4i2_4<\/a><\/span><\/li>\n<li style=\"text-align: justify;\"><a href=\"https:\/\/plural.upsc.md\/wp-content\/uploads\/2017\/03\/05-\u041c\u0410\u0420\u0423\u0422\u042f\u041d.pdf\"><strong>\u0410\u0440\u0443\u0442\u044e\u043d \u041c\u0410\u0420\u0423\u0422\u042f\u041d <\/strong>(\u0410\u0440\u043c\u0435\u043d\u0438\u044f), \u041a\u0430\u043a \u043f\u043e\u043c\u043d\u044f\u0442 \u0412\u0435\u043b\u0438\u043a\u0443\u044e \u041e\u0442\u0435\u0447\u0435\u0441\u0442\u0432\u0435\u043d\u043d\u0443\u044e \u0432 \u0410\u0440\u043c\u0435\u043d\u0438\u0438: \u043d\u0435\u043a\u043e\u0442\u043e\u0440\u044b\u0435 \u043d\u0430\u0431\u043b\u044e\u0434\u0435\u043d\u0438\u044f\u00a0\/ How the Great Patriotic War Is Remembered in Armenia: Some Observations<\/a> <span style=\"color: #0000ff;\"><a style=\"color: #0000ff;\" href=\"https:\/\/doi.org\/10.37710\/plural.v4i2_5\">https:\/\/doi.org\/10.37710\/plural.v4i2_5<\/a><\/span><\/li>\n<li style=\"text-align: justify;\"><a href=\"https:\/\/plural.upsc.md\/wp-content\/uploads\/2017\/03\/06-SANDLE.pdf\"><strong>Mark SANDLE, Igor CA\u0218U <\/strong>(Canada\/Moldova), Leonid Brezhnev in Moldavia, 1950-52: the making of a GenSek?<\/a>\u00a0 <span style=\"color: #0000ff;\"><a style=\"color: #0000ff;\" href=\"https:\/\/doi.org\/10.37710\/plural.v4i2_6\">https:\/\/doi.org\/10.37710\/plural.v4i2_6<\/a><\/span><\/li>\n<li style=\"text-align: justify;\"><a href=\"https:\/\/plural.upsc.md\/wp-content\/uploads\/2017\/03\/07-CULICIU.pdf\"><strong>Cristian CULICIU<\/strong> (Rom\u00e2nia), Cultul personalit\u0103\u021bii lui Nicolae Ceau\u0219escu reflectat \u00een marcarea unor s\u0103rb\u0103tori na\u021bionale \u0219i interna\u021bionale\u00a0\/ Nicolae Ceau\u0219escu\u2019s Cult of Personality Reflected in the Celebration of Certain National and International Holidays<\/a>\u00a0<a href=\"https:\/\/doi.org\/10.37710\/plural.v4i2_7\"><span style=\"color: #0000ff;\">\u00a0https:\/\/doi.org\/10.37710\/plural.v4i2_7<\/span><\/a><\/li>\n<li style=\"text-align: justify;\"><a href=\"https:\/\/plural.upsc.md\/wp-content\/uploads\/2017\/03\/08-CIMPOESU.pdf\"><strong>Dorin CIMPOE\u015eU <\/strong>(Rom\u00e2nia), Scurt\u0103 istorie critic\u0103 a rela\u0163iilor bilaterale dintre Rom\u00e2nia \u015fi Republica Moldova (1991-2016) \/ A Brief Critical History of the Bilateral Relations between Romania and the Republic of Moldova (1991-2016)<\/a>\u00a0<span style=\"color: #0000ff;\"><a style=\"color: #0000ff;\" href=\"https:\/\/doi.org\/10.37710\/plural.v4i2_8\">\u00a0https:\/\/doi.org\/10.37710\/plural.v4i2_8<\/a><\/span><\/li>\n<\/ul>\n<p><strong>Interviews\/ Interviuri<\/strong><\/p>\n<ul style=\"list-style-type: disc;\">\n<li style=\"text-align: justify;\"><a href=\"https:\/\/plural.upsc.md\/wp-content\/uploads\/2017\/03\/09-Interviu-cu-Elena-Crudu.pdf\">Interviu cu Elena Crudu despre deport\u0103rile din 1949 \/ Interview with Elena Crudu about the 1949 Deportations (<strong>Lilia Crudu<\/strong>)<\/a> \u00a0<span style=\"color: #0000ff;\"><a style=\"color: #0000ff;\" href=\"https:\/\/doi.org\/10.37710\/plural.v4i2_9\">https:\/\/doi.org\/10.37710\/plural.v4i2_9<\/a><\/span><\/li>\n<li style=\"text-align: justify;\"><a href=\"https:\/\/plural.upsc.md\/wp-content\/uploads\/2017\/03\/10-\u0414\u0438\u043a\u0442\u0430\u0442\u0443\u0440\u0430-\u043f\u0440\u043e\u043b\u0435\u0442\u0430\u0440\u0438\u0430\u0442\u0430.pdf\">\u0414\u0438\u043a\u0442\u0430\u0442\u0443\u0440\u0430 \u043f\u0440\u043e\u043b\u0435\u0442\u0430\u0440\u0438\u0430\u0442\u0430 &#8211; \u044d\u0442\u043e \u0444\u043e\u0440\u043c\u0430 \u043d\u0430\u0441\u0438\u043b\u0438\u044f, \u0440\u0435\u0432\u043e\u043b\u044e\u0446\u0438\u044f &#8211; \u044d\u0442\u043e \u0444\u043e\u0440\u043c\u0430 \u043d\u0430\u0441\u0438\u043b\u0438\u044f: 100 \u043b\u0435\u0442 \u0440\u0443\u0441\u0441\u043a\u043e\u0439 \u0440\u0435\u0432\u043e\u043b\u044e\u0446\u0438\u0438 1917 \u0433\u043e\u0434\u0430. \u0418\u043d\u0442\u0435\u0440\u0432\u044c\u044e \u0441 \u043f\u0440\u043e\u0444\u0435\u0441\u0441\u043e\u0440\u043e\u043c \u042e\u0440\u0438\u0435\u043c \u0421\u043b\u0451\u0437\u043a\u0438\u043d\u044b\u043c, \u041a\u0430\u043b\u0438\u0444\u043e\u0440\u043d\u0438\u0439\u0441\u043a\u0438\u0439 \u0443\u043d\u0438\u0432\u0435\u0440\u0441\u0438\u0442\u0435\u0442 \u0432 \u0411\u0435\u0440\u043a\u043b\u0438 \/ The Dictatorship of the Proletariat Is a Form of Violence, Revolution Is a Form of Violence: One Hundred Years Since the 1917 Russian Revolution. An Interview with Professor Yuri Slezkine, University of California (Berkeley) (<strong>Sergiu Mustea\u021b\u0103<\/strong>)<\/a> \u00a0<span style=\"color: #0000ff;\"><a style=\"color: #0000ff;\" href=\"https:\/\/doi.org\/10.37710\/plural.v4i2_10\">https:\/\/doi.org\/10.37710\/plural.v4i2_10<\/a><\/span><\/li>\n<li style=\"text-align: justify;\"><a href=\"https:\/\/plural.upsc.md\/wp-content\/uploads\/2017\/03\/11-May-2017.pdf\">May 2017 be less wild than 1917. Interview with professor Norman M. Naimark, Stanford University (<strong>Svetlana Suveic\u0103, Sergiu Mustea\u021b\u0103<\/strong>)<\/a> \u00a0<span style=\"color: #0000ff;\"><a style=\"color: #0000ff;\" href=\"https:\/\/doi.org\/10.37710\/plural.v4i2_11\">https:\/\/doi.org\/10.37710\/plural.v4i2_11<\/a><\/span><\/li>\n<li style=\"text-align: justify;\"><a href=\"https:\/\/plural.upsc.md\/wp-content\/uploads\/2017\/03\/12-People-who-want.pdf\">People who want to live in a more liberal world need to push for it strongly. Interview with Professor Francis Fukuyama, Stanford University (<strong>Sergiu Mustea\u021b\u0103<\/strong>)<\/a> \u00a0<span style=\"color: #0000ff;\"><a style=\"color: #0000ff;\" href=\"https:\/\/doi.org\/10.37710\/plural.v4i2_12\">https:\/\/doi.org\/10.37710\/plural.v4i2_12<\/a><\/span><\/li>\n<\/ul>\n<p><strong>Book Reviews\/ Recenzii<\/strong><\/p>\n<ul style=\"list-style-type: disc;\">\n<li style=\"text-align: justify;\"><a href=\"https:\/\/plural.upsc.md\/wp-content\/uploads\/2017\/03\/13-Andrew-Wilson.pdf\">Andrew Wilson &amp; Miko Flohr (Eds), Urban Craftsmen and Traders in the Roman World, Oxford: Oxford University Press, 2016 (<strong>Sergiu MUSTEA\u021a\u0102<\/strong>)<\/a> \u00a0<span style=\"color: #0000ff;\"><a style=\"color: #0000ff;\" href=\"https:\/\/doi.org\/10.37710\/plural.v4i2_13\">https:\/\/doi.org\/10.37710\/plural.v4i2_13<\/a><\/span><\/li>\n<li style=\"text-align: justify;\"><a href=\"https:\/\/plural.upsc.md\/wp-content\/uploads\/2017\/03\/14-Paul-A-Shapiro.pdf\">Paul A. Shapiro, The Kishinev Ghetto, 1941\u20131942. A Documentary History of the Holocaust in Romania\u2019s Contested Borderlands. With chronology by Radu Ioanid and Brewster Chamberlin and translations by Angela Jianu. Tuscaloosa, AL: University of Alabama Press, 2015 (<strong>Svetlana SUVEIC\u0102<\/strong>)<\/a> \u00a0<span style=\"color: #0000ff;\"><a style=\"color: #0000ff;\" href=\"https:\/\/doi.org\/10.37710\/plural.v4i2_14\">https:\/\/doi.org\/10.37710\/plural.v4i2_14<\/a><\/span><\/li>\n<li style=\"text-align: justify;\"><a href=\"https:\/\/plural.upsc.md\/wp-content\/uploads\/2017\/03\/15-Vladimir-Besleaga.pdf\">Vladimir Be\u0219leag\u0103, Tata Vasile \u00een 73 de episoade \u0219i XIV scrisori. Memorii, Chi\u0219in\u0103u: Cartier, 2015 (<strong>Vladimir BULAT<\/strong>)<\/a>\u00a0\u00a0<span style=\"color: #0000ff;\"><a style=\"color: #0000ff;\" href=\"https:\/\/doi.org\/10.37710\/plural.v4i2_15\">https:\/\/doi.org\/10.37710\/plural.v4i2_15<\/a><\/span><\/li>\n<li style=\"text-align: justify;\"><a href=\"https:\/\/plural.upsc.md\/wp-content\/uploads\/2017\/03\/16-Kate-Brown.pdf\">Kate Brown, Plutopia: Nuclear Families, Atomic Cities, and the Great Soviet and American Disasters (New York and London: Oxford University Press, 2013 <strong>(Lynne VIOLA<\/strong>)<\/a> \u00a0<span style=\"color: #0000ff;\"><a style=\"color: #0000ff;\" href=\"https:\/\/doi.org\/10.37710\/plural.v4i2_16\">https:\/\/doi.org\/10.37710\/plural.v4i2_16<\/a><\/span><\/li>\n<li style=\"text-align: justify;\"><a href=\"https:\/\/plural.upsc.md\/wp-content\/uploads\/2017\/03\/17-\u0410\u043d\u0433\u0435\u043b-\u041d\u0438\u043a\u043e\u043b\u043e\u0432.pdf\">\u0410\u043d\u0433\u0435\u043b \u041d\u0438\u043a\u043e\u043b\u043e\u0432, \u0412\u0430\u0441\u0438\u043b \u041a\u044d\u0434\u0440\u0438\u043d\u043e\u0432, \u0412\u0430\u043b\u0435\u043d\u0442\u0438\u043d\u0430 \u041c\u0430\u0440\u0438\u043d\u043e\u0432\u0430, \u0425\u0440\u0438\u0441\u0442\u043e\u043c\u0430\u0442\u0438\u044f \u043f\u043e \u043b\u0438\u0442\u0435\u0440\u0430\u0442\u0443\u0440\u0430 \u0437\u0430 12 \u043a\u043b\u0430\u0441 \u00ab\u0417\u0430\u0431\u0440\u0430\u043d\u0435\u043d\u0438\u0442\u0435 \u043f\u0438\u0441\u0430\u0442\u0435\u043b\u0438\u00bb. \u0421\u043e\u0444\u0438\u044f: \u0426\u0435\u043d\u0442\u044a\u0440 \u00ab\u0425\u0430\u043d\u0430 \u0410\u0440\u0435\u043d\u0434\u00bb, 2013 (<strong>Ivan DUMINICA<\/strong>)<\/a> \u00a0<span style=\"color: #0000ff;\"><a style=\"color: #0000ff;\" href=\"https:\/\/doi.org\/10.37710\/plural.v4i2_17\">https:\/\/doi.org\/10.37710\/plural.v4i2_17<\/a><\/span><\/li>\n<\/ul>\n<p><strong>Scholarly life \/ <\/strong><strong>Via\u021ba \u0219tiin\u021bific\u0103<\/strong><\/p>\n<ul style=\"list-style-type: disc;\">\n<li style=\"text-align: justify;\"><a href=\"https:\/\/plural.upsc.md\/wp-content\/uploads\/2017\/03\/18-Ion-STAVILA.pdf\"><strong>Ion ST\u0102VIL\u0102<\/strong> (Moldova), <em>Cu privire la sursele conflictelor interna\u0163ionale contemporane. <\/em>Lec\u021bie inaugural\u0103 a anului academic 2016-2017, 1 septembrie 2016\u00a0\/ Concerning the Sources of Contemporary International Conflicts. Introductory Lecture of the 2016-2017 Academic Year. September 1, 2016.<\/a> <span style=\"color: #0000ff;\"><a style=\"color: #0000ff;\" href=\"https:\/\/doi.org\/10.37710\/plural.v4i2_18\">https:\/\/doi.org\/10.37710\/plural.v4i2_18<\/a><\/span><\/li>\n<li style=\"text-align: justify;\"><a href=\"https:\/\/plural.upsc.md\/wp-content\/uploads\/2017\/03\/19-Seminar-Minderheiten.pdf\">Seminar: Minderheiten, Frozen Conflicts und die \u00d6stliche Partnerschaft in Moldau und der Ukraine. Staatliche P\u00e4dagogische Universit\u00e4t \u201eIon Creanga\u201c, 24. \u2013 30. Juli 2016. \/ Minorities, Frozen Conflicts, and the Eastern Partnership in Moldova and Ukraine. \u201eIon Creanga\u201d State Pedagogical University, Chisinau, July 24-30 2016.(<strong>Sebastian SCH\u00c4FFER<\/strong>)<\/a> \u00a0<span style=\"color: #0000ff;\"><a style=\"color: #0000ff;\" href=\"https:\/\/doi.org\/10.37710\/plural.v4i2_19\">https:\/\/doi.org\/10.37710\/plural.v4i2_19<\/a><\/span><\/li>\n<li style=\"text-align: justify;\"><a href=\"https:\/\/plural.upsc.md\/wp-content\/uploads\/2017\/03\/20-Summer-Study-Trip.pdf\">Summer Study Trip \u201cThe medieval fortresses in Germany: comparative analysis in the context of heritage preservation and museum education\u201d, August 1-12, 2016. (<strong>Andrei STRATAN<\/strong>)<\/a>\u00a0<span style=\"color: #0000ff;\"><a style=\"color: #0000ff;\" href=\"https:\/\/doi.org\/10.37710\/plural.v4i2_20\">\u00a0https:\/\/doi.org\/10.37710\/plural.v4i2_20<\/a><\/span><\/li>\n<li style=\"text-align: justify;\"><a href=\"https:\/\/plural.upsc.md\/wp-content\/uploads\/2017\/03\/21-Conferinta-Republica.pdf\">Conferin\u0163a \u201eRepublica Moldova \u0219i Rom\u00e2nia: proiecte, interac\u021biuni, reprezent\u0103ri (1991-2016)\u201d, Chi\u0219in\u0103u, 9 septembrie 2016.\u00a0\/ Conference: \u201cThe Republic of Moldova and Romania: Projects, Interactions, Representations (1991-2016)\u201d, Chisinau, September 9, 2016.\u00a0(<strong>Sergiu MUSTEA\u021a\u0102<\/strong>)<\/a> \u00a0<span style=\"color: #0000ff;\"><a style=\"color: #0000ff;\" href=\"https:\/\/doi.org\/10.37710\/plural.v4i2_21\">https:\/\/doi.org\/10.37710\/plural.v4i2_21<\/a><\/span><\/li>\n<li style=\"text-align: justify;\"><a href=\"https:\/\/plural.upsc.md\/wp-content\/uploads\/2017\/03\/22-Conferinta-Educatia.pdf\">Conferin\u0163a \u201eEduca\u0163ia privind drepturile omului\/copilului: obiective, finalit\u0103\u0163i \u015fi realit\u0103\u0163i\u201d, edi\u021bia a II-a, Chi\u0219in\u0103u, 9 decembrie 2016\u00a0\/ National Conference: \u201cHuman Rights \/ Children\u2019s Rights Education: Goals, Outcomes, and Realities,\u201d Chisinau, December 9, 2016\u00a0(<strong>Iosif MOLDOVANU<\/strong>)<\/a>\u00a0<span style=\"color: #0000ff;\"><a style=\"color: #0000ff;\" href=\"https:\/\/doi.org\/10.37710\/plural.v4i2_22\">\u00a0https:\/\/doi.org\/10.37710\/plural.v4i2_22<\/a><\/span><\/li>\n<\/ul>\n<ul style=\"list-style-type: disc;\">\n<li style=\"text-align: justify;\"><a href=\"https:\/\/plural.upsc.md\/wp-content\/uploads\/2017\/03\/23-Authors-Short.pdf\"><strong>Authors\u2019 Short Biographies \/ Date despre autori<\/strong><\/a><\/li>\n<li style=\"text-align: justify;\"><a href=\"https:\/\/plural.upsc.md\/wp-content\/uploads\/2017\/03\/24-Submission-Guidelines.pdf\"><strong>Submission Guidelines \/ Not\u0103 pentru autori<\/strong><\/a><\/li>\n<\/ul>\n<div id=\"gtx-trans\" style=\"position: absolute; left: 480px; top: 296.969px;\">\n<div class=\"gtx-trans-icon\"><\/div>\n<\/div>\n","protected":false},"excerpt":{"rendered":"<p>CONTENT \/ CUPRINS: Articles\/ Studii Florin CURTA (SUA), Monede, castre \u015fi schimburi comerciale \u00een peninsula Balcanic\u0103 (sec. VI \u2013 \u00eenceputul sec. VII)\u00a0\/ Coins, Fortifications, and Commercial Exchanges in the Balkan [&hellip;]<\/p>\n","protected":false},"author":1,"featured_media":0,"parent":12,"menu_order":0,"comment_status":"closed","ping_status":"closed","template":"page-templates\/two-sidebars.php","meta":{"footnotes":""},"class_list":["post-670","page","type-page","status-publish","hentry"],"_links":{"self":[{"href":"https:\/\/plural.upsc.md\/index.php?rest_route=\/wp\/v2\/pages\/670","targetHints":{"allow":["GET"]}}],"collection":[{"href":"https:\/\/plural.upsc.md\/index.php?rest_route=\/wp\/v2\/pages"}],"about":[{"href":"https:\/\/plural.upsc.md\/index.php?rest_route=\/wp\/v2\/types\/page"}],"author":[{"embeddable":true,"href":"https:\/\/plural.upsc.md\/index.php?rest_route=\/wp\/v2\/users\/1"}],"replies":[{"embeddable":true,"href":"https:\/\/plural.upsc.md\/index.php?rest_route=%2Fwp%2Fv2%2Fcomments&post=670"}],"version-history":[{"count":11,"href":"https:\/\/plural.upsc.md\/index.php?rest_route=\/wp\/v2\/pages\/670\/revisions"}],"predecessor-version":[{"id":1070,"href":"https:\/\/plural.upsc.md\/index.php?rest_route=\/wp\/v2\/pages\/670\/revisions\/1070"}],"up":[{"embeddable":true,"href":"https:\/\/plural.upsc.md\/index.php?rest_route=\/wp\/v2\/pages\/12"}],"wp:attachment":[{"href":"https:\/\/plural.upsc.md\/index.php?rest_route=%2Fwp%2Fv2%2Fmedia&parent=670"}],"curies":[{"name":"wp","href":"https:\/\/api.w.org\/{rel}","templated":true}]}}