{"id":616,"date":"2016-08-27T10:02:06","date_gmt":"2016-08-27T10:02:06","guid":{"rendered":"https:\/\/plural.upsc.md\/?page_id=616"},"modified":"2020-04-28T09:23:32","modified_gmt":"2020-04-28T09:23:32","slug":"plural-vol-iv-no-1-2016","status":"publish","type":"page","link":"https:\/\/plural.upsc.md\/?page_id=616","title":{"rendered":"Plural Vol. IV, no. 1, 2016"},"content":{"rendered":"<p style=\"text-align: center;\"><strong>CONTENT \/ CUPRINS:<\/strong><\/p>\n<p style=\"text-align: left;\"><strong>Articles\/ Studii<\/strong><\/p>\n<ul style=\"list-style-type: disc;\">\n<li style=\"text-align: justify;\"><a href=\"https:\/\/plural.upsc.md\/wp-content\/uploads\/2016\/08\/01-Guseinov.pdf\"><strong>\u0421\u0435\u0432\u0438\u043b\u044c \u0413\u0423\u0421\u0415\u0419\u041d\u041e\u0412\u0410<\/strong> (\u0410\u0437\u0435\u0440\u0431\u0430\u0439\u0434\u0436\u0430\u043d), \u00ab\u0414\u0432\u0443\u0441\u043c\u044b\u0441\u043b\u0435\u043d\u043d\u0430\u044f\u00bb \u0438\u0434\u0435\u043d\u0442\u0438\u0447\u043d\u043e\u0441\u0442\u044c: \u0438\u0441\u043b\u0430\u043c \u0432 \u0443\u0447\u0435\u0431\u043d\u0438\u043a\u0430\u0445 \u00ab\u0447\u0435\u043b\u043e\u0432\u0435\u043a \u0438 \u043e\u0431\u0449\u0435\u0441\u0442\u0432\u043e\u00bb \u0438 \u0438\u0441\u0442\u043e\u0440\u0438\u044f\u00a0\u0410\u0437\u0435\u0440\u0431\u0430\u0439\u0434\u0436\u0430\u043d\u0430\u00a0\/ An \u201eAmbiguous\u201d Identity: Islam Within the \u201eMan and Society\u201d Textbooks and the History of Azerbaidzhan<\/a> <span style=\"color: #0000ff;\"><a style=\"color: #0000ff;\" href=\"https:\/\/doi.org\/10.37710\/plural.v4i1_1\">https:\/\/doi.org\/10.37710\/plural.v4i1_1<\/a><\/span><\/li>\n<li style=\"text-align: justify;\"><a href=\"https:\/\/plural.upsc.md\/wp-content\/uploads\/2016\/08\/02 Musteata.pdf\"><strong>Sergiu MUSTEA\u021a\u0102<\/strong> (Moldova), Twentieth century leaders in the\u00a0Republic of Moldova history textbooks<\/a> <span style=\"color: #0000ff;\"><a style=\"color: #0000ff;\" href=\"https:\/\/doi.org\/10.37710\/plural.v4i1_2\">\u00a0https:\/\/doi.org\/10.37710\/plural.v4i1_2<\/a><\/span><\/li>\n<li style=\"text-align: justify;\"><a href=\"https:\/\/plural.upsc.md\/wp-content\/uploads\/2016\/08\/03-Rumeantev.pdf\"><strong>\u0421\u0435\u0440\u0433\u0435\u0439 \u0420\u0423\u041c\u042f\u041d\u0426\u0415\u0412<\/strong> (\u0410\u0437\u0435\u0440\u0431\u0430\u0439\u0434\u0436\u0430\u043d), \u041a\u0430\u043a \u0440\u0430\u0441\u0441\u043a\u0430\u0437\u044b\u0432\u0430\u044e\u0442 \u043d\u0430\u0446\u0438\u043e\u043d\u0430\u043b\u044c\u043d\u0443\u044e \u0438\u0441\u0442\u043e\u0440\u0438\u044e \u0434\u0435\u0442\u044f\u043c \u0432 \u0410\u0437\u0435\u0440\u0431\u0430\u0439\u0434\u0436\u0430\u043d\u0435\u00a0\/ How National History Is Narrated to Azerbaidzhan\u2019s Children<\/a> \u00a0<span style=\"color: #0000ff;\"><a style=\"color: #0000ff;\" href=\"https:\/\/doi.org\/10.37710\/plural.v4i1_3\">https:\/\/doi.org\/10.37710\/plural.v4i1_3<\/a><\/span><\/li>\n<li style=\"text-align: justify;\"><a href=\"https:\/\/plural.upsc.md\/wp-content\/uploads\/2016\/08\/04-Cash.pdf\"><strong>Jennifer R. CASH<\/strong> (Germany) Cultural Revival and the Persistence\u00a0of Identity in Moldova: from the Folkloric Movement to Hospitality<\/a>\u00a0\u00a0<span style=\"color: #0000ff;\">https:\/\/doi.org\/10.37710\/plural.v4i1_4<\/span><\/li>\n<\/ul>\n<p><strong>Book Reviews\/ Recenzii<\/strong><\/p>\n<ul style=\"list-style-type: disc;\">\n<li style=\"text-align: justify;\"><a href=\"https:\/\/plural.upsc.md\/wp-content\/uploads\/2016\/08\/05-Popa.pdf\">Alexandru Popa, Untersuchungen zu den r\u00f6misch-barbarischen\u00a0Kontakten \u00d6stlich der r\u00f6mischen Provinz Dacia. Antiquitatis Reihe\u00a03. Abhnadlungen zur vor-und Fr\u00fchgeschichte, zur Klassichen und\u00a0Provinzial-R\u00f6mischen Arch\u00e4ologie und zur Geschichte des Altertums,\u00a0Band 47, Bonn 2015: Dr. Rudolf Habelt, 279 pag. (<strong>Vasile Iarmulschi<\/strong>)<\/a> <span style=\"color: #0000ff;\"><a style=\"color: #0000ff;\" href=\"https:\/\/doi.org\/10.37710\/plural.v4i1_5\">\u00a0https:\/\/doi.org\/10.37710\/plural.v4i1_5<\/a><\/span><\/li>\n<li style=\"text-align: justify;\"><a href=\"https:\/\/plural.upsc.md\/wp-content\/uploads\/2016\/08\/06-Bors.pdf\">Corina Bor\u0219, Protejarea patrimoniului arheologic din Rom\u00e2nia. Despre\u00a0situri \u0219i monumente arheologice din perspectiva evolu\u021biei cadrului legislativ\u00a0\u00een context european, Cluj-Napoca: Editura MEGA, 2014, 346 pag.\u00a0(<strong>Sergiu Mustea\u021b\u0103<\/strong>)<\/a> \u00a0<span style=\"color: #0000ff;\"><a style=\"color: #0000ff;\" href=\"https:\/\/doi.org\/10.37710\/plural.v4i1_6\">https:\/\/doi.org\/10.37710\/plural.v4i1_6<\/a><\/span><\/li>\n<li style=\"text-align: justify;\"><a href=\"https:\/\/plural.upsc.md\/wp-content\/uploads\/2016\/08\/07-Palade.pdf\">Asocia\u021bia European\u0103 a Profesorilor de Istorie EUROCLIO, La\u00a0intersec\u021bia culturilor. \u021a\u0103rile regiunii Marii Negre \u0219i schimb\u0103rile politice din\u00a0sec. XIX-XX, 2015, 384 pag. (<strong>Eugen Palade<\/strong>)<\/a> \u00a0<span style=\"color: #0000ff;\"><a style=\"color: #0000ff;\" href=\"https:\/\/doi.org\/10.37710\/plural.v4i1_7\">https:\/\/doi.org\/10.37710\/plural.v4i1_7<\/a><\/span><\/li>\n<li style=\"text-align: justify;\"><a href=\"https:\/\/plural.upsc.md\/wp-content\/uploads\/2016\/08\/08-Ernu.pdf\">Vasile Ernu, Sectan\u0163ii, colec\u0163ia \u201eEgo-Grafii\u201c, Ia\u0219i, Editura Polirom,\u00a02015 (<strong>Petru Negur\u0103<\/strong>)<\/a> \u00a0<span style=\"color: #0000ff;\"><a style=\"color: #0000ff;\" href=\"https:\/\/doi.org\/10.37710\/plural.v4i1_8\">https:\/\/doi.org\/10.37710\/plural.v4i1_8<\/a><\/span><\/li>\n<li style=\"text-align: justify;\"><a href=\"https:\/\/plural.upsc.md\/wp-content\/uploads\/2016\/08\/09-Dolghi.pdf\">Adrian Dolghi, Istorie \u0219i politic\u0103 \u00een comunism (1917-1965). Cazul\u00a0R(A)SS Moldovene\u0219ti (1917-1965), Monografii ANTIM XV, Chi\u0219in\u0103u:\u00a0Pontos, 2016, 298 pag. (<strong>Mariana \u021aaranu<\/strong>)<\/a> \u00a0<span style=\"color: #0000ff;\"><a style=\"color: #0000ff;\" href=\"https:\/\/doi.org\/10.37710\/plural.v4i1_9\">https:\/\/doi.org\/10.37710\/plural.v4i1_9<\/a><\/span><\/li>\n<\/ul>\n<p><strong>Scholarly life \/ <\/strong><strong>Via\u021ba \u0219tiin\u021bific\u0103<\/strong><\/p>\n<ul style=\"list-style-type: disc;\">\n<li style=\"text-align: justify;\"><a href=\"https:\/\/plural.upsc.md\/wp-content\/uploads\/2016\/08\/10-Laudatio.pdf\"><strong>Sergiu MUSTEA\u021a\u0102<\/strong> (Moldova), LAUDATIO in honorem prof. univ.\u00a0dr., Victor \u021avircun cu ocazia conferirii titlului onorific doctor honoris\u00a0causa al Universit\u0103\u021bii Pedagogice de Stat \u201eIon Creang\u0103\u201d din Chi\u0219in\u0103u,\u00a015 martie 2016\u00a0\/ LAUDATIO in honorem Victor \u021avircun on the Occasion of the Award of the Doctor Honoris Causa Honorary Title, March 15, 2016<\/a> <span style=\"color: #0000ff;\"><a style=\"color: #0000ff;\" href=\"https:\/\/doi.org\/10.37710\/plural.v4i1_10\">\u00a0https:\/\/doi.org\/10.37710\/plural.v4i1_10<\/a><\/span><\/li>\n<li style=\"text-align: justify;\"><a href=\"https:\/\/plural.upsc.md\/wp-content\/uploads\/2016\/08\/11-Tvircun.pdf\">Victor \u021aVIRCUN (Moldova), Reperele cantemirologiei. Prezent\u00a0\u015fi perspective. Prelegere public\u0103 cu ocazia conferirii titlului onorific\u00a0doctor honoris causa al Universit\u0103\u021bii Pedagogice de Stat \u201eIon Creang\u0103\u201d\u00a0din Chi\u0219in\u0103u, 15 martie 2016\u00a0\/ Landmarks in the Field of Dimitrie Cantemir Studies. State of the Art and Research Perspectives. Public Lecture on the Occasion of the Award of the Doctor Honoris Causa Honorary Title, Chisinau, March 15, 2016<\/a> <span style=\"color: #0000ff;\"><a style=\"color: #0000ff;\" href=\"https:\/\/doi.org\/10.37710\/plural.v4i1_11\">\u00a0https:\/\/doi.org\/10.37710\/plural.v4i1_11<\/a><\/span><\/li>\n<li style=\"text-align: justify;\"><a href=\"https:\/\/plural.upsc.md\/wp-content\/uploads\/2016\/08\/12-Conf-Manica.pdf\">Conferin\u021ba \u0219tiin\u021bific\u0103 studen\u021beasc\u0103 \u201dFenomenul migra\u021biei in istoria\u00a0Europei\u201d, edi\u021bia a III-a, Chi\u0219in\u0103u, 30-31 martie 2016. \/ Student Conference: \u2018The Phenomenon of Migration in European History\u201d, 3rd edition, Chisinau, March 30-31, 2016. (<strong>Vasile Manica<\/strong>)<\/a>\u00a0 <span style=\"color: #0000ff;\"><a style=\"color: #0000ff;\" href=\"https:\/\/doi.org\/10.37710\/plural.v4i1_12\">https:\/\/doi.org\/10.37710\/plural.v4i1_12<\/a><\/span><\/li>\n<li style=\"text-align: justify;\"><a href=\"https:\/\/plural.upsc.md\/wp-content\/uploads\/2016\/08\/13-Conf-Ursu.pdf\">Conferin\u021ba \u0219tiin\u021bific\u0103 \u201eValorificarea patrimoniului \u00een sistemul \u00eenv\u0103\u021b\u0103m\u00e2ntului\u00a0preuniversitar\u201d, 22-23 aprilie 2016, Chi\u0219in\u0103u. \/ Scholarly Conference: \u201cApproaches to Cultural Heritage within the System of Pre-University Education,\u201d Chisinau, April 22-23, 2016. (<strong>Valentina\u00a0Ursu<\/strong>)<\/a>\u00a0<span style=\"color: #0000ff;\"><a style=\"color: #0000ff;\" href=\"https:\/\/doi.org\/10.37710\/plural.v4i1_13\">\u00a0https:\/\/doi.org\/10.37710\/plural.v4i1_13<\/a><\/span><\/li>\n<li style=\"text-align: justify;\"><a href=\"https:\/\/plural.upsc.md\/wp-content\/uploads\/2016\/08\/14-Coada.pdf\">International Roundtable Discussion 25 years of Development in the\u00a0post-Soviet Space: Civil Society and Participatory Democracy, Chisinau,\u00a0May 25-28, 2016. (<strong>Ludmila Coad\u0103<\/strong>)<\/a> \u00a0<span style=\"color: #0000ff;\"><a style=\"color: #0000ff;\" href=\"https:\/\/doi.org\/10.37710\/plural.v4i1_14\">https:\/\/doi.org\/10.37710\/plural.v4i1_14<\/a><\/span><\/li>\n<\/ul>\n<ul style=\"list-style-type: disc;\">\n<li style=\"text-align: justify;\"><strong><a href=\"https:\/\/plural.upsc.md\/wp-content\/uploads\/2016\/08\/15-Autori.pdf\">Authors\u2019 Short Biographies \/ Date despre autori<\/a><\/strong><\/li>\n<li style=\"text-align: justify;\"><strong><a href=\"https:\/\/plural.upsc.md\/wp-content\/uploads\/2016\/08\/16-Submission.pdf\">Submission Guidelines <\/a>\/ <a href=\"https:\/\/plural.upsc.md\/wp-content\/uploads\/2016\/08\/17-nota.pdf\">Not\u0103 pentru autori<\/a><\/strong><\/li>\n<\/ul>\n<div id=\"gtx-trans\" style=\"position: absolute; left: 584px; top: 1072.44px;\">\n<div class=\"gtx-trans-icon\"><\/div>\n<\/div>\n","protected":false},"excerpt":{"rendered":"<p>CONTENT \/ CUPRINS: Articles\/ Studii \u0421\u0435\u0432\u0438\u043b\u044c \u0413\u0423\u0421\u0415\u0419\u041d\u041e\u0412\u0410 (\u0410\u0437\u0435\u0440\u0431\u0430\u0439\u0434\u0436\u0430\u043d), \u00ab\u0414\u0432\u0443\u0441\u043c\u044b\u0441\u043b\u0435\u043d\u043d\u0430\u044f\u00bb \u0438\u0434\u0435\u043d\u0442\u0438\u0447\u043d\u043e\u0441\u0442\u044c: \u0438\u0441\u043b\u0430\u043c \u0432 \u0443\u0447\u0435\u0431\u043d\u0438\u043a\u0430\u0445 \u00ab\u0447\u0435\u043b\u043e\u0432\u0435\u043a \u0438 \u043e\u0431\u0449\u0435\u0441\u0442\u0432\u043e\u00bb \u0438 \u0438\u0441\u0442\u043e\u0440\u0438\u044f\u00a0\u0410\u0437\u0435\u0440\u0431\u0430\u0439\u0434\u0436\u0430\u043d\u0430\u00a0\/ An \u201eAmbiguous\u201d Identity: Islam Within the \u201eMan and Society\u201d Textbooks and the [&hellip;]<\/p>\n","protected":false},"author":1,"featured_media":0,"parent":12,"menu_order":0,"comment_status":"closed","ping_status":"closed","template":"page-templates\/two-sidebars.php","meta":{"footnotes":""},"class_list":["post-616","page","type-page","status-publish","hentry"],"_links":{"self":[{"href":"https:\/\/plural.upsc.md\/index.php?rest_route=\/wp\/v2\/pages\/616","targetHints":{"allow":["GET"]}}],"collection":[{"href":"https:\/\/plural.upsc.md\/index.php?rest_route=\/wp\/v2\/pages"}],"about":[{"href":"https:\/\/plural.upsc.md\/index.php?rest_route=\/wp\/v2\/types\/page"}],"author":[{"embeddable":true,"href":"https:\/\/plural.upsc.md\/index.php?rest_route=\/wp\/v2\/users\/1"}],"replies":[{"embeddable":true,"href":"https:\/\/plural.upsc.md\/index.php?rest_route=%2Fwp%2Fv2%2Fcomments&post=616"}],"version-history":[{"count":9,"href":"https:\/\/plural.upsc.md\/index.php?rest_route=\/wp\/v2\/pages\/616\/revisions"}],"predecessor-version":[{"id":1072,"href":"https:\/\/plural.upsc.md\/index.php?rest_route=\/wp\/v2\/pages\/616\/revisions\/1072"}],"up":[{"embeddable":true,"href":"https:\/\/plural.upsc.md\/index.php?rest_route=\/wp\/v2\/pages\/12"}],"wp:attachment":[{"href":"https:\/\/plural.upsc.md\/index.php?rest_route=%2Fwp%2Fv2%2Fmedia&parent=616"}],"curies":[{"name":"wp","href":"https:\/\/api.w.org\/{rel}","templated":true}]}}