{"id":597,"date":"2016-07-04T12:05:41","date_gmt":"2016-07-04T12:05:41","guid":{"rendered":"https:\/\/plural.upsc.md\/?page_id=597"},"modified":"2017-03-13T06:16:18","modified_gmt":"2017-03-13T06:16:18","slug":"open-access-statement-licence","status":"publish","type":"page","link":"https:\/\/plural.upsc.md\/?page_id=597","title":{"rendered":"Open Access Statement and Licence"},"content":{"rendered":"<div class=\"osc-res-tab tabbable   osc-tabs-right\"><div style=\"clear:both;width: 100%;\"><ul class=\"nav osc-res-nav nav-tabs osc-tabs-right-ul\" id=\"oscitas-restabs-1-open-access-statement-licence-45320\"><li class=\"active\"><a href=\"#ert_pane1-0\" data-toggle=\"tab\">En<\/a><\/li><li class=\"\"><a href=\"#ert_pane1-1\" data-toggle=\"tab\">Ro<\/a><\/li><\/ul><\/div><div style=\"clear:both;width: 100%;\"><ul class=\"tab-content\" id=\"oscitas-restabcontent-1-open-access-statement-licence-45320\"><li class=\"tab-pane active\" id=\"ert_pane1-0\"><\/p>\n<p>PLURAL. History, Culture, Society supports open access for all types of academic work. All articles and review papers published in our journal <strong>can be accessed freely<\/strong> <strong>immediately upon publication<\/strong>, <strong>without subscription or other barriers<\/strong>. Our aim is to make research freely available to the public and to support the global exchange of knowledge.<\/p>\n<p><strong>We do not charge any fees for article processing, evaluation or submission. <\/strong><\/p>\n<p><strong>We do not charge fees for downloading articles and reviews published in our journal, for the non-commercial (scholarly) use of our readers. <\/strong><\/p>\n<p>All the articles published in our journal are protected by copyright. PLURAL. History, Culture, Society allows the download, copy, reproduction, and translation of articles, free of charge, for non-commercial use only, provided that the integrity of the article is \u00a0maintained and the appropriate citation information ((i.e. author(s), article title, journal, volume, issue, page numbers) is fully available. Any translations, for which a prior translation agreement with the editorial board has not been established, must insert the following statement: <em>&#8220;This is an unofficial translation. PLURAL has not endorsed this translation.&#8221;<\/em><\/p>\n<p>Authors retain copyright and grant the journal the right of first publication. The work will be simultaneously licensed under a <a href=\"http:\/\/creativecommons.org\/licenses\/by-nc-nd\/4.0\/\">Creative Commons Attribution License<\/a>, that allows others to share the work. However, this right will be conditioned by an acknowledgement of the work&#8217;s authorship and of its initial publication in this journal. We use the <strong>CC BY-NC-ND <\/strong>license (Attribution-Non Commercial-No Derivs), which only allows interested persons to download the published works and share them with others as long as they credit the author. They can\u2019t change the work\u2019s content in any way or use it for commercial purposes.<\/p>\n<p>All authors publishing with the PLURAL Journal accept this statement as terms of publication. Authors who choose to participate in our open access journal and would like to have their paper freely available online will be asked to sign an open access licence agreement.<\/p>\n<p>&nbsp;<\/p>\n<p><a href=\"https:\/\/creativecommons.org\/licenses\/by-nc-nd\/3.0\/\" target=\"_blank\" rel=\"attachment wp-att-658\"><img loading=\"lazy\" decoding=\"async\" class=\"size-full wp-image-658 aligncenter\" src=\"https:\/\/plural.upsc.md\/wp-content\/uploads\/2016\/07\/88x31.png\" alt=\"88x31\" width=\"88\" height=\"31\" \/><\/a><\/p>\n<p><\/li><li class=\"tab-pane \" id=\"ert_pane1-1\"><\/p>\n<p><strong>Declara\u021bie privind Open Access Statement \u0219i Licen\u021b\u0103<\/strong><\/p>\n<p>PLURAL. Istorie. Cultur\u0103. Societate sprijin\u0103 accesul liber \u0219i ne\u00eengr\u0103dit la toate tipurile de lucr\u0103ri \u0219tiin\u021bifice. Toate articolele \u0219i recenziile publicate \u00een revista noastr\u0103 pot fi accesate liber imediat dup\u0103 publicare, f\u0103r\u0103 subscrip\u021bie sau alte bariere de acest fel. Scopul nostru este s\u0103 facem cercetarea pe deplin accesibil\u0103 publicului \u0219i s\u0103 sprijinim transferurile \u0219i schimburile globale de cunoa\u0219tere.<\/p>\n<p><strong>Noi nu percepem nici un fel de taxe sau pl\u0103\u021bi pentru analiza preliminar\u0103, evaluarea sau publicarea final\u0103 a articolelor. \u00a0<\/strong><\/p>\n<p><strong>Noi nu percepem taxe sau pl\u0103\u021bi pentru desc\u0103rcarea articolelor \u0219i recenziilor publicate \u00een revist\u0103, cu scopul utiliz\u0103rii non-profit (\u0219tiin\u021bifice) a acestora de c\u0103tre cititorii no\u0219tri.\u00a0 <\/strong><\/p>\n<p>Toate articolele publicate \u00een revista noastr\u0103 sunt protejate prin legile referitoare la drepturile de autor (copyright). PLURAL. Istorie. Cultur\u0103. Societate permite desc\u0103rcarea, copierea, reproducerea \u0219i traducerea tuturor articolelor, f\u0103r\u0103 plat\u0103, \u00een vederea utiliz\u0103rii exclusive \u00een scop non-comercial, cu condi\u021bia men\u021binerii integrit\u0103\u021bii articolului \u0219i a accesului complet \u0219i exhaustiv\u00a0 la informa\u021bia privind citarea ulterioar\u0103 a textului (inclusiv autorul (ii), titlul articolului, revista, volumul \u0219i num\u0103rul de pagini ). Orice traducere pentru care nu s-a convenit anterior, de comun acord cu colegiul de redac\u021bie, \u00een privin\u021ba autoriz\u0103rii acesteia, trebuie s\u0103 fie \u00eenso\u021bit\u0103 de urm\u0103toarea declara\u021bie: <em>&#8220;Aceast\u0103 traducere este neoficial\u0103. PLURAL nu a autorizat aceast\u0103 traducere.&#8221;<\/em><\/p>\n<p>Autorii \u00ee\u0219i p\u0103streaz\u0103 drepturile (copyright-ul) \u0219i acord\u0103 revistei dreptul primei public\u0103ri. Lucrarea va fi, \u00een acela\u0219i timp, licen\u021biat\u0103 \u00een conformitate cu <a href=\"http:\/\/creativecommons.org\/licenses\/by-nc-nd\/4.0\/\">Creative Commons Attribution License<\/a>, care permite ter\u021bilor s\u0103 distribuie aceast\u0103 lucrare. Cu toate acestea, dreptul respectiv va fi condi\u021bionat de recunoa\u0219terea anterioar\u0103 a drepturilor de autor asupra lucr\u0103rii \u0219i\u00a0 a public\u0103rii ini\u021biale a articolului \u00een aceast\u0103 revist\u0103. Noi folosim licen\u021ba de tip <strong>CC BY-NC-ND <\/strong>(Attribution-Non Commercial-No Derivs), care permite doar persoanelor interesate s\u0103 descarce lucr\u0103rile publicate \u00een revist\u0103 \u0219i s\u0103 le distribuie ter\u021bilor, cu condi\u021bia men\u021bion\u0103rii exprese a autorului. Aceste persoane\u00a0 nu au dreptul s\u0103 modifice con\u021binutul lucr\u0103rii, sub orice form\u0103, sau s\u0103 o foloseasc\u0103 \u00een scopuri comerciale.<\/p>\n<p>To\u021bi autorii care vor publica \u00een Revista PLURAL accept\u0103 aceast\u0103 declara\u021bie drept condi\u021bii de baz\u0103 pentru publicare. Autorii care vor decide s\u0103 accepte aceste condi\u021bii de acces liber la informa\u021bie (Open access) \u0219i vor dori ca lucrarea lor s\u0103 fie accesibil\u0103 online vor fi ruga\u021bi s\u0103 semneze un acord de licen\u021biere conform regulilor de Open access (Open access licence agreement).<\/p>\n<p><a href=\"https:\/\/creativecommons.org\/licenses\/by-nc-nd\/3.0\/\" target=\"_blank\" rel=\"attachment wp-att-658\"><img loading=\"lazy\" decoding=\"async\" class=\"size-full wp-image-658 aligncenter\" src=\"https:\/\/plural.upsc.md\/wp-content\/uploads\/2016\/07\/88x31.png\" alt=\"88x31\" width=\"88\" height=\"31\" \/><\/a><\/p>\n<p><\/li><\/ul><\/div><\/div>\n","protected":false},"excerpt":{"rendered":"","protected":false},"author":1,"featured_media":0,"parent":0,"menu_order":0,"comment_status":"closed","ping_status":"closed","template":"page-templates\/two-sidebars.php","meta":{"footnotes":""},"class_list":["post-597","page","type-page","status-publish","hentry"],"_links":{"self":[{"href":"https:\/\/plural.upsc.md\/index.php?rest_route=\/wp\/v2\/pages\/597","targetHints":{"allow":["GET"]}}],"collection":[{"href":"https:\/\/plural.upsc.md\/index.php?rest_route=\/wp\/v2\/pages"}],"about":[{"href":"https:\/\/plural.upsc.md\/index.php?rest_route=\/wp\/v2\/types\/page"}],"author":[{"embeddable":true,"href":"https:\/\/plural.upsc.md\/index.php?rest_route=\/wp\/v2\/users\/1"}],"replies":[{"embeddable":true,"href":"https:\/\/plural.upsc.md\/index.php?rest_route=%2Fwp%2Fv2%2Fcomments&post=597"}],"version-history":[{"count":9,"href":"https:\/\/plural.upsc.md\/index.php?rest_route=\/wp\/v2\/pages\/597\/revisions"}],"predecessor-version":[{"id":705,"href":"https:\/\/plural.upsc.md\/index.php?rest_route=\/wp\/v2\/pages\/597\/revisions\/705"}],"wp:attachment":[{"href":"https:\/\/plural.upsc.md\/index.php?rest_route=%2Fwp%2Fv2%2Fmedia&parent=597"}],"curies":[{"name":"wp","href":"https:\/\/api.w.org\/{rel}","templated":true}]}}