{"id":566,"date":"2016-03-16T21:37:58","date_gmt":"2016-03-16T21:37:58","guid":{"rendered":"https:\/\/plural.upsc.md\/?page_id=566"},"modified":"2016-03-16T21:37:58","modified_gmt":"2016-03-16T21:37:58","slug":"conferinta-nationala-educatia-privind-drepturile-omului-drepturile-copilului-obiective-realitati-si-finalitati-chisinau-10-decembrie-2015-iosif-moldovanu","status":"publish","type":"page","link":"https:\/\/plural.upsc.md\/?page_id=566","title":{"rendered":"Conferin\u0163a na\u0163ional\u0103 \u201eEduca\u0163ia privind drepturile omului\/ drepturile copilului: obiective, realit\u0103\u0163i \u015fi finalit\u0103\u0163i\u201d, Chi\u015fin\u0103u, 10 decembrie 2015 (Iosif Moldovanu)"},"content":{"rendered":"<iframe src=\"\/\/docs.google.com\/viewer?url=https%3A%2F%2Fplural.upsc.md%2Fwp-content%2Fuploads%2F2016%2F03%2F28-Conferinta.pdf&hl=en_US&embedded=true\" class=\"gde-frame\" style=\"width:100%; height:640px; border: none;\" scrolling=\"no\"><\/iframe>\n<p class=\"gde-text\"><a href=\"https:\/\/plural.upsc.md\/wp-content\/uploads\/2016\/03\/28-Conferinta.pdf\" class=\"gde-link\">Download (PDF, 820KB)<\/a><\/p>\n","protected":false},"excerpt":{"rendered":"","protected":false},"author":1,"featured_media":0,"parent":0,"menu_order":0,"comment_status":"closed","ping_status":"closed","template":"page-templates\/left-sidebar.php","meta":{"footnotes":""},"class_list":["post-566","page","type-page","status-publish","hentry"],"_links":{"self":[{"href":"https:\/\/plural.upsc.md\/index.php?rest_route=\/wp\/v2\/pages\/566","targetHints":{"allow":["GET"]}}],"collection":[{"href":"https:\/\/plural.upsc.md\/index.php?rest_route=\/wp\/v2\/pages"}],"about":[{"href":"https:\/\/plural.upsc.md\/index.php?rest_route=\/wp\/v2\/types\/page"}],"author":[{"embeddable":true,"href":"https:\/\/plural.upsc.md\/index.php?rest_route=\/wp\/v2\/users\/1"}],"replies":[{"embeddable":true,"href":"https:\/\/plural.upsc.md\/index.php?rest_route=%2Fwp%2Fv2%2Fcomments&post=566"}],"version-history":[{"count":1,"href":"https:\/\/plural.upsc.md\/index.php?rest_route=\/wp\/v2\/pages\/566\/revisions"}],"predecessor-version":[{"id":568,"href":"https:\/\/plural.upsc.md\/index.php?rest_route=\/wp\/v2\/pages\/566\/revisions\/568"}],"wp:attachment":[{"href":"https:\/\/plural.upsc.md\/index.php?rest_route=%2Fwp%2Fv2%2Fmedia&parent=566"}],"curies":[{"name":"wp","href":"https:\/\/api.w.org\/{rel}","templated":true}]}}