{"id":543,"date":"2016-03-16T21:30:08","date_gmt":"2016-03-16T21:30:08","guid":{"rendered":"https:\/\/plural.upsc.md\/?page_id=543"},"modified":"2016-03-16T21:30:08","modified_gmt":"2016-03-16T21:30:08","slug":"conferinta-internationala-istorie-cultura-si-civilizatie-europa-de-sud-est-editia-xv-chisinau-28-29-aprilie-2015-sergiu-musteata","status":"publish","type":"page","link":"https:\/\/plural.upsc.md\/?page_id=543","title":{"rendered":"Conferin\u0163a Interna\u0163ional\u0103 \u201eIstorie, Cultur\u0103 \u015fi Civiliza\u0163ie \u00een Europa de Sud-Est\u201d, edi\u021bia a XV-a, Chi\u015fin\u0103u, 28-29 aprilie 2015 (Sergiu Mustea\u021b\u0103)"},"content":{"rendered":"<iframe src=\"\/\/docs.google.com\/viewer?url=https%3A%2F%2Fplural.upsc.md%2Fwp-content%2Fuploads%2F2016%2F03%2F20-Conferinta.pdf&hl=en_US&embedded=true\" class=\"gde-frame\" style=\"width:100%; height:640px; border: none;\" scrolling=\"no\"><\/iframe>\n<p class=\"gde-text\"><a href=\"https:\/\/plural.upsc.md\/wp-content\/uploads\/2016\/03\/20-Conferinta.pdf\" class=\"gde-link\">Download (PDF, 637KB)<\/a><\/p>\n","protected":false},"excerpt":{"rendered":"","protected":false},"author":1,"featured_media":0,"parent":0,"menu_order":0,"comment_status":"closed","ping_status":"closed","template":"page-templates\/left-sidebar.php","meta":{"footnotes":""},"class_list":["post-543","page","type-page","status-publish","hentry"],"_links":{"self":[{"href":"https:\/\/plural.upsc.md\/index.php?rest_route=\/wp\/v2\/pages\/543","targetHints":{"allow":["GET"]}}],"collection":[{"href":"https:\/\/plural.upsc.md\/index.php?rest_route=\/wp\/v2\/pages"}],"about":[{"href":"https:\/\/plural.upsc.md\/index.php?rest_route=\/wp\/v2\/types\/page"}],"author":[{"embeddable":true,"href":"https:\/\/plural.upsc.md\/index.php?rest_route=\/wp\/v2\/users\/1"}],"replies":[{"embeddable":true,"href":"https:\/\/plural.upsc.md\/index.php?rest_route=%2Fwp%2Fv2%2Fcomments&post=543"}],"version-history":[{"count":1,"href":"https:\/\/plural.upsc.md\/index.php?rest_route=\/wp\/v2\/pages\/543\/revisions"}],"predecessor-version":[{"id":546,"href":"https:\/\/plural.upsc.md\/index.php?rest_route=\/wp\/v2\/pages\/543\/revisions\/546"}],"wp:attachment":[{"href":"https:\/\/plural.upsc.md\/index.php?rest_route=%2Fwp%2Fv2%2Fmedia&parent=543"}],"curies":[{"name":"wp","href":"https:\/\/api.w.org\/{rel}","templated":true}]}}