{"id":480,"date":"2016-03-16T20:57:36","date_gmt":"2016-03-16T20:57:36","guid":{"rendered":"https:\/\/plural.upsc.md\/?page_id=480"},"modified":"2020-04-28T09:47:40","modified_gmt":"2020-04-28T09:47:40","slug":"plural-vol-iii-no-2-2015","status":"publish","type":"page","link":"https:\/\/plural.upsc.md\/?page_id=480","title":{"rendered":"Plural Vol. III, no. 2, 2015"},"content":{"rendered":"<p style=\"text-align: center;\"><strong>CONTENT \/ CUPRINS<\/strong><\/p>\n<p style=\"text-align: left;\"><strong>Articles\/ Studii<\/strong><\/p>\n<ul>\n<li><a href=\"https:\/\/plural.upsc.md\/?page_id=485\"><strong>Hans-Ulrich Vo\u00df, Sergiu Mustea\u021b\u0103, Alexandru Popa, Daniel Burger und Johannes Kalmbach <\/strong>(Germany, Moldova), Putine\u015fti, raionul Flore\u015fti \u2013 eine Siedlung der Santana-de-Mure\u015f-Kultur im Norden der Republik Moldau. Ein Vorbericht \/ Putine\u015fti, Flore\u015fti \u2013 A Settlement of the S\u00e2ntana-de-Mure\u0219 Culture in the North of the Republic of Moldova: A Preliminary Report<\/a> <span style=\"color: #0000ff;\"><a style=\"color: #0000ff;\" href=\"https:\/\/doi.org\/10.37710\/plural.v3i2_1\">https:\/\/doi.org\/10.37710\/plural.v3i2_1<\/a><\/span><\/li>\n<li><a href=\"https:\/\/plural.upsc.md\/?page_id=487\"><strong>Alexandru<\/strong><strong>Madgearu<\/strong> (Romania), A comparison between two migrations in the Byzantine Empire: the Goths and the Pechenegs<\/a> \u00a0<span style=\"color: #0000ff;\"><a style=\"color: #0000ff;\" href=\"https:\/\/doi.org\/10.37710\/plural.v3i2_2\">https:\/\/doi.org\/10.37710\/plural.v3i2_2<\/a><\/span><\/li>\n<li><a href=\"https:\/\/plural.upsc.md\/?page_id=491\"><strong>\u042f\u0440\u043e\u0441\u043b\u0430\u0432 \u0410\u043d\u0434\u0440\u0443\u0441\u044f\u043a<\/strong> (\u0423\u043a\u0440\u0430\u0438\u043d\u0430), \u041a\u043e\u0440\u043e\u043b\u0435\u0432\u0441\u043a\u0438\u0439 \u0441\u043e\u0432\u0435\u0442 \u043a\u0430\u043a \u043e\u0440\u0433\u0430\u043d \u0441\u043e\u0441\u043b\u043e\u0432\u043d\u043e\u0433\u043e \u043f\u0440\u0435\u0434\u0441\u0442\u0430\u0432\u0438\u0442\u0435\u043b\u044c\u0441\u0442\u0432\u0430 \u0432 \u0447\u0435\u0448\u0441\u043a\u0438\u0445 \u0437\u0435\u043c\u043b\u044f\u0445 \u0432 \u043f\u0435\u0440\u0438\u043e\u0434 \u043f\u0440\u0430\u0432\u043b\u0435\u043d\u0438\u044f \u0434\u0438\u043d\u0430\u0441\u0442\u0438\u0438 \u042f\u0433\u0435\u043b\u043b\u043e\u043d\u043e\u0432 (1471\u20131526) \/ The Royal Council as a Body of Estate-Based Representation in the Czech Lands during the Period of the Reign of the Jagiellonian Dynasty (1471-1526)<\/a> <span style=\"color: #0000ff;\"><a style=\"color: #0000ff;\" href=\"https:\/\/doi.org\/10.37710\/plural.v3i2_3\">https:\/\/doi.org\/10.37710\/plural.v3i2_3<\/a><\/span><\/li>\n<li><a href=\"https:\/\/plural.upsc.md\/?page_id=494\"><strong>Vlad Mischevca<\/strong> (Moldova), R\u00e2ul Prut: de la geografie la istorie \/ The River Prut: From Geography to History<\/a>\u00a0<span style=\"color: #0000ff;\"><a style=\"color: #0000ff;\" href=\"https:\/\/doi.org\/10.37710\/plural.v3i2_4\">\u00a0https:\/\/doi.org\/10.37710\/plural.v3i2_4<\/a><\/span><\/li>\n<li><a href=\"https:\/\/plural.upsc.md\/?page_id=498\"><strong>Irina Onofrei<\/strong> (Moldova), Multiplica\u021bia sovietic\u0103 \u00een contextul socio-cultural al perioadei brejneviste\u00a0\/ Soviet Cartoons in the Social and Cultural Context of the Brezhnev Period<\/a>\u00a0 <span style=\"color: #0000ff;\"><a style=\"color: #0000ff;\" href=\"https:\/\/doi.org\/10.37710\/plural.v3i2_5\">https:\/\/doi.org\/10.37710\/plural.v3i2_5<\/a><\/span><\/li>\n<li><a href=\"https:\/\/plural.upsc.md\/?page_id=501\"><strong>\u0421\u0435\u0440\u0433\u0435\u0439 \u0420\u0443\u043c\u044f\u043d\u0446\u0435\u0432<\/strong> (\u0410\u0437\u0435\u0440\u0431\u0430\u0439\u0434\u0436\u0430\u043d), \u201c\u041f\u0430\u0442\u0440\u0438\u043e\u0442\u0438\u0447\u0435\u0441\u043a\u0438\u0439 \u043f\u0440\u0438\u043c\u043e\u0440\u0434\u0438\u0430\u043b\u0438\u0437\u043c\u201d: \u0432\u043e\u043e\u0431\u0440\u0430\u0436\u0435\u043d\u0438\u0435 \u044d\u0442\u043d\u0438\u0447\u043d\u043e\u0441\u0442\u0438 \u0438 \u043d\u0430\u0446\u0438\u0438 \u0432 \u043f\u043e\u0441\u0442\u0441\u043e\u0432\u0435\u0442\u0441\u043a\u043e\u043c \u0410\u0437\u0435\u0440\u0431\u0430\u0439\u0434\u0436\u0430\u043d\u0435. <em>\u0421\u043e\u0446\u0438\u043e\u043b\u043e\u0433\u0438\u0447\u0435\u0441\u043a\u043e\u0435 \u044d\u0441\u0441\u0435 \/ \u201cPatriotic Primordialism:\u201d Imagining Ethnicity and Nation in Post-Soviet Azerbaidzhan. A Sociological Essay<\/em><\/a> <span style=\"color: #0000ff;\"><a style=\"color: #0000ff;\" href=\"https:\/\/doi.org\/10.37710\/plural.v3i2_6\">https:\/\/doi.org\/10.37710\/plural.v3i2_6<\/a><\/span><\/li>\n<li><a href=\"https:\/\/plural.upsc.md\/?page_id=504\"><strong>\u0410\u043d\u0434\u0440\u0435\u0439 \u0414\u0435\u0432\u044f\u0442\u043a\u043e\u0432<\/strong> (\u0420\u043e\u0441\u0441\u0438\u044f), \u00ab\u0412\u043e\u0441\u0442\u043e\u0447\u043d\u043e\u0435 \u043f\u0430\u0440\u0442\u043d\u0435\u0440\u0441\u0442\u0432\u043e\u00bb: \u0430\u043a\u0442\u0443\u0430\u043b\u044c\u043d\u043e\u0435 \u0441\u043e\u0441\u0442\u043e\u044f\u043d\u0438\u0435 \u0438 \u0431\u043b\u0438\u0436\u0430\u0439\u0448\u0438\u0435 \u043f\u0435\u0440\u0441\u043f\u0435\u043a\u0442\u0438\u0432\u044b \/ The \u201cEastern Partnership:\u201d Current Situation and Short-Term Perspectives<\/a>\u00a0\u00a0<span style=\"color: #0000ff;\"><a style=\"color: #0000ff;\" href=\"https:\/\/doi.org\/10.37710\/plural.v3i2_7\">https:\/\/doi.org\/10.37710\/plural.v3i2_7<\/a><\/span><\/li>\n<li><a href=\"https:\/\/plural.upsc.md\/?page_id=507\"><strong>Helga Zichner<\/strong> (Germania), Cum s\u0103 transferi modele \u201ceuropene\u201d \u00een Moldova? Reflect\u00eend asupra motivelor de a stabili Programul Uniunii Europene Erasmus Mundus \u0219i de a participa \u00een cadrul acestuia \/ How Can One Transfer \u201cEuropean\u201d Models to Moldova? Some Reflections on the Reasons for Establishing the <em>Erasmus Mundus<\/em> European Union Program and for Participating in It<\/a> \u00a0<span style=\"color: #0000ff;\"><a style=\"color: #0000ff;\" href=\"https:\/\/doi.org\/10.37710\/plural.v3i2_8\">https:\/\/doi.org\/10.37710\/plural.v3i2_8<\/a><\/span><\/li>\n<li><a href=\"https:\/\/plural.upsc.md\/?page_id=510\"><strong>Oleg Serebrian<\/strong> (Moldova), Politica \u0219i identitatea na\u021bional\u0103 ieri \u0219i azi \/ Politics and National Identity Yesterday and Today<\/a> <span style=\"color: #0000ff;\"><a style=\"color: #0000ff;\" href=\"https:\/\/doi.org\/10.37710\/plural.v3i2_9\">https:\/\/doi.org\/10.37710\/plural.v3i2_9<\/a><\/span><\/li>\n<\/ul>\n<p><strong>Book Reviews\/ Recenzii<\/strong><\/p>\n<ul>\n<li><a href=\"https:\/\/plural.upsc.md\/?page_id=513\">Bloemers, H. Kars, A. van der Valk, M. Wijnen (eds.), The Cultural Landscape &amp; Heritage Paradox. Protection and Development of the Dutch Archaeological-Historical Landscape and its European Dimension, Amsterdam University Press, 2010, 740 pag., (<strong>Sergiu Mustea\u021b\u0103<\/strong>)<\/a> \u00a0<span style=\"color: #0000ff;\"><a style=\"color: #0000ff;\" href=\"https:\/\/doi.org\/10.37710\/plural.v3i2_10\">https:\/\/doi.org\/10.37710\/plural.v3i2_10<\/a><\/span><\/li>\n<li><a href=\"https:\/\/plural.upsc.md\/?page_id=516\"><em>Casa mea cetatea mea. Recenzie la cartea \/ My Home is My Fortress-<\/em>\u00a0Mette Svart Kristiansen, Kate Giles (eds), Dwellings, Identities and Homes. European Housing Culture from the Viking Age to the Renaissance, Jutland Archaeological Society, Aarhus University Press, 2014, 255 pag., (<strong>Sergiu Mustea\u021b\u0103<\/strong>)<\/a> <span style=\"color: #0000ff;\"><a style=\"color: #0000ff;\" href=\"https:\/\/doi.org\/10.37710\/plural.v3i2_11\">\u00a0https:\/\/doi.org\/10.37710\/plural.v3i2_11<\/a><\/span><\/li>\n<li><a href=\"https:\/\/plural.upsc.md\/?page_id=519\">Alexander V. Prusin, The Land Between: Conflict in the East European Borderlands, 1870-1992, Oxford: Oxford University Press, 2010. (<strong>Igor Ciobanu<\/strong>)<\/a>\u00a0\u00a0<span style=\"color: #0000ff;\"><a style=\"color: #0000ff;\" href=\"https:\/\/doi.org\/10.37710\/plural.v3i2_12\">https:\/\/doi.org\/10.37710\/plural.v3i2_12<\/a><\/span><\/li>\n<li><a href=\"https:\/\/plural.upsc.md\/?page_id=522\">Dorin Cimpoe\u0219u, Republica Moldova \u2013 criza regimului parlamentar democratic, Bucure\u0219ti. Pro Universitaria, 2015, 277 pag., (<strong>Sergiu Mustea\u021b\u0103, Oleg Serebrian<\/strong>)<\/a> \u00a0<span style=\"color: #0000ff;\"><a style=\"color: #0000ff;\" href=\"https:\/\/doi.org\/10.37710\/plural.v3i2_13\">https:\/\/doi.org\/10.37710\/plural.v3i2_13<\/a><\/span><\/li>\n<li><a href=\"https:\/\/plural.upsc.md\/?page_id=525\">The NEC \u201cBlack Sea Link\u201d Yearbook 2013-14: a multidimensional insight into the history of the Black Sea Region (<strong>Petru Negur\u0103<\/strong>)<\/a> <span style=\"color: #0000ff;\"><a style=\"color: #0000ff;\" href=\"https:\/\/doi.org\/10.37710\/plural.v3i2_14\">\u00a0https:\/\/doi.org\/10.37710\/plural.v3i2_14<\/a><\/span><\/li>\n<\/ul>\n<p><strong>Scholarly life \/ <\/strong><strong>Via\u021ba \u0219tiin\u021bific\u0103<\/strong><\/p>\n<ul>\n<li><a href=\"https:\/\/plural.upsc.md\/?page_id=528\"><strong>Valentin Burlacu<\/strong> (Moldova), LAUDATIO in honorem prof. univ. dr., membru titular al Academiei Rom\u00e2ne Ioan-Aurel Pop cu ocazia conferirii titlului onorific doctor honoris causa al Universit\u0103\u021bii Pedagogice de Stat \u201eIon Creang\u0103\u201d din Chi\u0219in\u0103u, 7 mai 2015\u00a0\/ LAUDATIO in honorem Ioan-Aurel Pop, on the Occasion of the Award of the Doctor Honoris Causa Honorary Title, Chisinau, May 7, 2015.<\/a> \u00a0<span style=\"color: #0000ff;\"><a style=\"color: #0000ff;\" href=\"https:\/\/doi.org\/10.37710\/plural.v3i2_15\">https:\/\/doi.org\/10.37710\/plural.v3i2_15<\/a><\/span><\/li>\n<li><a href=\"https:\/\/plural.upsc.md\/?page_id=531\"><strong>Ioan-Aurel Pop<\/strong> (Rom\u00e2nia), Voca\u0163ia occidental\u0103 a rom\u00e2nilor. Prelegere public\u0103 cu ocazia conferirii titlului onorific doctor honoris causa al Universit\u0103\u021bii Pedagogice de Stat \u201eIon Creang\u0103\u201d din Chi\u0219in\u0103u, 7 mai 2015 \/ The Romanians\u2019 Western Orientation and Propensities. Public Lecture on the Occasion of the Award of the Doctor Honoris Causa Honorary Title, Chisinau, May 7, 2015.<\/a> \u00a0<span style=\"color: #0000ff;\"><a style=\"color: #0000ff;\" href=\"https:\/\/doi.org\/10.37710\/plural.v3i2_16\">https:\/\/doi.org\/10.37710\/plural.v3i2_16<\/a><\/span><\/li>\n<li><a href=\"https:\/\/plural.upsc.md\/?page_id=534\">\u201eSteaua Italiei\u201d a revenit unor personalit\u0103\u0163i din mediul academic \/ The Star of Italy Awarded to Several Prominent Personalities from the Academic Milieu (<strong>Octavian Munteanu<\/strong>)<\/a> \u00a0<span style=\"color: #0000ff;\"><a style=\"color: #0000ff;\" href=\"https:\/\/doi.org\/10.37710\/plural.v3i2_17\">https:\/\/doi.org\/10.37710\/plural.v3i2_17<\/a><\/span><\/li>\n<li><a href=\"https:\/\/plural.upsc.md\/?page_id=537\">Despre \u201eaventura italian\u0103\u201d in Moldova \/ About the \u201cItalian adventure\u201d in Moldova (<strong>Ludmila Koju\u0219ko<\/strong>)<\/a> <span style=\"color: #0000ff;\"><a style=\"color: #0000ff;\" href=\"https:\/\/doi.org\/10.37710\/plural.v3i2_18\">\u00a0https:\/\/doi.org\/10.37710\/plural.v3i2_18<\/a><\/span><\/li>\n<li><a href=\"https:\/\/plural.upsc.md\/?page_id=540\">Victor Moraru, profesor universitar, doctor habilitat \u2013 titular al Ordinului \u201eSteaua Italiei\u201d \u00een grad de Cavaler \/ Victor Morau, University Professor awarded the order of the Star of Italy (<strong>Valeriu Cu\u0219nir<\/strong>)<\/a>\u00a0 <span style=\"color: #0000ff;\"><a style=\"color: #0000ff;\" href=\"https:\/\/doi.org\/10.37710\/plural.v3i2_19\">https:\/\/doi.org\/10.37710\/plural.v3i2_19<\/a><\/span><\/li>\n<li><a href=\"https:\/\/plural.upsc.md\/?page_id=543\">Conferin\u0163a Interna\u0163ional\u0103 \u201eIstorie, Cultur\u0103 \u015fi Civiliza\u0163ie \u00een Europa de Sud-Est\u201d, edi\u021bia a XV-a, Chi\u015fin\u0103u, 28-29 aprilie 2015 \/ The International Conference \u201cHistory, Culture, and Civilization in Southeastern Europe,\u201d 15th edition, Chisinau, April 28-29, 2015(<strong>Sergiu Mustea\u021b\u0103<\/strong>)<\/a> \u00a0<span style=\"color: #0000ff;\"><a style=\"color: #0000ff;\" href=\"https:\/\/doi.org\/10.37710\/plural.v3i2_20\">https:\/\/doi.org\/10.37710\/plural.v3i2_20<\/a><\/span><\/li>\n<li><a href=\"https:\/\/plural.upsc.md\/?page_id=547\">Intercultural Workshop and Simulation Development on Moldova in the Context of the Eastern Partnership, Chi\u0219in\u0103u, 23-28 March 2015 (<strong>Iris Rehklau<\/strong>)<\/a>\u00a0<span style=\"color: #0000ff;\"><a style=\"color: #0000ff;\" href=\"https:\/\/doi.org\/10.37710\/plural.v3i2_21\">\u00a0https:\/\/doi.org\/10.37710\/plural.v3i2_21<\/a><\/span><\/li>\n<li><a href=\"https:\/\/plural.upsc.md\/?page_id=550\">Conferin\u021ba \u0219tiin\u021bific\u0103 studen\u021beasc\u0103 \u201dR\u0103zboi \u0219i societate \u00een istoria european\u0103\u201d, edi\u021bia a II-a, Chi\u0219in\u0103u, 7-8 aprilie 2015 \/ Student Conference \u201cWar and Society in European History,\u201d 2nd edition, Chisinau, April 7-8, 2015(<strong>Andrei Gnatiuc<\/strong>)<\/a> <span style=\"color: #0000ff;\"><a style=\"color: #0000ff;\" href=\"https:\/\/doi.org\/10.37710\/plural.v3i2_22\">\u00a0https:\/\/doi.org\/10.37710\/plural.v3i2_22<\/a><\/span><\/li>\n<li><a href=\"https:\/\/plural.upsc.md\/?page_id=553\">Seminar \u201eComparative Politics in Europe: Federalism and Foreign Relations\u201c, M\u00fcnchen, 4.-8. Mai 2015 (<strong>Christoph Schnellbach<\/strong>)<\/a> \u00a0<span style=\"color: #0000ff;\"><a style=\"color: #0000ff;\" href=\"https:\/\/doi.org\/10.37710\/plural.v3i2_23\">https:\/\/doi.org\/10.37710\/plural.v3i2_23<\/a><\/span><\/li>\n<li><a href=\"https:\/\/plural.upsc.md\/?page_id=556\">Participarea studen\u021bilor la cercet\u0103rile arheologice de la cetatea Soroca. Campania 2015 \/ Students\u2019 Participation at the Archaeological Excavations in Soroca Fortress during the 2015 Campaign (<strong>Sergiu Mustea\u021b\u0103, Ion Tentiuc, Ion Ursu<\/strong>)<\/a>\u00a0\u00a0<span style=\"color: #0000ff;\"><a style=\"color: #0000ff;\" href=\"https:\/\/doi.org\/10.37710\/plural.v3i2_24\">https:\/\/doi.org\/10.37710\/plural.v3i2_24<\/a><\/span><\/li>\n<li><a href=\"https:\/\/plural.upsc.md\/?page_id=558\">Cercet\u0103ri arheologice realizate \u00een anul 2015 cu concursul studen\u021bilor \u0219i profesorilor de la UPS \u201eIon Creang\u0103\u201d \/ Archaeological Research Carried Out during 2015 by the Students and Faculty of the \u201eIon Creang\u0103\u201d Pedagogical University (<strong>Octavian Munteanu<\/strong>)<\/a> <span style=\"color: #0000ff;\"><a style=\"color: #0000ff;\" href=\"https:\/\/doi.org\/10.37710\/plural.v3i2_25\">\u00a0https:\/\/doi.org\/10.37710\/plural.v3i2_25<\/a><\/span><\/li>\n<li><a href=\"https:\/\/plural.upsc.md\/?page_id=560\">Conferin\u021b\u0103 interna\u021bional\u0103 \u201eO istorie multidimensional\u0103 a carierelor universitare: institu\u021bii, re\u021bele sociale, biografii\u201d<em>, <\/em>Chi\u0219in\u0103u, 9-10 octombrie 2015 \/ International Conference \u201cA Multi-Dimensional History of University Careers: Institutions, Social Networks, Biographies\u201d, Chisinau, October 9-10, 2015 (<strong>Sergiu Mustea\u021b\u0103<\/strong>)<\/a> <span style=\"color: #0000ff;\"><a style=\"color: #0000ff;\" href=\"https:\/\/doi.org\/10.37710\/plural.v3i2_26\">\u00a0https:\/\/doi.org\/10.37710\/plural.v3i2_26<\/a><\/span><\/li>\n<li><a href=\"https:\/\/plural.upsc.md\/?page_id=563\">Masa rotund\u0103 &#8220;Patrimoniul cultural \u00een sistemul educa\u021bional: \u00eentre teorie \u0219i practic\u0103&#8221;, Chi\u0219in\u0103u, 12 noiembrie 2015. \/ Round Table: \u201cCultural Heritage Within the Educational System: Between Theory and Practice,\u201d Chisinau, November 12, 2015 (<strong>Valentina Ursu<\/strong>)<\/a> \u00a0<span style=\"color: #0000ff;\"><a style=\"color: #0000ff;\" href=\"https:\/\/doi.org\/10.37710\/plural.v3i2_27\">https:\/\/doi.org\/10.37710\/plural.v3i2_27<\/a><\/span><\/li>\n<li><a href=\"https:\/\/plural.upsc.md\/?page_id=566\">Conferin\u0163a na\u0163ional\u0103 \u201eEduca\u0163ia privind drepturile omului\/ drepturile copilului: obiective, realit\u0103\u0163i \u015fi finalit\u0103\u0163i\u201d, Chi\u015fin\u0103u, 10 decembrie 2015\u00a0\/ National Conference \u201cHuman Rights \/ Children\u2019s Rights Education: Goals, Realities, and Outcomes,\u201d Chisinau, December 10, 2015 (<strong>Iosif Moldovanu<\/strong>)<\/a> \u00a0<span style=\"color: #0000ff;\"><a style=\"color: #0000ff;\" href=\"https:\/\/doi.org\/10.37710\/plural.v3i2_28\">https:\/\/doi.org\/10.37710\/plural.v3i2_28<\/a><\/span><\/li>\n<\/ul>\n<p><strong>\u00a0<\/strong><strong>In memoriam<\/strong><\/p>\n<ul>\n<li><a href=\"https:\/\/plural.upsc.md\/?page_id=569\">In memoriam Gheorghe Gon\u0163a (1948-2015). Un reprezentant de vaz\u0103 a istoricilor din Republica Moldova\u00a0\/ In memoriam Gheorghe Gon\u0163a (1948-2015). An Outstanding Representative of the Moldovan Community of Historians (<strong>Sergiu Mustea\u021b\u0103, Silvia Chicu<\/strong>)<\/a> \u00a0<span style=\"color: #0000ff;\"><a style=\"color: #0000ff;\" href=\"https:\/\/doi.org\/10.37710\/plural.v3i2_29\">https:\/\/doi.org\/10.37710\/plural.v3i2_29<\/a><\/span><\/li>\n<li><a href=\"https:\/\/plural.upsc.md\/?page_id=573\"><strong>Authors\u2019 Short Biographies<\/strong><strong> \/ Date despre autori<\/strong><\/a><\/li>\n<li><a href=\"https:\/\/plural.upsc.md\/?page_id=576\"><strong>Submission Guidelines \/ Not\u0103 pentru autori <\/strong><\/a><\/li>\n<\/ul>\n<div id=\"gtx-trans\" style=\"position: absolute; left: 404px; top: 989.453px;\">\n<div class=\"gtx-trans-icon\"><\/div>\n<\/div>\n","protected":false},"excerpt":{"rendered":"<p>CONTENT \/ CUPRINS Articles\/ Studii Hans-Ulrich Vo\u00df, Sergiu Mustea\u021b\u0103, Alexandru Popa, Daniel Burger und Johannes Kalmbach (Germany, Moldova), Putine\u015fti, raionul Flore\u015fti \u2013 eine Siedlung der Santana-de-Mure\u015f-Kultur im Norden der Republik [&hellip;]<\/p>\n","protected":false},"author":1,"featured_media":0,"parent":12,"menu_order":0,"comment_status":"closed","ping_status":"closed","template":"page-templates\/two-sidebars.php","meta":{"footnotes":""},"class_list":["post-480","page","type-page","status-publish","hentry"],"_links":{"self":[{"href":"https:\/\/plural.upsc.md\/index.php?rest_route=\/wp\/v2\/pages\/480","targetHints":{"allow":["GET"]}}],"collection":[{"href":"https:\/\/plural.upsc.md\/index.php?rest_route=\/wp\/v2\/pages"}],"about":[{"href":"https:\/\/plural.upsc.md\/index.php?rest_route=\/wp\/v2\/types\/page"}],"author":[{"embeddable":true,"href":"https:\/\/plural.upsc.md\/index.php?rest_route=\/wp\/v2\/users\/1"}],"replies":[{"embeddable":true,"href":"https:\/\/plural.upsc.md\/index.php?rest_route=%2Fwp%2Fv2%2Fcomments&post=480"}],"version-history":[{"count":9,"href":"https:\/\/plural.upsc.md\/index.php?rest_route=\/wp\/v2\/pages\/480\/revisions"}],"predecessor-version":[{"id":1076,"href":"https:\/\/plural.upsc.md\/index.php?rest_route=\/wp\/v2\/pages\/480\/revisions\/1076"}],"up":[{"embeddable":true,"href":"https:\/\/plural.upsc.md\/index.php?rest_route=\/wp\/v2\/pages\/12"}],"wp:attachment":[{"href":"https:\/\/plural.upsc.md\/index.php?rest_route=%2Fwp%2Fv2%2Fmedia&parent=480"}],"curies":[{"name":"wp","href":"https:\/\/api.w.org\/{rel}","templated":true}]}}