{"id":412,"date":"2016-01-01T17:06:29","date_gmt":"2016-01-01T17:06:29","guid":{"rendered":"https:\/\/plural.upsc.md\/?page_id=412"},"modified":"2016-01-01T17:06:29","modified_gmt":"2016-01-01T17:06:29","slug":"istorie-cultura-si-civilizatie-europa-de-sud-est-2","status":"publish","type":"page","link":"https:\/\/plural.upsc.md\/?page_id=412","title":{"rendered":"Istorie, Cultur\u0103 \u015fi Civiliza\u0163ie \u00een Europa de Sud-Est"},"content":{"rendered":"<iframe src=\"\/\/docs.google.com\/viewer?url=https%3A%2F%2Fplural.upsc.md%2Fwp-content%2Fuploads%2F2016%2F01%2F23-Conferinta.pdf&hl=en_US&embedded=true\" class=\"gde-frame\" style=\"width:100%; height:640px; border: none;\" scrolling=\"no\"><\/iframe>\n<p class=\"gde-text\"><a href=\"https:\/\/plural.upsc.md\/wp-content\/uploads\/2016\/01\/23-Conferinta.pdf\" class=\"gde-link\">Download (PDF, 1.66MB)<\/a><\/p>\n","protected":false},"excerpt":{"rendered":"","protected":false},"author":1,"featured_media":0,"parent":0,"menu_order":0,"comment_status":"closed","ping_status":"closed","template":"page-templates\/left-sidebar.php","meta":{"footnotes":""},"class_list":["post-412","page","type-page","status-publish","hentry"],"_links":{"self":[{"href":"https:\/\/plural.upsc.md\/index.php?rest_route=\/wp\/v2\/pages\/412","targetHints":{"allow":["GET"]}}],"collection":[{"href":"https:\/\/plural.upsc.md\/index.php?rest_route=\/wp\/v2\/pages"}],"about":[{"href":"https:\/\/plural.upsc.md\/index.php?rest_route=\/wp\/v2\/types\/page"}],"author":[{"embeddable":true,"href":"https:\/\/plural.upsc.md\/index.php?rest_route=\/wp\/v2\/users\/1"}],"replies":[{"embeddable":true,"href":"https:\/\/plural.upsc.md\/index.php?rest_route=%2Fwp%2Fv2%2Fcomments&post=412"}],"version-history":[{"count":1,"href":"https:\/\/plural.upsc.md\/index.php?rest_route=\/wp\/v2\/pages\/412\/revisions"}],"predecessor-version":[{"id":414,"href":"https:\/\/plural.upsc.md\/index.php?rest_route=\/wp\/v2\/pages\/412\/revisions\/414"}],"wp:attachment":[{"href":"https:\/\/plural.upsc.md\/index.php?rest_route=%2Fwp%2Fv2%2Fmedia&parent=412"}],"curies":[{"name":"wp","href":"https:\/\/api.w.org\/{rel}","templated":true}]}}