{"id":329,"date":"2016-01-01T15:08:09","date_gmt":"2016-01-01T15:08:09","guid":{"rendered":"https:\/\/plural.upsc.md\/?page_id=329"},"modified":"2016-01-01T15:08:09","modified_gmt":"2016-01-01T15:08:09","slug":"istorie-cultura-si-civilizatie-europa-de-sud-est","status":"publish","type":"page","link":"https:\/\/plural.upsc.md\/?page_id=329","title":{"rendered":"Istorie, Cultur\u0103 \u015fi Civiliza\u0163ie \u00een Europa de Sud-Est"},"content":{"rendered":"\n<div class=\"gde-error\">GDE Error: Error retrieving file - if necessary turn off error checking (404:Not Found)<\/div>\n\n","protected":false},"excerpt":{"rendered":"","protected":false},"author":1,"featured_media":0,"parent":0,"menu_order":0,"comment_status":"closed","ping_status":"closed","template":"page-templates\/left-sidebar.php","meta":{"footnotes":""},"class_list":["post-329","page","type-page","status-publish","hentry"],"_links":{"self":[{"href":"https:\/\/plural.upsc.md\/index.php?rest_route=\/wp\/v2\/pages\/329","targetHints":{"allow":["GET"]}}],"collection":[{"href":"https:\/\/plural.upsc.md\/index.php?rest_route=\/wp\/v2\/pages"}],"about":[{"href":"https:\/\/plural.upsc.md\/index.php?rest_route=\/wp\/v2\/types\/page"}],"author":[{"embeddable":true,"href":"https:\/\/plural.upsc.md\/index.php?rest_route=\/wp\/v2\/users\/1"}],"replies":[{"embeddable":true,"href":"https:\/\/plural.upsc.md\/index.php?rest_route=%2Fwp%2Fv2%2Fcomments&post=329"}],"version-history":[{"count":1,"href":"https:\/\/plural.upsc.md\/index.php?rest_route=\/wp\/v2\/pages\/329\/revisions"}],"predecessor-version":[{"id":332,"href":"https:\/\/plural.upsc.md\/index.php?rest_route=\/wp\/v2\/pages\/329\/revisions\/332"}],"wp:attachment":[{"href":"https:\/\/plural.upsc.md\/index.php?rest_route=%2Fwp%2Fv2%2Fmedia&parent=329"}],"curies":[{"name":"wp","href":"https:\/\/api.w.org\/{rel}","templated":true}]}}