{"id":261,"date":"2015-12-31T19:52:28","date_gmt":"2015-12-31T19:52:28","guid":{"rendered":"https:\/\/plural.upsc.md\/?page_id=261"},"modified":"2015-12-31T19:52:28","modified_gmt":"2015-12-31T19:52:28","slug":"imunitatea-raporturile-dintre-domnie-si-manastirile-moldovei-secolele-xv-xvi-pentru-o-abordare-interdisciplinara-problemei","status":"publish","type":"page","link":"https:\/\/plural.upsc.md\/?page_id=261","title":{"rendered":"Imunitatea \u00een raporturile dintre domnie \u0219i m\u0103n\u0103stirile Moldovei (secolele XV-XVI). Pentru o abordare interdisciplinar\u0103 a problemei"},"content":{"rendered":"<iframe src=\"\/\/docs.google.com\/viewer?url=https%3A%2F%2Fplural.upsc.md%2Fwp-content%2Fuploads%2F2015%2F12%2F04-igor.pdf&hl=en_US&embedded=true\" class=\"gde-frame\" style=\"width:100%; height:640px; border: none;\" scrolling=\"no\"><\/iframe>\n<p class=\"gde-text\"><a href=\"https:\/\/plural.upsc.md\/wp-content\/uploads\/2015\/12\/04-igor.pdf\" class=\"gde-link\">Download (PDF, 597KB)<\/a><\/p>\n","protected":false},"excerpt":{"rendered":"","protected":false},"author":1,"featured_media":0,"parent":0,"menu_order":0,"comment_status":"closed","ping_status":"closed","template":"page-templates\/left-sidebar.php","meta":{"footnotes":""},"class_list":["post-261","page","type-page","status-publish","hentry"],"_links":{"self":[{"href":"https:\/\/plural.upsc.md\/index.php?rest_route=\/wp\/v2\/pages\/261","targetHints":{"allow":["GET"]}}],"collection":[{"href":"https:\/\/plural.upsc.md\/index.php?rest_route=\/wp\/v2\/pages"}],"about":[{"href":"https:\/\/plural.upsc.md\/index.php?rest_route=\/wp\/v2\/types\/page"}],"author":[{"embeddable":true,"href":"https:\/\/plural.upsc.md\/index.php?rest_route=\/wp\/v2\/users\/1"}],"replies":[{"embeddable":true,"href":"https:\/\/plural.upsc.md\/index.php?rest_route=%2Fwp%2Fv2%2Fcomments&post=261"}],"version-history":[{"count":1,"href":"https:\/\/plural.upsc.md\/index.php?rest_route=\/wp\/v2\/pages\/261\/revisions"}],"predecessor-version":[{"id":263,"href":"https:\/\/plural.upsc.md\/index.php?rest_route=\/wp\/v2\/pages\/261\/revisions\/263"}],"wp:attachment":[{"href":"https:\/\/plural.upsc.md\/index.php?rest_route=%2Fwp%2Fv2%2Fmedia&parent=261"}],"curies":[{"name":"wp","href":"https:\/\/api.w.org\/{rel}","templated":true}]}}