{"id":252,"date":"2015-12-31T19:48:00","date_gmt":"2015-12-31T19:48:00","guid":{"rendered":"https:\/\/plural.upsc.md\/?page_id=252"},"modified":"2015-12-31T19:48:00","modified_gmt":"2015-12-31T19:48:00","slug":"cultura-poienesti-lucaseuca-o-succinta-retrospectiva-istoriografica-interpretarilor-etnoarheologice","status":"publish","type":"page","link":"https:\/\/plural.upsc.md\/?page_id=252","title":{"rendered":"Cultura Poiene\u015fti-Luca\u015feuca: o succint\u0103 retrospectiv\u0103 istoriografic\u0103 a interpret\u0103rilor etnoarheologice"},"content":{"rendered":"<iframe src=\"\/\/docs.google.com\/viewer?url=https%3A%2F%2Fplural.upsc.md%2Fwp-content%2Fuploads%2F2015%2F12%2F02-octavian.pdf&hl=en_US&embedded=true\" class=\"gde-frame\" style=\"width:100%; height:640px; border: none;\" scrolling=\"no\"><\/iframe>\n<p class=\"gde-text\"><a href=\"https:\/\/plural.upsc.md\/wp-content\/uploads\/2015\/12\/02-octavian.pdf\" class=\"gde-link\">Download (PDF, 547KB)<\/a><\/p>\n","protected":false},"excerpt":{"rendered":"","protected":false},"author":1,"featured_media":0,"parent":0,"menu_order":0,"comment_status":"closed","ping_status":"closed","template":"page-templates\/left-sidebar.php","meta":{"footnotes":""},"class_list":["post-252","page","type-page","status-publish","hentry"],"_links":{"self":[{"href":"https:\/\/plural.upsc.md\/index.php?rest_route=\/wp\/v2\/pages\/252","targetHints":{"allow":["GET"]}}],"collection":[{"href":"https:\/\/plural.upsc.md\/index.php?rest_route=\/wp\/v2\/pages"}],"about":[{"href":"https:\/\/plural.upsc.md\/index.php?rest_route=\/wp\/v2\/types\/page"}],"author":[{"embeddable":true,"href":"https:\/\/plural.upsc.md\/index.php?rest_route=\/wp\/v2\/users\/1"}],"replies":[{"embeddable":true,"href":"https:\/\/plural.upsc.md\/index.php?rest_route=%2Fwp%2Fv2%2Fcomments&post=252"}],"version-history":[{"count":1,"href":"https:\/\/plural.upsc.md\/index.php?rest_route=\/wp\/v2\/pages\/252\/revisions"}],"predecessor-version":[{"id":255,"href":"https:\/\/plural.upsc.md\/index.php?rest_route=\/wp\/v2\/pages\/252\/revisions\/255"}],"wp:attachment":[{"href":"https:\/\/plural.upsc.md\/index.php?rest_route=%2Fwp%2Fv2%2Fmedia&parent=252"}],"curies":[{"name":"wp","href":"https:\/\/api.w.org\/{rel}","templated":true}]}}