{"id":216,"date":"2015-12-31T13:22:19","date_gmt":"2015-12-31T13:22:19","guid":{"rendered":"https:\/\/plural.upsc.md\/?page_id=216"},"modified":"2015-12-31T13:22:19","modified_gmt":"2015-12-31T13:22:19","slug":"1878-inainte-si-dupa-constructie-nationala-romaneasca-politici-imperiale-ruse-si-viziuni-ale-alteritatii-basarabia-de-sud","status":"publish","type":"page","link":"https:\/\/plural.upsc.md\/?page_id=216","title":{"rendered":"1878, \u00eenainte \u0219i dup\u0103: construc\u021bie na\u021bional\u0103 rom\u00e2neasc\u0103, politici imperiale ruse \u0219i viziuni ale alterit\u0103\u021bii \u00een Basarabia de sud"},"content":{"rendered":"<iframe src=\"\/\/docs.google.com\/viewer?url=https%3A%2F%2Fplural.upsc.md%2Fwp-content%2Fuploads%2F2015%2F12%2FPlural-3-Cusco.pdf&hl=en_US&embedded=true\" class=\"gde-frame\" style=\"width:100%; height:640px; border: none;\" scrolling=\"no\"><\/iframe>\n<p class=\"gde-text\"><a href=\"https:\/\/plural.upsc.md\/wp-content\/uploads\/2015\/12\/Plural-3-Cusco.pdf\" class=\"gde-link\">Download (PDF, 183KB)<\/a><\/p>\n","protected":false},"excerpt":{"rendered":"","protected":false},"author":1,"featured_media":0,"parent":0,"menu_order":0,"comment_status":"closed","ping_status":"closed","template":"page-templates\/left-sidebar.php","meta":{"footnotes":""},"class_list":["post-216","page","type-page","status-publish","hentry"],"_links":{"self":[{"href":"https:\/\/plural.upsc.md\/index.php?rest_route=\/wp\/v2\/pages\/216","targetHints":{"allow":["GET"]}}],"collection":[{"href":"https:\/\/plural.upsc.md\/index.php?rest_route=\/wp\/v2\/pages"}],"about":[{"href":"https:\/\/plural.upsc.md\/index.php?rest_route=\/wp\/v2\/types\/page"}],"author":[{"embeddable":true,"href":"https:\/\/plural.upsc.md\/index.php?rest_route=\/wp\/v2\/users\/1"}],"replies":[{"embeddable":true,"href":"https:\/\/plural.upsc.md\/index.php?rest_route=%2Fwp%2Fv2%2Fcomments&post=216"}],"version-history":[{"count":1,"href":"https:\/\/plural.upsc.md\/index.php?rest_route=\/wp\/v2\/pages\/216\/revisions"}],"predecessor-version":[{"id":217,"href":"https:\/\/plural.upsc.md\/index.php?rest_route=\/wp\/v2\/pages\/216\/revisions\/217"}],"wp:attachment":[{"href":"https:\/\/plural.upsc.md\/index.php?rest_route=%2Fwp%2Fv2%2Fmedia&parent=216"}],"curies":[{"name":"wp","href":"https:\/\/api.w.org\/{rel}","templated":true}]}}