{"id":1785,"date":"2025-12-30T22:54:17","date_gmt":"2025-12-30T20:54:17","guid":{"rendered":"https:\/\/plural.upsc.md\/?page_id=1785"},"modified":"2026-03-01T10:42:34","modified_gmt":"2026-03-01T08:42:34","slug":"plural-vol-13-no-2-2025","status":"publish","type":"page","link":"https:\/\/plural.upsc.md\/?page_id=1785","title":{"rendered":"Plural Vol. 13 no. 2, 2025"},"content":{"rendered":"<p style=\"text-align: center;\"><strong>CONTENT\/CUPRINS<\/strong><\/p>\n<p><strong>Articles \/ Studii<\/strong><\/p>\n<ul>\n<li><a href=\"https:\/\/plural.upsc.md\/wp-content\/uploads\/2026\/02\/1-BATSIKADZE_5-21.pdf\"><strong>Giorgi BATSIKADZE, Otar GOGOLISHVILI &amp; Jemal KARALIDZE (Georgia)<\/strong>, From Discord to Autonomy: The Idea of Unity between Georgia and the North Caucasus, 1917\u20131920<\/a> <span style=\"color: #0000ff;\"><a style=\"color: #0000ff;\" href=\"https:\/\/doi.org\/10.37710\/plural.v13i2_1\"><strong>https:\/\/doi.org\/10.37710\/plural.v13i2_1<\/strong><\/a><\/span><\/li>\n<li><a href=\"https:\/\/plural.upsc.md\/wp-content\/uploads\/2026\/02\/2-FELCHER_22-57.pdf\"><strong>Anastasia FELCHER (Republic of Moldova\/ Hungary)<\/strong>, Exile, Scholarship, and Memory: Pushkin in Moldova between Cultural History and Politics<\/a> <span style=\"color: #0000ff;\"><a style=\"color: #0000ff;\" href=\"https:\/\/doi.org\/10.37710\/plural.v13i2_2\"><strong>https:\/\/doi.org\/10.37710\/plural.v13i2_2<\/strong><\/a><\/span><\/li>\n<li><a href=\"https:\/\/plural.upsc.md\/wp-content\/uploads\/2026\/02\/3-MUSTEATA-58-85.pdf\"><strong>Sergiu MUSTEA\u021a\u0102 (Republica Moldova\/Romania),<\/strong> Din istoria Departamentului rom\u00e2nesc al Radio Europa Liber\u0103: izvoarele cercet\u0103rii \u0219i istoriografia problemei \/ From the history of the Romanian Department of Radio Free Europe: the sources of research and the historiography of the problem<\/a> <span style=\"color: #0000ff;\"><a style=\"color: #0000ff;\" href=\"https:\/\/doi.org\/10.37710\/plural.v13i2_3\"><strong>https:\/\/doi.org\/10.37710\/plural.v13i2_3<\/strong><\/a><\/span><\/li>\n<li><a href=\"https:\/\/plural.upsc.md\/wp-content\/uploads\/2026\/02\/4-IVASHCHUK_86-112.pdf\"><strong>Antonina IVASHCHUK, Kateryna POLOZHENTSEVA, \u0406nha PASENKO, Mykola KRYPCHUK &amp; Olga LACHKO (Ukraine)<\/strong>, Popularization of culture as a component of nation branding: A theoretical perspective on Ukraine\u2019s cultural identity<\/a> <span style=\"color: #0000ff;\"><a style=\"color: #0000ff;\" href=\"https:\/\/doi.org\/10.37710\/plural.v13i2_4\"><strong>https:\/\/doi.org\/10.37710\/plural.v13i2_4<\/strong><\/a><\/span><\/li>\n<li><a href=\"https:\/\/plural.upsc.md\/wp-content\/uploads\/2026\/02\/5-VORONOVICI_113-124.pdf\"><strong>Alexandr VORONOVICI (Republic of Moldova\/ Great Britain)<\/strong>, The Ambiguities of the Separatist Symbolic \u201c(Pro-)Russianness\u201d: The Case of the Unrecognised Donetsk People\u2019s Republic<\/a> <span style=\"color: #0000ff;\"><a style=\"color: #0000ff;\" href=\"https:\/\/doi.org\/10.37710\/plural.v13i2_5\"><strong>https:\/\/doi.org\/10.37710\/plural.v13i2_5<\/strong><\/a><\/span><\/li>\n<li><a href=\"https:\/\/plural.upsc.md\/wp-content\/uploads\/2026\/02\/6-MUDROV_125-147.pdf\"><strong>Sergei A. MUDROV (Belarus), <\/strong>The Nation-State Policies and New Challenges for the Orthodox Church in Ukraine<\/a> <span style=\"color: #0000ff;\"><a style=\"color: #0000ff;\" href=\"https:\/\/doi.org\/10.37710\/plural.v13i2_6\"><strong>https:\/\/doi.org\/10.37710\/plural.v13i2_6<\/strong><\/a><\/span><\/li>\n<\/ul>\n<p><strong>Interview \/ Interviu<\/strong><\/p>\n<ul>\n<li><a href=\"https:\/\/plural.upsc.md\/wp-content\/uploads\/2026\/02\/7-Interviu_Musteata_148-163.pdf\">Unele aspecte din rela\u0163iile rom\u00e2no-sovietice din a doua jum\u0103tate a secolului al XX-lea. Interviu cu istoricul \u0219i traduc\u0103torul Vasile Buga \/ Some aspects of Romanian-Soviet relations in the second half of the 20th century. Interview with historian and translator Vasile Buga <strong>(Sergiu MUSTEA\u021a<\/strong><\/a><strong><a href=\"https:\/\/plural.upsc.md\/wp-content\/uploads\/2026\/02\/7-Interviu_Musteata_148-163.pdf\">\u0102)<\/a> <span style=\"color: #0000ff;\"><a style=\"color: #0000ff;\" href=\"https:\/\/doi.org\/10.37710\/plural.v13i2_7\">https:\/\/doi.org\/10.37710\/plural.v13i2_7<\/a><\/span><\/strong><\/li>\n<\/ul>\n<p><strong>Reviews\/ Recenzii<\/strong><\/p>\n<ul>\n<li><a href=\"https:\/\/plural.upsc.md\/wp-content\/uploads\/2026\/02\/9-Recenzie_Negura_164-167.pdf\">B\u00e9atrice von Hirschhausen, <em>Les Provinces du temps. Fronti\u00e8res fant\u00f4mes et exp\u00e9riences de l\u2019histoire<\/em>. Paris : CNRS \u00c9ditions, 2023, 397 pp. ISBN 978-2-271-14536-9 <strong>(Petru NEGUR\u0102)<\/strong><\/a><strong>\u00a0<span style=\"color: #0000ff;\"><a style=\"color: #0000ff;\" href=\"https:\/\/doi.org\/10.37710\/plural.v13i2_8\">https:\/\/doi.org\/10.37710\/plural.v13i2_8<\/a><\/span><\/strong><\/li>\n<li><a href=\"https:\/\/plural.upsc.md\/wp-content\/uploads\/2026\/02\/8-Recenzie-Musteasta_168-181.pdf\">Anke Hilbrenner, Christoph Mei\u00dfner, J\u00f6rg Morr\u00e9 (eds.), <em>Riss durch Europa. <\/em><em>Die Folgen des Hitler-Stalin-Pakts. Perspektiven aus Ostmitteleuropa \/ Rift through Europe. The Consequences of the Hitler-Stalin Pact. Perspectives from East-Central Europe<\/em>. G\u00f6ttingen: Wallstein Verlag, 2024, 296 pp. ISBN 978-3-8353-5781-5<\/a><strong><a href=\"https:\/\/plural.upsc.md\/wp-content\/uploads\/2026\/02\/8-Recenzie-Musteasta_168-181.pdf\"> (Sergiu MUSTEA\u021a\u0102)<\/a>\u00a0<\/strong><strong><span style=\"color: #0000ff;\"><a style=\"color: #0000ff;\" href=\"https:\/\/doi.org\/10.37710\/plural.v13i2_9\">https:\/\/doi.org\/10.37710\/plural.v13i2_9<\/a><\/span><\/strong><\/li>\n<\/ul>\n<p>&nbsp;<\/p>\n<ul>\n<li><a href=\"https:\/\/plural.upsc.md\/wp-content\/uploads\/2026\/02\/Date-despre-autori_v13_nr2.pdf\"><strong>Authors\u2019 Short Biographies \/ Date despre autori<\/strong><\/a><\/li>\n<li><a href=\"https:\/\/plural.upsc.md\/wp-content\/uploads\/2025\/09\/13_Nota%20despre%20autori_161-162.pdf\"><strong>Submission Guidelines \/ Not\u0103 pentru autori<\/strong><\/a><\/li>\n<\/ul>\n","protected":false},"excerpt":{"rendered":"<p>CONTENT\/CUPRINS Articles \/ Studii Giorgi BATSIKADZE, Otar GOGOLISHVILI &amp; Jemal KARALIDZE (Georgia), From Discord to Autonomy: The Idea of Unity between Georgia and the North Caucasus, 1917\u20131920 https:\/\/doi.org\/10.37710\/plural.v13i2_1 Anastasia FELCHER [&hellip;]<\/p>\n","protected":false},"author":2,"featured_media":0,"parent":0,"menu_order":0,"comment_status":"closed","ping_status":"closed","template":"page-templates\/two-sidebars.php","meta":{"footnotes":""},"class_list":["post-1785","page","type-page","status-publish","hentry"],"_links":{"self":[{"href":"https:\/\/plural.upsc.md\/index.php?rest_route=\/wp\/v2\/pages\/1785","targetHints":{"allow":["GET"]}}],"collection":[{"href":"https:\/\/plural.upsc.md\/index.php?rest_route=\/wp\/v2\/pages"}],"about":[{"href":"https:\/\/plural.upsc.md\/index.php?rest_route=\/wp\/v2\/types\/page"}],"author":[{"embeddable":true,"href":"https:\/\/plural.upsc.md\/index.php?rest_route=\/wp\/v2\/users\/2"}],"replies":[{"embeddable":true,"href":"https:\/\/plural.upsc.md\/index.php?rest_route=%2Fwp%2Fv2%2Fcomments&post=1785"}],"version-history":[{"count":5,"href":"https:\/\/plural.upsc.md\/index.php?rest_route=\/wp\/v2\/pages\/1785\/revisions"}],"predecessor-version":[{"id":1805,"href":"https:\/\/plural.upsc.md\/index.php?rest_route=\/wp\/v2\/pages\/1785\/revisions\/1805"}],"wp:attachment":[{"href":"https:\/\/plural.upsc.md\/index.php?rest_route=%2Fwp%2Fv2%2Fmedia&parent=1785"}],"curies":[{"name":"wp","href":"https:\/\/api.w.org\/{rel}","templated":true}]}}