{"id":1739,"date":"2025-09-15T22:08:18","date_gmt":"2025-09-15T20:08:18","guid":{"rendered":"https:\/\/plural.upsc.md\/?page_id=1739"},"modified":"2025-09-25T07:58:15","modified_gmt":"2025-09-25T05:58:15","slug":"plural-vol-13-no-1-2025","status":"publish","type":"page","link":"https:\/\/plural.upsc.md\/?page_id=1739","title":{"rendered":"Plural Vol. 13 no. 1, 2025"},"content":{"rendered":"<p style=\"text-align: center;\"><strong>CONTENT\/CUPRINS<\/strong><\/p>\n<p><strong>Vivat professore!<\/strong><\/p>\n<ul>\n<li><em><a href=\"https:\/\/plural.upsc.md\/wp-content\/uploads\/2025\/09\/02_Vivat professore_pag 6.pdf\">Profesorul Michael Meyer de la Institutul de Preistorie a Universit\u0103\u021bii Libere din Berlin a \u00eemplinit v\u00e2rsta de 65 de ani \/ Professor Michael Meyer from the Institute of Prehistory at the Free University of Berlin has turned 65\u00a0 \u00a0Profesorul Michael Meyer de la Institutul de Preistorie a Universit\u0103\u021bii Libere din Berlin a \u00eemplinit v\u00e2rsta de 65 de ani <\/a><\/em><span style=\"color: #0000ff;\"><a style=\"color: #0000ff;\" href=\"https:\/\/doi.org\/10.37710\/plural.v13i1_1\">https:\/\/doi.org\/10.37710\/plural.v13i1_1 <\/a><\/span><\/li>\n<\/ul>\n<p><strong>Articles \/ Studii<\/strong><\/p>\n<ul>\n<li><a href=\"https:\/\/plural.upsc.md\/wp-content\/uploads\/2025\/09\/03_Jes-Martens_pag-7-33.pdf\"><strong>Jes MARTENS (Norway), <\/strong><em>Pins on the run. Traces of (Cimbri) migrations from the Jutland peninsula during the third century BC<\/em><\/a><em>\u00a0\u00a0<\/em><span style=\"color: #0000ff;\"><a style=\"color: #0000ff;\" href=\"https:\/\/doi.org\/10.37710\/plural.v13i1_2\">https:\/\/doi.org\/10.37710\/plural.v13i1_2<\/a><\/span><\/li>\n<li><a href=\"https:\/\/plural.upsc.md\/wp-content\/uploads\/2025\/09\/04_Piotr-Luczkiewicz_pag-34-46.pdf\"><strong>Piotr \u0141UCZKIEWICZ (Poland), <\/strong><em>Einige einleitende Bemerkungen \u00fcber die Anf\u00e4nge der \u201eJastorf\u201c-Besiedlung im Ostpolen \/ Some introductory remarks on the beginnings of the \u201cJastorf\u201d settlement in Eastern Poland <\/em><\/a><em>\u00a0<\/em><span style=\"color: #0000ff;\"><a style=\"color: #0000ff;\" href=\"https:\/\/doi.org\/10.37710\/plural.v13i1_3\">https:\/\/doi.org\/10.37710\/plural.v13i1_3<\/a><\/span><\/li>\n<li><a href=\"https:\/\/plural.upsc.md\/wp-content\/uploads\/2025\/09\/05_Iosif-Vasile-Ferencz_pag-47-61.pdf\"><strong>Iosif Vasile FERENCZ (Romania), <\/strong><em>Objects specific to the Poiene\u0219ti-Luca\u0219euca Culture in Transylvania. Research stage<\/em><\/a><em>\u00a0\u00a0<\/em><span style=\"color: #0000ff;\"><a style=\"color: #0000ff;\" href=\"https:\/\/doi.org\/10.37710\/plural.v13i1_4\">https:\/\/doi.org\/10.37710\/plural.v13i1_4<\/a><\/span><\/li>\n<li><a href=\"https:\/\/plural.upsc.md\/wp-content\/uploads\/2025\/09\/06_Vasile%20Iarmulschi_pag%2062-98.pdf\"><strong>Vasile IARMULSCHI (Germany\/Moldova), <\/strong><em>Siedlungen der Zarubincy-Kultur. Einige Bemerkungen zur Besiedlung des Mitteldnjepr-, Oberdnjepr- und Polesien Gebiets w\u00e4hrend der j\u00fcngeren vorr\u00f6mischen Eisen- und fr\u00fchen R\u00f6mischen Kaiserzeit \/ Settlements of the Zarubincy culture. Some remarks on the settlement of the Middle Dnieper, Upper Dnieper, and Polesia regions during the younger pre-Roman Iron Age and early Roman Imperial periods<\/em><\/a> <span style=\"color: #0000ff;\"><a style=\"color: #0000ff;\" href=\"https:\/\/doi.org\/10.37710\/plural.v13i1_5\">https:\/\/doi.org\/10.37710\/plural.v13i1_5<\/a><\/span><\/li>\n<li><a href=\"https:\/\/plural.upsc.md\/wp-content\/uploads\/2025\/09\/07_Von-Piotr-Luczkiewicz_et.al_pag-99-107.pdf\"><strong>Von Piotr \u0141UCZKIEWICZ (Poland), Michael MEYER (Germany) und Martin SCH\u00d6NFELDER (Germany), <\/strong><em>Zur eisernen Fibel vom Sp\u00e4tlat\u00e8neschema aus der Siedlung von Kruhlyk (obl. Tscherniwzi, UA): Klassifikation und Querverbindungen in Europa \/ On the iron brooch of the Late La T\u00e8ne pattern from the settlement of Kruhlyk (obl. Chernivtsi, UA): Classification and cross-connections in Europe<\/em><\/a><em>\u00a0\u00a0<\/em><span style=\"color: #0000ff;\"><a style=\"color: #0000ff;\" href=\"https:\/\/doi.org\/10.37710\/plural.v13i1_6\">https:\/\/doi.org\/10.37710\/plural.v13i1_6<\/a><\/span><\/li>\n<li><a href=\"https:\/\/plural.upsc.md\/wp-content\/uploads\/2025\/09\/08_Octavian-Munteanu-et.al_pag-108-139.pdf\"><strong>Octavian MUNTEANU (Republic of Moldova), Natalia MATEEVICI (Republic of Moldova), Cristian COROLENCO (Republic of Moldova), <\/strong><em>Ecouri grece\u0219ti \u0219i reverbera\u021bii barbare: importuri elenistice \u00een a\u0219ezarea de tip Poiene\u0219ti-Luca\u0219euca de la Ivancea Sub P\u0103dure \/ Greek echoes and barbarian reverberations: Hellenistic imports in the Poiene\u0219ti-Luca\u0219euca-type settlement at Ivancea Sub P\u0103dure<\/em><\/a><em>\u00a0<\/em><span style=\"color: #0000ff;\"><a style=\"color: #0000ff;\" href=\"https:\/\/doi.org\/10.37710\/plural.v13i1_7\">https:\/\/doi.org\/10.37710\/plural.v13i1_7<\/a><\/span><\/li>\n<\/ul>\n<p><strong>Book reviews \/ Recenzii<\/strong><\/p>\n<ul>\n<li><a href=\"https:\/\/plural.upsc.md\/wp-content\/uploads\/2025\/09\/09_Zsolt%20K%C3%B6r%C3%B6sf%C5%91i_Daniel%20Spanu_pag%20140-145.pdf\"><strong>Zsolt K\u00d6R\u00d6SF\u0150I, <\/strong><em>Marosszentanna. S\u00e2ntana de Mure\u015f. Late imperial cemetery at the Mure\u015f, Publications of the J\u00f3sa Andr\u00e1s Museum 84, Ny\u00edregyh\u00e1za, 2024, 188 p. <\/em>(<strong>Daniel Sp\u00e2nu, Romania<\/strong>)<\/a>\u00a0<span style=\"color: #0000ff;\"><a style=\"color: #0000ff;\" href=\"https:\/\/doi.org\/10.37710\/plural.v13i1_8\">https:\/\/doi.org\/10.37710\/plural.v13i1_8<\/a><\/span><\/li>\n<li><a href=\"https:\/\/plural.upsc.md\/wp-content\/uploads\/2025\/09\/10_Claudiu-PUDREA_Sergiu-Musteata_Pag-146-149.pdf\"><strong>Claudiu PURDEA, <\/strong><em>Braconarea patrimoniului arheologic din Mun\u021bii \u0218ureanu. Istorie \u0219i jurispruden\u021b\u0103 (Poaching of archaeological heritage from the \u015eureanu Mountains. History and jurisprudence), Cluj-Napoca: Editura MEGA, 2024, 736 p.<\/em> <strong>(Sergiu Mustea\u021b\u0103, Republic of Moldova)<\/strong><\/a><em>\u00a0\u00a0<\/em><span style=\"color: #0000ff;\"><a style=\"color: #0000ff;\" href=\"https:\/\/doi.org\/10.37710\/plural.v13i1_9\">https:\/\/doi.org\/10.37710\/plural.v13i1_9<\/a><\/span><\/li>\n<\/ul>\n<p><strong>Interview \/ Interviu<\/strong><\/p>\n<ul>\n<li><a href=\"https:\/\/plural.upsc.md\/wp-content\/uploads\/2025\/09\/11_Interviu-cu-Matthew-Whincop_Sergiu-Musteata_Pag-150-155.pdf\">For me, archaeology has always been attractive and easy to talk to people about. Interview with Matthew WHINCOP, Secretary General of the ICOMOS International Scientific Committee on Archaeological Heritage Management (ICAHM), <strong>done by Sergiu Mustea\u021b\u0103<\/strong><\/a><strong>\u00a0<\/strong><span style=\"color: #0000ff;\"><a style=\"color: #0000ff;\" href=\"https:\/\/doi.org\/10.37710\/plural.v13i1_10\">https:\/\/doi.org\/10.37710\/plural.v13i1_10<\/a><\/span><\/li>\n<\/ul>\n<p>&nbsp;<\/p>\n<ul>\n<li><a href=\"https:\/\/plural.upsc.md\/wp-content\/uploads\/2025\/09\/12_Date%20despre%20autori_156-160.pdf\"><strong>Authors\u2019 Short Biographies \/ Date despre autori<\/strong><\/a><\/li>\n<li><a href=\"https:\/\/plural.upsc.md\/wp-content\/uploads\/2025\/09\/13_Nota%20despre%20autori_161-162.pdf\"><strong>Submission Guidelines \/ Not\u0103 pentru autori<\/strong><\/a><\/li>\n<\/ul>\n","protected":false},"excerpt":{"rendered":"<p>CONTENT\/CUPRINS Vivat professore! Profesorul Michael Meyer de la Institutul de Preistorie a Universit\u0103\u021bii Libere din Berlin a \u00eemplinit v\u00e2rsta de 65 de ani \/ Professor Michael Meyer from the Institute [&hellip;]<\/p>\n","protected":false},"author":2,"featured_media":0,"parent":0,"menu_order":0,"comment_status":"closed","ping_status":"closed","template":"page-templates\/two-sidebars.php","meta":{"footnotes":""},"class_list":["post-1739","page","type-page","status-publish","hentry"],"_links":{"self":[{"href":"https:\/\/plural.upsc.md\/index.php?rest_route=\/wp\/v2\/pages\/1739","targetHints":{"allow":["GET"]}}],"collection":[{"href":"https:\/\/plural.upsc.md\/index.php?rest_route=\/wp\/v2\/pages"}],"about":[{"href":"https:\/\/plural.upsc.md\/index.php?rest_route=\/wp\/v2\/types\/page"}],"author":[{"embeddable":true,"href":"https:\/\/plural.upsc.md\/index.php?rest_route=\/wp\/v2\/users\/2"}],"replies":[{"embeddable":true,"href":"https:\/\/plural.upsc.md\/index.php?rest_route=%2Fwp%2Fv2%2Fcomments&post=1739"}],"version-history":[{"count":5,"href":"https:\/\/plural.upsc.md\/index.php?rest_route=\/wp\/v2\/pages\/1739\/revisions"}],"predecessor-version":[{"id":1780,"href":"https:\/\/plural.upsc.md\/index.php?rest_route=\/wp\/v2\/pages\/1739\/revisions\/1780"}],"wp:attachment":[{"href":"https:\/\/plural.upsc.md\/index.php?rest_route=%2Fwp%2Fv2%2Fmedia&parent=1739"}],"curies":[{"name":"wp","href":"https:\/\/api.w.org\/{rel}","templated":true}]}}