{"id":1675,"date":"2025-02-06T21:33:15","date_gmt":"2025-02-06T19:33:15","guid":{"rendered":"https:\/\/plural.upsc.md\/?page_id=1675"},"modified":"2025-02-09T13:37:57","modified_gmt":"2025-02-09T11:37:57","slug":"plural-vol-12-no-1-2024-2","status":"publish","type":"page","link":"https:\/\/plural.upsc.md\/?page_id=1675","title":{"rendered":"Plural Vol. 12 no. 2, 2024"},"content":{"rendered":"<p style=\"text-align: center;\"><strong>CONTENT\/CUPRINS<\/strong><\/p>\n<p><strong>Articles \/ Studii<\/strong><\/p>\n<ul>\n<li><a href=\"https:\/\/plural.upsc.md\/wp-content\/uploads\/2025\/02\/Revista-Plural_Vol_12_nr_2_2024_1.pdf\"><strong>Petra KARV\u00c1NKOV\u00c1, Vojt\u011bch BLA\u017dEK, Renata Klufov\u00e1, Ji\u0159\u00ed RYPL (Czechia)<\/strong>, <em>Reawakening the Past: The Role of Gamification in Preserving Cultural Legacy \u2013 A Case Study from Czechia<\/em><\/a><em>\u00a0\u00a0<a href=\"https:\/\/doi.org\/10.37710\/plural.v12i2_1\"><span style=\"color: #0000ff;\">https:\/\/doi.org\/10.37710\/plural.v12i2_1<\/span><\/a><\/em><\/li>\n<li><a href=\"https:\/\/plural.upsc.md\/wp-content\/uploads\/2025\/02\/Revista-Plural_Vol_12_nr_2_2024_2.pdf\"><strong>Marusya SMOKOVA, Margarita BOGDANOVA, Evelina PARASHKEVOVA, Mariela STOYANOVA, Elitsa KRASTEVA, Lyubomira TODOROVA (Bulgaria)<\/strong> Gamification in Cultural Heritage: Best Practice Case Studies from Bulgaria<\/a> <span style=\"color: #0000ff;\"><a style=\"color: #0000ff;\" href=\"https:\/\/doi.org\/10.37710\/plural.v12i2_2\">https:\/\/doi.org\/10.37710\/plural.v12i2_2<\/a><\/span><em><br \/>\n<\/em><\/li>\n<li><a href=\"https:\/\/plural.upsc.md\/wp-content\/uploads\/2025\/02\/Revista-Plural_Vol_12_nr_2_2024_3.pdf\"><strong>Lucia NOV\u00c1KOV\u00c1 (Slovakia), Bilge AKSAY (Republic of T\u00fcrkiy), Renato DE LEONE (Italy)<\/strong>, <em>Engaging with the Past: Digital Games and Italy\u2019s Heritage Preservation<\/em><\/a><em>\u00a0\u00a0<span style=\"color: #0000ff;\"><a style=\"color: #0000ff;\" href=\"https:\/\/doi.org\/10.37710\/plural.v12i2_3\">https:\/\/doi.org\/10.37710\/plural.v12i2_3<\/a><\/span><\/em><\/li>\n<li><a href=\"https:\/\/plural.upsc.md\/wp-content\/uploads\/2025\/02\/Revista-Plural_Vol_12_nr_2_2024_4.pdf\"><strong>C\u00e9lio Gon\u00e7alo MARQUES, In\u00eas Domingues SERRANO, L\u00edgia Salgueiro MATEUS, Jo\u00e3o Pedro Tom\u00e1z SIM\u00d5ES, H\u00e9lder da Corte PESTANA (Portugal)<\/strong>, <em>Engaging Communities through Gamification: Case Studies in Cultural Heritage Preservation \u2013 Aldeia Pintada And Lagoa Geotour in Portugal<\/em><\/a><em>\u00a0 <span style=\"color: #0000ff;\"><a style=\"color: #0000ff;\" href=\"https:\/\/doi.org\/10.37710\/plural.v12i2_4\">https:\/\/doi.org\/10.37710\/plural.v12i2_4<\/a><\/span><\/em><\/li>\n<li><a href=\"https:\/\/plural.upsc.md\/wp-content\/uploads\/2025\/02\/Revista-Plural_Vol_12_nr_2_2024_5.pdf\"><strong>Silviu MILOIU, Sergiu MUSTEA\u021a\u0102 (Romania), <\/strong><em>Gamification for Community-Based Heritage Work \u2013 A Case Study from Romania<\/em><\/a><em>\u00a0\u00a0<span style=\"color: #0000ff;\"><a style=\"color: #0000ff;\" href=\"https:\/\/doi.org\/10.37710\/plural.v12i2_5\">https:\/\/doi.org\/10.37710\/plural.v12i2_5<\/a><\/span><\/em><\/li>\n<li><a href=\"https:\/\/plural.upsc.md\/wp-content\/uploads\/2025\/02\/Revista-Plural_Vol_12_nr_2_2024_6.pdf\"><strong>Zuzana DANI\u0160KOV\u00c1, Lucia NOV\u00c1KOV\u00c1 (Slovakia)<\/strong>, <em>A Gamification Model for Community-Based Heritage Work: The Cases from Slovakia<\/em><\/a><em>\u00a0\u00a0<span style=\"color: #0000ff;\"><a style=\"color: #0000ff;\" href=\"https:\/\/doi.org\/10.37710\/plural.v12i2_6\">https:\/\/doi.org\/10.37710\/plural.v12i2_6<\/a><\/span><\/em><\/li>\n<li><a href=\"https:\/\/plural.upsc.md\/wp-content\/uploads\/2025\/02\/Revista-Plural_Vol_12_nr_2_2024_7.pdf\"><strong>Bilge AKSAY, Samet ORAN, Muhammet AKTA\u015e, Esen YILDIRIM, Fatih KILI\u00c7 (Republic of T\u00fcrkiye)<\/strong>, <em>Gamification as a Social Phenomenon and Gamification Heuristics Criteria from Social Sciences Perspective<\/em><\/a><em> \u00a0<span style=\"color: #0000ff;\"><a style=\"color: #0000ff;\" href=\"https:\/\/doi.org\/10.37710\/plural.v12i2_7\">https:\/\/doi.org\/10.37710\/plural.v12i2_7<\/a><\/span><\/em><\/li>\n<\/ul>\n<p>&nbsp;<\/p>\n<ul>\n<li><a href=\"https:\/\/plural.upsc.md\/wp-content\/uploads\/2025\/02\/Revista-Plural_Vol_12_nr_2_2024-134-141.pdf\"><strong>Authors\u2019 Short Biographies \/ Date despre autori<\/strong><\/a><\/li>\n<li><a href=\"https:\/\/plural.upsc.md\/wp-content\/uploads\/2025\/02\/Revista-Plural_Vol_12_nr_2_2024-142-143.pdf\"><strong>Submission Guidelines \/ Not\u0103 pentru autori<\/strong><\/a><\/li>\n<\/ul>\n","protected":false},"excerpt":{"rendered":"<p>CONTENT\/CUPRINS Articles \/ Studii Petra KARV\u00c1NKOV\u00c1, Vojt\u011bch BLA\u017dEK, Renata Klufov\u00e1, Ji\u0159\u00ed RYPL (Czechia), Reawakening the Past: The Role of Gamification in Preserving Cultural Legacy \u2013 A Case Study from Czechia\u00a0\u00a0https:\/\/doi.org\/10.37710\/plural.v12i2_1 [&hellip;]<\/p>\n","protected":false},"author":2,"featured_media":0,"parent":0,"menu_order":0,"comment_status":"closed","ping_status":"closed","template":"page-templates\/two-sidebars.php","meta":{"footnotes":""},"class_list":["post-1675","page","type-page","status-publish","hentry"],"_links":{"self":[{"href":"https:\/\/plural.upsc.md\/index.php?rest_route=\/wp\/v2\/pages\/1675","targetHints":{"allow":["GET"]}}],"collection":[{"href":"https:\/\/plural.upsc.md\/index.php?rest_route=\/wp\/v2\/pages"}],"about":[{"href":"https:\/\/plural.upsc.md\/index.php?rest_route=\/wp\/v2\/types\/page"}],"author":[{"embeddable":true,"href":"https:\/\/plural.upsc.md\/index.php?rest_route=\/wp\/v2\/users\/2"}],"replies":[{"embeddable":true,"href":"https:\/\/plural.upsc.md\/index.php?rest_route=%2Fwp%2Fv2%2Fcomments&post=1675"}],"version-history":[{"count":9,"href":"https:\/\/plural.upsc.md\/index.php?rest_route=\/wp\/v2\/pages\/1675\/revisions"}],"predecessor-version":[{"id":1696,"href":"https:\/\/plural.upsc.md\/index.php?rest_route=\/wp\/v2\/pages\/1675\/revisions\/1696"}],"wp:attachment":[{"href":"https:\/\/plural.upsc.md\/index.php?rest_route=%2Fwp%2Fv2%2Fmedia&parent=1675"}],"curies":[{"name":"wp","href":"https:\/\/api.w.org\/{rel}","templated":true}]}}