{"id":1622,"date":"2024-08-25T13:29:00","date_gmt":"2024-08-25T11:29:00","guid":{"rendered":"https:\/\/plural.upsc.md\/?page_id=1622"},"modified":"2025-02-03T09:30:12","modified_gmt":"2025-02-03T07:30:12","slug":"plural-vol-12-no-1-2024","status":"publish","type":"page","link":"https:\/\/plural.upsc.md\/?page_id=1622","title":{"rendered":"Plural Vol. 12 no. 1, 2024"},"content":{"rendered":"<p style=\"text-align: center;\"><strong>CONTENT\/CUPRINS<\/strong><\/p>\n<p><strong>Articles \/ Studii<\/strong><\/p>\n<ul>\n<li><a href=\"https:\/\/plural.upsc.md\/wp-content\/uploads\/2024\/08\/01_Articol_FUCHS_5-22-pag.pdf\"><strong><em>Olivier FUCHS (UK \/ Germany), <\/em><\/strong>The Seal of the Phanariot Prince Constantine Ypsilantis as Voivod of Moldavia<\/a> \u00a0\u00a0<span style=\"color: #0000ff;\"><a style=\"color: #0000ff;\" href=\"https:\/\/doi.org\/10.37710\/plural.v12i1_1\">https:\/\/doi.org\/10.37710\/plural.v12i1_1<\/a><\/span><\/li>\n<li><a href=\"https:\/\/plural.upsc.md\/wp-content\/uploads\/2024\/08\/02_Articol_PANTEA_23-40-pag.pdf\"><strong><em>Maria Alexandra PANTEA (Romania), <\/em><\/strong>The Role of the \u201dPetru Maior\u201d and \u201dRom\u00e2nia Jun\u0103\u201d Societies in the Formation of the Romanian Elite<\/a>\u00a0\u00a0<span style=\"color: #0000ff;\"><a style=\"color: #0000ff;\" href=\"https:\/\/doi.org\/10.37710\/plural.v12i1_2\">https:\/\/doi.org\/10.37710\/plural.v12i1_2<\/a><\/span><\/li>\n<li><a href=\"https:\/\/plural.upsc.md\/wp-content\/uploads\/2024\/08\/03_Articol_CRAGG_41_74-pag.pdf\"><strong><em>Bronwyn CRAGG (Luxembourg \/ Canada), <\/em><\/strong>The Metamorphosis of Alexandru Resmeri\u021b\u0103. Drawing Professor, Linguist, \u201cIron Guard Priest\u201d?<\/a>\u00a0\u00a0\u00a0<span style=\"color: #0000ff;\"><a style=\"color: #0000ff;\" href=\"https:\/\/doi.org\/10.37710\/plural.v12i1_3\">https:\/\/doi.org\/10.37710\/plural.v12i1_3<\/a><\/span><\/li>\n<li><a href=\"https:\/\/plural.upsc.md\/wp-content\/uploads\/2024\/08\/04_Articol_IRIMIA_75-107-pag.pdf\"><strong><em>Maria M\u0103d\u0103lina IRIMIA (Romania),<\/em><\/strong>\u201cStruma\u201d: The Destiny of a Tragedy. A Revised Perspective<\/a>\u00a0\u00a0\u00a0<span style=\"color: #0000ff;\"><a style=\"color: #0000ff;\" href=\"https:\/\/doi.org\/10.37710\/plural.v12i1_4\">https:\/\/doi.org\/10.37710\/plural.v12i1_4<\/a><\/span><\/li>\n<li><a href=\"https:\/\/plural.upsc.md\/wp-content\/uploads\/2024\/08\/05_Articol-TSOUMAS_CHEIRCHANTERI_108-127-pag.pdf\"><em><strong>Johannis TSOUMAS, Georgia CHEIRCHANTERI (Greece)<\/strong><\/em>, Greek Postwar Plastics Consumption as a Female Cultural Phenomenon<\/a>\u00a0\u00a0\u00a0<span style=\"color: #0000ff;\"><a style=\"color: #0000ff;\" href=\"https:\/\/doi.org\/10.37710\/plural.v12i1_5\">https:\/\/doi.org\/10.37710\/plural.v12i1_5<\/a><\/span><\/li>\n<li><a href=\"https:\/\/plural.upsc.md\/wp-content\/uploads\/2024\/08\/06_Articol-ONEA_128-139-pag.pdf\"><strong><em>Veronica ONEA (Republic of Moldova), <\/em><\/strong>R\u0103zboiul Rece la periferie. RSS Moldoveneasc\u0103 \u00een ordinea mondial\u0103 bipolar\u0103 (1970-1980) <strong><em>\/ <\/em><\/strong>The Cold War on the Periphery. The Moldavian SSR in the Bipolar World Order (1970-1980)<\/a>\u00a0\u00a0\u00a0<span style=\"color: #0000ff;\"><a style=\"color: #0000ff;\" href=\"https:\/\/doi.org\/10.37710\/plural.v12i1_6\">https:\/\/doi.org\/10.37710\/plural.v12i1_6<\/a><\/span><\/li>\n<\/ul>\n<p><strong>Discussions and Debates \/ <\/strong><strong>Discu\u021bii \u0219i dezbateri<\/strong><\/p>\n<ul>\n<li><a href=\"https:\/\/plural.upsc.md\/wp-content\/uploads\/2024\/08\/07_Articol-SWIECH_140-149-pag.pdf\"><em><strong>Wojciech Adam \u015aWI\u0118CH (Poland)<\/strong><\/em>, An Outline of the History of Poles in Kishinev (1863-1918): Contribution to the Discussion<\/a>\u00a0\u00a0\u00a0<span style=\"color: #0000ff;\"><a style=\"color: #0000ff;\" href=\"https:\/\/doi.org\/10.37710\/plural.v12i1_7\">https:\/\/doi.org\/10.37710\/plural.v12i1_7<\/a><\/span><\/li>\n<\/ul>\n<p>&nbsp;<\/p>\n<ul>\n<li><em><strong><a href=\"https:\/\/plural.upsc.md\/wp-content\/uploads\/2024\/08\/08_AUTHORS_150-152-pag.pdf\">Authors\u2019 Short Biographies \/ Date despre autori<\/a><\/strong><\/em><\/li>\n<li><em><strong><a href=\"https:\/\/plural.upsc.md\/wp-content\/uploads\/2023\/09\/Revista-Plural_Vol-11_nr_1_2023_pag-195-196.pdf\">Submission Guidelines<\/a>\u00a0\/\u00a0<a href=\"https:\/\/plural.upsc.md\/wp-content\/uploads\/2023\/09\/Revista-Plural_Vol-11_nr_1_2023_pag-197-198.pdf\">Not\u0103 pentru autori<\/a><\/strong><\/em><\/li>\n<\/ul>\n","protected":false},"excerpt":{"rendered":"<p>CONTENT\/CUPRINS Articles \/ Studii Olivier FUCHS (UK \/ Germany), The Seal of the Phanariot Prince Constantine Ypsilantis as Voivod of Moldavia \u00a0\u00a0https:\/\/doi.org\/10.37710\/plural.v12i1_1 Maria Alexandra PANTEA (Romania), The Role of the [&hellip;]<\/p>\n","protected":false},"author":2,"featured_media":0,"parent":0,"menu_order":0,"comment_status":"closed","ping_status":"closed","template":"page-templates\/two-sidebars.php","meta":{"footnotes":""},"class_list":["post-1622","page","type-page","status-publish","hentry"],"_links":{"self":[{"href":"https:\/\/plural.upsc.md\/index.php?rest_route=\/wp\/v2\/pages\/1622","targetHints":{"allow":["GET"]}}],"collection":[{"href":"https:\/\/plural.upsc.md\/index.php?rest_route=\/wp\/v2\/pages"}],"about":[{"href":"https:\/\/plural.upsc.md\/index.php?rest_route=\/wp\/v2\/types\/page"}],"author":[{"embeddable":true,"href":"https:\/\/plural.upsc.md\/index.php?rest_route=\/wp\/v2\/users\/2"}],"replies":[{"embeddable":true,"href":"https:\/\/plural.upsc.md\/index.php?rest_route=%2Fwp%2Fv2%2Fcomments&post=1622"}],"version-history":[{"count":7,"href":"https:\/\/plural.upsc.md\/index.php?rest_route=\/wp\/v2\/pages\/1622\/revisions"}],"predecessor-version":[{"id":1626,"href":"https:\/\/plural.upsc.md\/index.php?rest_route=\/wp\/v2\/pages\/1622\/revisions\/1626"}],"wp:attachment":[{"href":"https:\/\/plural.upsc.md\/index.php?rest_route=%2Fwp%2Fv2%2Fmedia&parent=1622"}],"curies":[{"name":"wp","href":"https:\/\/api.w.org\/{rel}","templated":true}]}}