{"id":1586,"date":"2024-03-10T21:45:41","date_gmt":"2024-03-10T19:45:41","guid":{"rendered":"https:\/\/plural.upsc.md\/?page_id=1586"},"modified":"2024-03-13T16:05:51","modified_gmt":"2024-03-13T14:05:51","slug":"plural-vol-11-no-2-2023","status":"publish","type":"page","link":"https:\/\/plural.upsc.md\/?page_id=1586","title":{"rendered":"Plural Vol. 11 no. 2, 2023"},"content":{"rendered":"<p style=\"text-align: center;\"><strong>CONTENT\/CUPRINS<\/strong><\/p>\n<p><strong>Articles \/ Studii<\/strong><\/p>\n<ul>\n<li><a href=\"https:\/\/plural.upsc.md\/wp-content\/uploads\/2024\/03\/1-Popa.pdf\">Alexandru Popa (Romania\/Germany), <em>Die Hunnen kommen! Zur Deutung den Brandschuttschichten und Zerst\u00f6rungshorizonten innerhalb der sp\u00e4tkaiserzeitlichen Fundstellen der S\u00e2ntana de Mure\u015f-\u010cernjachov-Kultur \/ The Huns are coming! <\/em><em>On the interpretation of layers of fire debris and horizons of destruction within the late Imperial period sites of the S\u00e2ntana de Mure\u015f-\u010cernjachov culture <\/em><\/a><span style=\"color: #0000ff;\"><a style=\"color: #0000ff;\" href=\"https:\/\/doi.org\/10.37710\/plural.v11i2_1\">https:\/\/doi.org\/10.37710\/plural.v11i2_1<\/a><\/span><\/li>\n<li><a href=\"https:\/\/plural.upsc.md\/wp-content\/uploads\/2024\/03\/2-Curta.pdf\">Florin Curta (SUA), <em>Pierit-au avarii? <\/em><em>O privire dinspre<\/em> <em>Europa de r\u0103s\u0103rit \/ Have Avars gone? A view from Eastern Europe <\/em><\/a><span style=\"color: #0000ff;\"><a style=\"color: #0000ff;\" href=\"https:\/\/doi.org\/10.37710\/plural.v11i2_2\">https:\/\/doi.org\/10.37710\/plural.v11i2_2<\/a><\/span><\/li>\n<li><a href=\"https:\/\/plural.upsc.md\/wp-content\/uploads\/2024\/03\/3-Gall_2.pdf\">Erwin G\u00e1ll, Florin M\u0103rginean, Sarah Peter (Romania), <em>Despre problema dat\u0103rii morm\u00e2ntului cx. 20A de la Pecica-Duvenbeck \u0219i a semnelor de cruce pe vasele ceramice din Bazinul Dun\u0103rii mijlocii \/ <\/em><em>On the Question of Dating the Tomb CX. 20A from PECICA-Duvenbeck and the Signs of the Cross on Ceramic Vessels from the Middle Danube Basin <\/em><\/a><span style=\"color: #0000ff;\"><a style=\"color: #0000ff;\" href=\"https:\/\/doi.org\/10.37710\/plural.v11i2_3\">https:\/\/doi.org\/10.37710\/plural.v11i2_3<\/a><\/span><\/li>\n<li><a href=\"https:\/\/plural.upsc.md\/wp-content\/uploads\/2024\/03\/4-Tiplic-et-al.pdf\">Ioan Marian \u021aiplic, Corina Anca Simion, Oana G\u00e2za, Tiberiu Bogdan Sava, Cristian Manailescu, Maria Valentina Ilie (Romania), <em>Radiocarbon Dating of Cremated bone samples from the Site of the Hungarian Church at P\u0103uca, Sibiu County <\/em><\/a><span style=\"color: #0000ff;\"><a style=\"color: #0000ff;\" href=\"https:\/\/doi.org\/10.37710\/plural.v11i2_4\">https:\/\/doi.org\/10.37710\/plural.v11i2_4<\/a><\/span><\/li>\n<li><a href=\"https:\/\/plural.upsc.md\/wp-content\/uploads\/2024\/03\/5-Cosac.pdf\">Marian Cosac (Romania), <em>The Medieval Church in Caransebe\u0219 and the Observance of the \u201cHistorical Truth\u201d in the Documents of the Department of State Security of Romania <\/em><\/a><span style=\"color: #0000ff;\"><a style=\"color: #0000ff;\" href=\"https:\/\/doi.org\/10.37710\/plural.v11i2_5\">https:\/\/doi.org\/10.37710\/plural.v11i2_5<\/a><\/span><\/li>\n<li><a href=\"https:\/\/plural.upsc.md\/wp-content\/uploads\/2024\/03\/6-Anghel.pdf\">Silviu Anghel, Alexandra Zbuchea, Monica B\u00eer\u0103 (Romania), <em>Cultural Heritage under Construction: Exploring Stakeholder Perceptions of Preventive Archaeology in Romania <\/em><\/a><span style=\"color: #0000ff;\"><a style=\"color: #0000ff;\" href=\"https:\/\/doi.org\/10.37710\/plural.v11i2_6\">https:\/\/doi.org\/10.37710\/plural.v11i2_6<\/a><\/span><\/li>\n<\/ul>\n<p><strong>Reviews \/ Recenzii<\/strong><\/p>\n<ul>\n<li><a href=\"https:\/\/plural.upsc.md\/wp-content\/uploads\/2024\/03\/7-Recenzie-Musteata.pdf\">Andrea Popa, Managementul integrat al patrimoniului cultural mondial \u00een Rom\u00e2nia. Studiu de caz: Frontiera roman\u0103 \u00een Dacia. Siturile de epoc\u0103 roman\u0103 de la Bre\u021bcu, Comol\u0103u \u0219i Boro\u0219neu Mare [Integrated Management of World Cultural Heritage in Romania. Case Study: The Roman Frontier in Dacia. The Roman sites of Bre\u021bcu, Comol\u0103u, and Boro\u0219neu Mare] (Sibiu: Editura ASTRA Museum, 2023) <strong>(Sergiu MUSTEA\u021a\u0102) <\/strong><\/a><span style=\"color: #0000ff;\"><a style=\"color: #0000ff;\" href=\"https:\/\/doi.org\/10.37710\/plural.v11i2_7\">https:\/\/doi.org\/10.37710\/plural.v11i2_7<\/a><\/span><\/li>\n<\/ul>\n<p>&nbsp;<\/p>\n<ul>\n<li><a href=\"https:\/\/plural.upsc.md\/wp-content\/uploads\/2024\/03\/Plural_Vol-11_nr_2_2023_Autorii.pdf\">\u00a0Authors\u2019 Short Biographies \/ Date despre autori<\/a><\/li>\n<li><a href=\"https:\/\/plural.upsc.md\/wp-content\/uploads\/2023\/09\/Revista-Plural_Vol-11_nr_1_2023_pag-195-196.pdf\">Submission Guidelines<\/a>\u00a0\/\u00a0<a href=\"https:\/\/plural.upsc.md\/wp-content\/uploads\/2023\/09\/Revista-Plural_Vol-11_nr_1_2023_pag-197-198.pdf\">Not\u0103 pentru autori<\/a><\/li>\n<\/ul>\n","protected":false},"excerpt":{"rendered":"<p>CONTENT\/CUPRINS Articles \/ Studii Alexandru Popa (Romania\/Germany), Die Hunnen kommen! Zur Deutung den Brandschuttschichten und Zerst\u00f6rungshorizonten innerhalb der sp\u00e4tkaiserzeitlichen Fundstellen der S\u00e2ntana de Mure\u015f-\u010cernjachov-Kultur \/ The Huns are coming! On [&hellip;]<\/p>\n","protected":false},"author":2,"featured_media":0,"parent":0,"menu_order":0,"comment_status":"closed","ping_status":"closed","template":"page-templates\/two-sidebars.php","meta":{"footnotes":""},"class_list":["post-1586","page","type-page","status-publish","hentry"],"_links":{"self":[{"href":"https:\/\/plural.upsc.md\/index.php?rest_route=\/wp\/v2\/pages\/1586","targetHints":{"allow":["GET"]}}],"collection":[{"href":"https:\/\/plural.upsc.md\/index.php?rest_route=\/wp\/v2\/pages"}],"about":[{"href":"https:\/\/plural.upsc.md\/index.php?rest_route=\/wp\/v2\/types\/page"}],"author":[{"embeddable":true,"href":"https:\/\/plural.upsc.md\/index.php?rest_route=\/wp\/v2\/users\/2"}],"replies":[{"embeddable":true,"href":"https:\/\/plural.upsc.md\/index.php?rest_route=%2Fwp%2Fv2%2Fcomments&post=1586"}],"version-history":[{"count":6,"href":"https:\/\/plural.upsc.md\/index.php?rest_route=\/wp\/v2\/pages\/1586\/revisions"}],"predecessor-version":[{"id":1615,"href":"https:\/\/plural.upsc.md\/index.php?rest_route=\/wp\/v2\/pages\/1586\/revisions\/1615"}],"wp:attachment":[{"href":"https:\/\/plural.upsc.md\/index.php?rest_route=%2Fwp%2Fv2%2Fmedia&parent=1586"}],"curies":[{"name":"wp","href":"https:\/\/api.w.org\/{rel}","templated":true}]}}