{"id":1447,"date":"2023-09-11T13:10:44","date_gmt":"2023-09-11T11:10:44","guid":{"rendered":"https:\/\/plural.upsc.md\/?page_id=1447"},"modified":"2024-03-10T21:40:19","modified_gmt":"2024-03-10T19:40:19","slug":"plural-vol-11-no-1-2023","status":"publish","type":"page","link":"https:\/\/plural.upsc.md\/?page_id=1447","title":{"rendered":"Plural Vol. 11 no. 1, 2023"},"content":{"rendered":"<p style=\"text-align: center;\"><strong>CONTENT\/CUPRINS<\/strong><\/p>\n<p><strong>Articles \/ Studii<\/strong><\/p>\n<ul>\n<li><a href=\"https:\/\/plural.upsc.md\/wp-content\/uploads\/2023\/09\/Revista-Plural_Vol-11_nr_1_2023_pag-5_36.pdf\">Nicoleta ROMAN (Romania), \u00c9migrants et r\u00e9viseurs scolaires dans la Valachie de la premi\u00e8re moiti\u00e9 du XIXe-si\u00e8cle: transfert intellectuel et construction nationale. \u00c9tude de cas: Ioan Maiorescu \/ Emigres and School Inspectors in Wallachia in the First Half of the Nineteenth Century: Intellectual Transfers and Nation-Building. Case Study: Ioan Maiorescu<\/a><\/li>\n<li><a href=\"https:\/\/plural.upsc.md\/wp-content\/uploads\/2023\/09\/Revista-Plural_Vol-11_nr_1_2023_pag-37_59.pdf\">Anca GLONT (USA), Reframing the Lupeni Strike of 1929: State Intervention and Organized Labor in Romania\u2019s Jiu Valley<\/a><\/li>\n<li><a href=\"https:\/\/plural.upsc.md\/wp-content\/uploads\/2023\/09\/Revista-Plural_Vol-11_nr_1_2023_pag-60_87.pdf\">Nataliia ZALIETOK (USA\/Ukraine), What Soviet Periodicals Can Tell Us About the Propaganda on the Women\u2019s Service in the USSR\u2019s Armed Forces (1941-1945)<\/a><\/li>\n<li><a href=\"https:\/\/plural.upsc.md\/wp-content\/uploads\/2023\/09\/Revista-Plural_Vol-11_nr_1_2023_pag-88_106.pdf\">Nino CHIKOVANI (Georgia), April 9, 1989 as a Paradigmatic Event: \u201cThe Time We Live in Now Started That Night\u201d<\/a><\/li>\n<li><a href=\"https:\/\/plural.upsc.md\/wp-content\/uploads\/2023\/09\/Revista-Plural_Vol-11_nr_1_2023_pag-107_126.pdf\">Sergiu MUSTEA\u021a\u0102 (Moldova\/Romania), 1989 \u2013 Annus Mirabilis for The Moldavian SSR<\/a><\/li>\n<li><a href=\"https:\/\/plural.upsc.md\/wp-content\/uploads\/2023\/09\/Revista-Plural_Vol-11_nr_1_2023_pag-127_150.pdf\">Ivane TSERETELI (Georgia), The Chronotopos of the 1990s: Trauma and Triumph in Georgian Literary Texts<\/a><\/li>\n<li><a href=\"https:\/\/plural.upsc.md\/wp-content\/uploads\/2023\/09\/Revista-Plural_Vol-11_nr_1_2023_pag-151_173.pdf\">T\u00f5nis SAARTS, Nikolai KUNITS\u00d5N, Raivo VETIK (Estonia), Liberal Democracy in Estonia: Cracks Behind the Seemingly Spotless Fa\u00e7ade<\/a><\/li>\n<\/ul>\n<p><strong>Reviews \/ Recenzii<\/strong><\/p>\n<ul>\n<li><a href=\"https:\/\/plural.upsc.md\/wp-content\/uploads\/2023\/09\/Revista-Plural_Vol-11_nr_1_2023_pag-174_179.pdf\">Catherine Durandin, C\u00e9cile Folschweiller (coord.), Enfances communistes. M\u00e9moires de Roumanie et de R\u00e9publique de Moldavie (Paris: Editions PETRA, 2022) (Nicoleta ROMAN)<\/a><\/li>\n<li><a href=\"https:\/\/plural.upsc.md\/wp-content\/uploads\/2023\/09\/Revista-Plural_Vol-11_nr_1_2023_pag-180-185.pdf\">Victor Moraru, La R\u00e9publique de Moldova: les enjeux du pass\u00e9, du pr\u00e9sent et de l\u201bavenir. 2nd revised edition (Chisinau: Tipografia Sirius, 2022) (Elena PRUS)<\/a><\/li>\n<\/ul>\n<p><strong>Research Report \/ Raport de cercetare<\/strong><\/p>\n<ul>\n<li><a href=\"https:\/\/plural.upsc.md\/wp-content\/uploads\/2023\/09\/Revista-Plural_Vol-11_nr_1_2023_pag-186-190.pdf\">Jana ST\u00d6XEN (Germany), Transnational Migration in the Moldovan- German Context, or: My Totul va fi bine (Road)trip<\/a><\/li>\n<\/ul>\n<p>&nbsp;<\/p>\n<ul>\n<li><a href=\"https:\/\/plural.upsc.md\/wp-content\/uploads\/2023\/09\/Revista-Plural_Vol-11_nr_1_2023_pag-191-194.pdf\">\u00a0Authors\u2019 Short Biographies \/ Date despre autori<\/a><\/li>\n<li><a href=\"https:\/\/plural.upsc.md\/wp-content\/uploads\/2023\/09\/Revista-Plural_Vol-11_nr_1_2023_pag-195-196.pdf\">Submission Guidelines<\/a> \/ <a href=\"https:\/\/plural.upsc.md\/wp-content\/uploads\/2023\/09\/Revista-Plural_Vol-11_nr_1_2023_pag-197-198.pdf\">Not\u0103 pentru autori<\/a><\/li>\n<\/ul>\n","protected":false},"excerpt":{"rendered":"<p>CONTENT\/CUPRINS Articles \/ Studii Nicoleta ROMAN (Romania), \u00c9migrants et r\u00e9viseurs scolaires dans la Valachie de la premi\u00e8re moiti\u00e9 du XIXe-si\u00e8cle: transfert intellectuel et construction nationale. \u00c9tude de cas: Ioan Maiorescu [&hellip;]<\/p>\n","protected":false},"author":2,"featured_media":0,"parent":0,"menu_order":0,"comment_status":"closed","ping_status":"closed","template":"page-templates\/two-sidebars.php","meta":{"footnotes":""},"class_list":["post-1447","page","type-page","status-publish","hentry"],"_links":{"self":[{"href":"https:\/\/plural.upsc.md\/index.php?rest_route=\/wp\/v2\/pages\/1447","targetHints":{"allow":["GET"]}}],"collection":[{"href":"https:\/\/plural.upsc.md\/index.php?rest_route=\/wp\/v2\/pages"}],"about":[{"href":"https:\/\/plural.upsc.md\/index.php?rest_route=\/wp\/v2\/types\/page"}],"author":[{"embeddable":true,"href":"https:\/\/plural.upsc.md\/index.php?rest_route=\/wp\/v2\/users\/2"}],"replies":[{"embeddable":true,"href":"https:\/\/plural.upsc.md\/index.php?rest_route=%2Fwp%2Fv2%2Fcomments&post=1447"}],"version-history":[{"count":2,"href":"https:\/\/plural.upsc.md\/index.php?rest_route=\/wp\/v2\/pages\/1447\/revisions"}],"predecessor-version":[{"id":1587,"href":"https:\/\/plural.upsc.md\/index.php?rest_route=\/wp\/v2\/pages\/1447\/revisions\/1587"}],"wp:attachment":[{"href":"https:\/\/plural.upsc.md\/index.php?rest_route=%2Fwp%2Fv2%2Fmedia&parent=1447"}],"curies":[{"name":"wp","href":"https:\/\/api.w.org\/{rel}","templated":true}]}}