{"id":1403,"date":"2022-12-30T13:58:14","date_gmt":"2022-12-30T11:58:14","guid":{"rendered":"https:\/\/plural.upsc.md\/?page_id=1403"},"modified":"2023-02-13T14:42:16","modified_gmt":"2023-02-13T12:42:16","slug":"plural-vol-10-no-2-2022","status":"publish","type":"page","link":"https:\/\/plural.upsc.md\/?page_id=1403","title":{"rendered":"Plural Vol. 10 no. 2, 2022"},"content":{"rendered":"<p style=\"text-align: center;\"><a href=\"https:\/\/plural.upsc.md\/wp-content\/uploads\/2023\/02\/Revista-Plural-2022_vol_2.pdf\"><strong>CONTENT\/CUPRINS<\/strong><\/a><\/p>\n<p><strong>Articles \/ Studii<\/strong><\/p>\n<ul>\n<li><a href=\"https:\/\/plural.upsc.md\/wp-content\/uploads\/2023\/02\/01_ZAVARACHE.pdf\">Camelia ZAVARACHE (Romania), The Cultural and Nationalising Mission of Kindergarten Teachers in Southern Dobruja, 1914-1940<\/a>, <span style=\"color: #0000ff;\"><a style=\"color: #0000ff;\" href=\"https:\/\/doi.org\/10.37710\/plural.v10i2_1\">https:\/\/doi.org\/10.37710\/plural.v10i2_1<\/a><\/span><\/li>\n<li><a href=\"https:\/\/plural.upsc.md\/wp-content\/uploads\/2023\/02\/02_POPA.pdf\">Ion POPA (United Kingdom), The Puppet and the Puppeteer: Deconstructing the Historiography on King Carol II and Miron Cristea, the Romanian Orthodox Patriarch<\/a>, <span style=\"color: #0000ff;\"><a style=\"color: #0000ff;\" href=\"https:\/\/doi.org\/10.37710\/plural.v10i2_2\">https:\/\/doi.org\/10.37710\/plural.v10i2_2<\/a><\/span><\/li>\n<li><a href=\"https:\/\/plural.upsc.md\/wp-content\/uploads\/2023\/02\/03_CHELARU.pdf\">Valeria CHELARU (Romania), Tradition, Nationalism and Holocaust Memory: Reassessing Antisemitism in Post-Communist Romania<\/a>, <span style=\"color: #0000ff;\"><a style=\"color: #0000ff;\" href=\"https:\/\/doi.org\/10.37710\/plural.v10i2_3\">https:\/\/doi.org\/10.37710\/plural.v10i2_3<\/a><\/span><\/li>\n<li><a href=\"https:\/\/plural.upsc.md\/wp-content\/uploads\/2023\/02\/04_DROZDOV.pdf\">Viktor DROZDOV (Ukraine), Soviet Politics of Memory in Southern Bessarabia and Northern Bukovyna: Representation of the Past and Mythmaking during World War II<\/a>, <span style=\"color: #0000ff;\"><a style=\"color: #0000ff;\" href=\"https:\/\/doi.org\/10.37710\/plural.v10i2_4\">https:\/\/doi.org\/10.37710\/plural.v10i2_4<\/a><\/span><\/li>\n<li><a href=\"https:\/\/plural.upsc.md\/wp-content\/uploads\/2023\/02\/05_GROZAV.pdf\">Victoria GROZAV (Romania), Epurarea corpului didactic al Facult\u0103\u021bii de Medicin\u0103 din Cluj \u00een primul deceniu communist \/ Purging the teaching staff of the Faculty of Medicine in Cluj in the first communist decade<\/a>, <span style=\"color: #0000ff;\"><a style=\"color: #0000ff;\" href=\"https:\/\/doi.org\/10.37710\/plural.v10i2_5\">https:\/\/doi.org\/10.37710\/plural.v10i2_5<\/a><\/span><\/li>\n<li><a href=\"https:\/\/plural.upsc.md\/wp-content\/uploads\/2023\/02\/06_HARRINGTON.pdf\">Keith HARRINGTON (Ireland), Responses to the Challenges of Perestroika and the Collapse of the Soviet Union in Moldova\u2019s Russian-Speaking Cities<\/a>, <span style=\"color: #0000ff;\"><a style=\"color: #0000ff;\" href=\"https:\/\/doi.org\/10.37710\/plural.v10i2_6\">https:\/\/doi.org\/10.37710\/plural.v10i2_6<\/a><\/span><\/li>\n<li><a href=\"https:\/\/plural.upsc.md\/wp-content\/uploads\/2023\/02\/07_MUDROV.pdf\">Sergei A. MUDROV (Belarus), The Orthodox Church and Education in Belarus as a Reflection of the Specific Pattern of Church-State Relations<\/a>, <span style=\"color: #0000ff;\"><a style=\"color: #0000ff;\" href=\"https:\/\/doi.org\/10.37710\/plural.v10i2_7\">https:\/\/doi.org\/10.37710\/plural.v10i2_7<\/a><\/span><\/li>\n<\/ul>\n<p><strong>Reviews \/ Recenzii<\/strong><\/p>\n<ul>\n<li><a href=\"https:\/\/plural.upsc.md\/wp-content\/uploads\/2023\/02\/08_BUCUR.pdf\">BOGDAN BUCUR, Sociologia proastei guvern\u0103ri \u00een Rom\u00e2nia interbelic\u0103. Bucure\u0219ti: RAO, 2019, 728 pp. (Petru NEGUR\u0102)<\/a>, <span style=\"color: #0000ff;\"><a style=\"color: #0000ff;\" href=\"https:\/\/doi.org\/10.37710\/plural.v10i2_8\">https:\/\/doi.org\/10.37710\/plural.v10i2_8<\/a><\/span><\/li>\n<li><a href=\"https:\/\/plural.upsc.md\/wp-content\/uploads\/2023\/02\/09_STALIUNAS.pdf\">DARIUS STALIUNAS \u0219i YOKO AOSHIMA, coord. The Tsar, the Empire, and the Nation: Dilemmas of Nationalization in Russia\u2019s Western Borderlands, 1905-1915. Historical Studies in Eastern Europe and Eurasia. Volume V. Budapest &amp; New York: Central European University Press, 2021. 400 pp. (Andrei CU\u0218CO)<\/a>, <span style=\"color: #0000ff;\"><a style=\"color: #0000ff;\" href=\"https:\/\/doi.org\/10.37710\/plural.v10i2_9\">https:\/\/doi.org\/10.37710\/plural.v10i2_9<\/a><\/span><\/li>\n<\/ul>\n<p>&nbsp;<\/p>\n<ul>\n<li><a href=\"https:\/\/plural.upsc.md\/wp-content\/uploads\/2023\/02\/AUTORS-BIOGRARHIES.pdf\">\u00a0Authors\u2019 Short Biographies \/ Date despre autori<\/a><\/li>\n<li><a href=\"https:\/\/plural.upsc.md\/wp-content\/uploads\/2023\/02\/10_SUBMISSION-GUIDELINES.pdf\">Submission Guidelines \/ Not\u0103 pentru autori<\/a><\/li>\n<\/ul>\n","protected":false},"excerpt":{"rendered":"<p>CONTENT\/CUPRINS Articles \/ Studii Camelia ZAVARACHE (Romania), The Cultural and Nationalising Mission of Kindergarten Teachers in Southern Dobruja, 1914-1940, https:\/\/doi.org\/10.37710\/plural.v10i2_1 Ion POPA (United Kingdom), The Puppet and the Puppeteer: Deconstructing [&hellip;]<\/p>\n","protected":false},"author":2,"featured_media":0,"parent":0,"menu_order":0,"comment_status":"closed","ping_status":"closed","template":"page-templates\/two-sidebars.php","meta":{"footnotes":""},"class_list":["post-1403","page","type-page","status-publish","hentry"],"_links":{"self":[{"href":"https:\/\/plural.upsc.md\/index.php?rest_route=\/wp\/v2\/pages\/1403","targetHints":{"allow":["GET"]}}],"collection":[{"href":"https:\/\/plural.upsc.md\/index.php?rest_route=\/wp\/v2\/pages"}],"about":[{"href":"https:\/\/plural.upsc.md\/index.php?rest_route=\/wp\/v2\/types\/page"}],"author":[{"embeddable":true,"href":"https:\/\/plural.upsc.md\/index.php?rest_route=\/wp\/v2\/users\/2"}],"replies":[{"embeddable":true,"href":"https:\/\/plural.upsc.md\/index.php?rest_route=%2Fwp%2Fv2%2Fcomments&post=1403"}],"version-history":[{"count":5,"href":"https:\/\/plural.upsc.md\/index.php?rest_route=\/wp\/v2\/pages\/1403\/revisions"}],"predecessor-version":[{"id":1423,"href":"https:\/\/plural.upsc.md\/index.php?rest_route=\/wp\/v2\/pages\/1403\/revisions\/1423"}],"wp:attachment":[{"href":"https:\/\/plural.upsc.md\/index.php?rest_route=%2Fwp%2Fv2%2Fmedia&parent=1403"}],"curies":[{"name":"wp","href":"https:\/\/api.w.org\/{rel}","templated":true}]}}