{"id":1267,"date":"2021-11-18T02:01:37","date_gmt":"2021-11-18T00:01:37","guid":{"rendered":"https:\/\/plural.upsc.md\/?page_id=1267"},"modified":"2021-11-23T19:40:52","modified_gmt":"2021-11-23T17:40:52","slug":"plural-vol-9-no-2-2021","status":"publish","type":"page","link":"https:\/\/plural.upsc.md\/?page_id=1267","title":{"rendered":"Plural Vol. 9 no. 2, 2021"},"content":{"rendered":"<p style=\"text-align: center;\"><strong>CONTENT\/CUPRINS<\/strong><\/p>\n<ul>\n<li><a href=\"https:\/\/plural.upsc.md\/wp-content\/uploads\/2021\/11\/Introducere.pdf\">O idee, o conferin\u021b\u0103, un volum \/ An idea, a conference, a volume (<strong>Cosmin Budeanc\u0103<\/strong>)<\/a> \u00a0<span style=\"color: #0000ff;\"><a style=\"color: #0000ff;\" href=\"https:\/\/doi.org\/10.37710\/plural.v9i2_1\">https:\/\/doi.org\/10.37710\/plural.v9i2_1<\/a><\/span><\/li>\n<\/ul>\n<p><strong>Articles \/ Studii<\/strong><\/p>\n<ul>\n<li><a href=\"https:\/\/plural.upsc.md\/wp-content\/uploads\/2021\/11\/01_Victor-Catan.pdf\"><strong>Victor CATAN (Republica Moldova)<\/strong>, Suveranitatea Republicii Mol\u00addova \u00eentre r\u0103zboi \u015fi pace \/ Sovereignty of the Republic of Moldova between war and peace<\/a>\u00a0\u00a0<span style=\"color: #0000ff;\"><a style=\"color: #0000ff;\" href=\"https:\/\/doi.org\/10.37710\/plural.v9i2_2\">https:\/\/doi.org\/10.37710\/plural.v9i2_2<\/a><\/span><\/li>\n<li><a href=\"https:\/\/plural.upsc.md\/wp-content\/uploads\/2021\/11\/02_Alexandru-Tanase.pdf\"><strong>Alexandru T\u0102NASE (Republica Moldova)<\/strong>, Prezen\u021ba militar\u0103 ruseasc\u0103 \u00een Republica Moldova prin prisma jurispruden\u021bei CEDO \/ Russian military presence in the Republic of Moldova in the light of ECHR jurisprudence<\/a> <span style=\"color: #0000ff;\"><a style=\"color: #0000ff;\" href=\"https:\/\/doi.org\/10.37710\/plural.v9i2_3\">https:\/\/doi.org\/10.37710\/plural.v9i2_3<\/a><\/span><\/li>\n<li><a href=\"https:\/\/plural.upsc.md\/wp-content\/uploads\/2021\/11\/03_Alexandru-Postica.pdf\"><strong>Alexandru POSTICA (Republica Moldova)<\/strong>, Respectarea drepturilor omului \u00een regiunea transnistrean\u0103 a Republicii Moldova \/ Respect for human rights in the Transnistrian region of the Republic of Moldova<\/a> \u00a0<span style=\"color: #0000ff;\"><a style=\"color: #0000ff;\" href=\"https:\/\/doi.org\/10.37710\/plural.v9i2_4\">https:\/\/doi.org\/10.37710\/plural.v9i2_4<\/a><\/span><\/li>\n<li><a href=\"https:\/\/plural.upsc.md\/wp-content\/uploads\/2021\/11\/04_Mihaela-Bobeica.pdf\"><strong>Mihaela-Denisa BOBEIC\u0102 (Rom\u00e2nia)<\/strong>, Separatismul \u00een spa\u021biul post-sovietic, \u00eentre secer\u0103 \u0219i ciocan \/ Separatism in the post-Soviet space, between the sickle and the hammer<\/a>\u00a0\u00a0<span style=\"color: #0000ff;\"><a style=\"color: #0000ff;\" href=\"https:\/\/doi.org\/10.37710\/plural.v9i2_5\">https:\/\/doi.org\/10.37710\/plural.v9i2_5<\/a><\/span><\/li>\n<li><a href=\"https:\/\/plural.upsc.md\/wp-content\/uploads\/2021\/11\/05_Mihaela-Melintei.pdf\"><strong>Mihai MELINTEI (Rom\u00e2nia)<\/strong>, Escaladarea conflictelor regionale \u00een spa\u021biul post-sovietic. Cazul conflictului transnistrean \/ Escalation of regional conflicts in the post-Soviet space. The case of the Transnistrian conflict<\/a> \u00a0<a href=\"https:\/\/doi.org\/10.37710\/plural.v9i2_6\">https:\/\/doi.org\/10.37710\/plural.v9i2_6<\/a><\/li>\n<li><a href=\"https:\/\/plural.upsc.md\/wp-content\/uploads\/2021\/11\/06_Alexandr-Davidenko.pdf\"><strong>\u0410\u043b\u0435\u043a\u0441\u0430\u043d\u0434\u0440<\/strong><strong>\u0414\u0410\u0412\u0418\u0414\u0415\u041d\u041a\u041e<\/strong><strong> (<\/strong><strong>\u0423\u043a\u0440\u0430\u0438\u043d\u0430<\/strong><strong>)<\/strong>, 29-\u0442\u0438 \u043b\u0435\u0442\u0438\u0435 \u043d\u0430\u0447\u0430\u043b\u0430 \u0433\u0438\u0431\u0440\u0438\u0434\u043d\u043e\u0439 \u0430\u0433\u0440\u0435\u0441\u0441\u0438\u0438 \u0420\u0424 \u043f\u0440\u043e\u0442\u0438\u0432 \u0420\u0435\u0441\u043f\u0443\u0431\u043b\u0438\u043a\u0438 \u041c\u043e\u043b\u0434\u043e\u0432\u0430 \u0432 \u041f\u0440\u0438\u0434\u043d\u0435\u0441\u0442\u0440\u043e\u0432\u044c\u0435 (1992 \u0433\u043e\u0434) \u0432 \u0441\u0440\u0430\u0432\u043d\u0435\u043d\u0438\u0438 \u0441 \u043d\u0430\u0447\u0430\u043b\u043e\u043c \u0430\u043d\u0430\u043b\u043e\u0433\u0438\u0447\u043d\u043e\u0439 \u0433\u0438\u0431\u0440\u0438\u0434\u043d\u043e\u0439 \u0430\u0433\u0440\u0435\u0441\u0441\u0438\u0438 \u0420\u0424 \u043f\u0440\u043e\u0442\u0438\u0432 \u0423\u043a\u0440\u0430\u0438\u043d\u044b \u0432 \u041a\u0440\u044b\u043c\u0443 \u0438 \u043d\u0430 \u0414\u043e\u043d\u0431\u0430\u0441\u0441\u0435 (2014 \u0433\u043e\u0434) \/ 29th anniversary of the beginning of the hybrid aggression of the Russian Federation against the Republic of Moldova in Transnistria (1992) in comparison with the beginning of a similar hybrid aggression of the Russian Federation against Ukraine in Crimea and Donbass (2014)<\/a>\u00a0\u00a0<span style=\"color: #0000ff;\"><a style=\"color: #0000ff;\" href=\"https:\/\/doi.org\/10.37710\/plural.v9i2_7\">https:\/\/doi.org\/10.37710\/plural.v9i2_7<\/a><\/span><\/li>\n<li><a href=\"https:\/\/plural.upsc.md\/wp-content\/uploads\/2021\/11\/07_Ludmila-Coada.pdf\"><strong>Ludmila COAD\u0102 (Republica Moldova)<\/strong>, R\u0103zboiul de pe Nistru \u0219i separatismul transnistrean: nara\u021biuni contradictorii \/ The war on the Dniester and Transnistrian separatism: contradictory narratives<\/a>\u00a0\u00a0<span style=\"color: #0000ff;\"><a style=\"color: #0000ff;\" href=\"https:\/\/doi.org\/10.37710\/plural.v9i2_8\">https:\/\/doi.org\/10.37710\/plural.v9i2_8<\/a><\/span><\/li>\n<li><a href=\"https:\/\/plural.upsc.md\/wp-content\/uploads\/2021\/11\/08_Larisa-Noroc.pdf\"><strong>Larisa NOROC, Alexandru Noroc (Republica Moldova)<\/strong>, R\u0103zboiul de pe Nistru versus conflictele \u00eenghe\u021bate din spa\u021biul post-sovietic \/ The war on the Dniester versus the frozen conflicts in the post-Soviet space<\/a>\u00a0<span style=\"color: #0000ff;\">\u00a0<a style=\"color: #0000ff;\" href=\"https:\/\/doi.org\/10.37710\/plural.v9i2_9\">https:\/\/doi.org\/10.37710\/plural.v9i2_9<\/a><\/span><\/li>\n<li><a href=\"https:\/\/plural.upsc.md\/wp-content\/uploads\/2021\/11\/09_Constantin-Corneanu.pdf\"><strong>Constantin CORNEANU (Rom\u00e2nia)<\/strong>, Rom\u00e2nia, Rusia \u0219i geopolitica conflictului transnistrean \/ Russia and the geopolitics of the Transnistrian conflict<\/a>\u00a0\u00a0<span style=\"color: #0000ff;\"><a style=\"color: #0000ff;\" href=\"https:\/\/doi.org\/10.37710\/plural.v9i2_10\">https:\/\/doi.org\/10.37710\/plural.v9i2_10<\/a><\/span><\/li>\n<li><a href=\"https:\/\/plural.upsc.md\/wp-content\/uploads\/2021\/11\/10_Aurelian-Lavric.pdf\"><strong>Aurelian LAVRIC (Republica Moldova)<\/strong>, Conflictul transnistrean \u00een contextul reconfigur\u0103rii ordinii mondiale \/ The Transnistrian conflict in the context of reconfiguring the world order<\/a>\u00a0\u00a0<span style=\"color: #0000ff;\"><a style=\"color: #0000ff;\" href=\"https:\/\/doi.org\/10.37710\/plural.v9i2_11\">https:\/\/doi.org\/10.37710\/plural.v9i2_11<\/a><\/span><\/li>\n<li><a href=\"https:\/\/plural.upsc.md\/wp-content\/uploads\/2021\/11\/11_Lidia-Prisac.pdf\"><strong>Lidia PRISAC (Republica Moldova)<\/strong>, Abordarea conflictului trans\u00adnistrean \u00een st\u00e2nga Nistrului \u0219i \u00een lucr\u0103rile proseparatiste \/ Approaching the Transnistrian conflict on the left bank of the Dniester in the pro-separatist works as well<\/a>\u00a0\u00a0<span style=\"color: #0000ff;\"><a style=\"color: #0000ff;\" href=\"https:\/\/doi.org\/10.37710\/plural.v9i2_12\">https:\/\/doi.org\/10.37710\/plural.v9i2_12<\/a><\/span><\/li>\n<li><a href=\"https:\/\/plural.upsc.md\/wp-content\/uploads\/2021\/11\/12_Valentina-Enachi.pdf\"><strong>Valentina ENACHI (Republica Moldova)<\/strong>, Retrospectiva \u0219tirilor false asupra evenimentelor din regiunea transnistrean\u0103 din anul 1992: abord\u0103ri comparative \/ Retrospective of false news on events in the Transnistrian region since 1992: comparative approaches<\/a> <span style=\"color: #0000ff;\"><a style=\"color: #0000ff;\" href=\"https:\/\/doi.org\/10.37710\/plural.v9i2_13\">https:\/\/doi.org\/10.37710\/plural.v9i2_13<\/a><\/span><\/li>\n<li><a href=\"https:\/\/plural.upsc.md\/wp-content\/uploads\/2021\/11\/13_Sergiu-Suvac.pdf\"><strong>Sergiu SUVAC (Republica Moldova \/ Rom\u00e2nia)<\/strong>, R\u0103zboiul de pe Nistru \u00een programele \u0219colare \u0219i manualele de istorie din Republica Moldova (ciclul gimnazial) \/ The war on the Dniester in the curricula and history textbooks of the Republic of Moldova (secondary school)<\/a>\u00a0\u00a0<span style=\"color: #0000ff;\"><a style=\"color: #0000ff;\" href=\"https:\/\/doi.org\/10.37710\/plural.v9i2_14\">https:\/\/doi.org\/10.37710\/plural.v9i2_14<\/a><\/span><\/li>\n<li><a href=\"https:\/\/plural.upsc.md\/wp-content\/uploads\/2021\/11\/14_Alexandru-Mitru.pdf\"><strong>Alexandru MITRU (Rom\u00e2nia)<\/strong>, R\u0103zboiul transnistrean reflectat \u00een manualele de istorie din Rom\u00e2nia \/ The Transnistrian war reflected in the history textbooks in Romania<\/a>\u00a0\u00a0<span style=\"color: #0000ff;\"><a style=\"color: #0000ff;\" href=\"https:\/\/doi.org\/10.37710\/plural.v9i2_15\">https:\/\/doi.org\/10.37710\/plural.v9i2_15<\/a><\/span><\/li>\n<li><a href=\"https:\/\/plural.upsc.md\/wp-content\/uploads\/2021\/11\/15_Sergiu-Musteata.pdf\"><strong>Sergiu MUSTEA\u021a\u0102 (Republica Moldova)<\/strong>, Evenimentele din 1992 \u00een manualul de istorie din \u0219colile transnistrene \/ The events of 1992 in the history textbook of Transnistrian schools<\/a> \u00a0<span style=\"color: #0000ff;\"><a style=\"color: #0000ff;\" href=\"https:\/\/doi.org\/10.37710\/plural.v9i2_16\">https:\/\/doi.org\/10.37710\/plural.v9i2_16<\/a><\/span><\/li>\n<\/ul>\n<p><strong>Reviews \/ Recenzii<\/strong><\/p>\n<ul>\n<li><a href=\"https:\/\/plural.upsc.md\/wp-content\/uploads\/2021\/11\/Recenzii_1.pdf\">Mihai Gribincea, <em>Trupele ruse de ocupa\u021bie \u00een Republica Moldova <\/em>(culegere de documente \u0219i materiale), volumul I, Chi\u0219in\u0103u, Editura Cartier, 2020 (<strong>Diana Stroici<\/strong>)<\/a>\u00a0\u00a0<span style=\"color: #0000ff;\"><a style=\"color: #0000ff;\" href=\"https:\/\/doi.org\/10.37710\/plural.v9i2_17\">https:\/\/doi.org\/10.37710\/plural.v9i2_17<\/a><\/span><\/li>\n<li><a href=\"https:\/\/plural.upsc.md\/wp-content\/uploads\/2021\/11\/Recenzii_2.pdf\">Lidia Prisac, <em>Istoriografia separatismului transnistrean (1989-2005)<\/em>, edi\u021bia a II-a, rev\u0103zut\u0103 \u0219i ad\u0103ugit\u0103, Chi\u0219in\u0103u, Lexon-Prim, 2021 (<strong>Maria Puiu<\/strong>)<\/a>\u00a0 <span style=\"color: #0000ff;\"><a style=\"color: #0000ff;\" href=\"https:\/\/doi.org\/10.37710\/plural.v9i2_18\">https:\/\/doi.org\/10.37710\/plural.v9i2_18<\/a><\/span><\/li>\n<\/ul>\n<p>&nbsp;<\/p>\n<ul>\n<li><a href=\"https:\/\/plural.upsc.md\/wp-content\/uploads\/2021\/11\/Autori.pdf\"><strong>Authors\u2019 Short Biographies \/ Date despre autori<\/strong><\/a><\/li>\n<li><a href=\"https:\/\/plural.upsc.md\/wp-content\/uploads\/2021\/07\/12-Submission-Guidelines.pdf\"><strong>Submission Guidelines \/ Not\u0103 pentru autori<\/strong><\/a><\/li>\n<\/ul>\n","protected":false},"excerpt":{"rendered":"<p>CONTENT\/CUPRINS O idee, o conferin\u021b\u0103, un volum \/ An idea, a conference, a volume (Cosmin Budeanc\u0103) \u00a0https:\/\/doi.org\/10.37710\/plural.v9i2_1 Articles \/ Studii Victor CATAN (Republica Moldova), Suveranitatea Republicii Mol\u00addova \u00eentre r\u0103zboi \u015fi [&hellip;]<\/p>\n","protected":false},"author":2,"featured_media":0,"parent":0,"menu_order":0,"comment_status":"closed","ping_status":"closed","template":"page-templates\/two-sidebars.php","meta":{"footnotes":""},"class_list":["post-1267","page","type-page","status-publish","hentry"],"_links":{"self":[{"href":"https:\/\/plural.upsc.md\/index.php?rest_route=\/wp\/v2\/pages\/1267","targetHints":{"allow":["GET"]}}],"collection":[{"href":"https:\/\/plural.upsc.md\/index.php?rest_route=\/wp\/v2\/pages"}],"about":[{"href":"https:\/\/plural.upsc.md\/index.php?rest_route=\/wp\/v2\/types\/page"}],"author":[{"embeddable":true,"href":"https:\/\/plural.upsc.md\/index.php?rest_route=\/wp\/v2\/users\/2"}],"replies":[{"embeddable":true,"href":"https:\/\/plural.upsc.md\/index.php?rest_route=%2Fwp%2Fv2%2Fcomments&post=1267"}],"version-history":[{"count":7,"href":"https:\/\/plural.upsc.md\/index.php?rest_route=\/wp\/v2\/pages\/1267\/revisions"}],"predecessor-version":[{"id":1302,"href":"https:\/\/plural.upsc.md\/index.php?rest_route=\/wp\/v2\/pages\/1267\/revisions\/1302"}],"wp:attachment":[{"href":"https:\/\/plural.upsc.md\/index.php?rest_route=%2Fwp%2Fv2%2Fmedia&parent=1267"}],"curies":[{"name":"wp","href":"https:\/\/api.w.org\/{rel}","templated":true}]}}