{"id":1226,"date":"2021-07-25T00:02:22","date_gmt":"2021-07-24T22:02:22","guid":{"rendered":"https:\/\/plural.upsc.md\/?page_id=1226"},"modified":"2021-11-18T02:14:36","modified_gmt":"2021-11-18T00:14:36","slug":"plural-vol-9-no-1supplement-2021","status":"publish","type":"page","link":"https:\/\/plural.upsc.md\/?page_id=1226","title":{"rendered":"Plural Vol. IX no. 1, supplement, 2021"},"content":{"rendered":"<p style=\"text-align: center;\"><strong>CONTENT\/CUPRINS<\/strong><\/p>\n<p><strong>Articles \/ Studii<\/strong><\/p>\n<ul>\n<li><a href=\"https:\/\/plural.upsc.md\/wp-content\/uploads\/2021\/07\/1-Adriaan-de-Man.pdf\"><strong>Adriaan De MAN (United Arab Emirates)<\/strong>, On Agency and Ramparts in the Lower Danube and Spain<\/a>\u00a0\u00a0<span style=\"color: #0000ff;\"><a style=\"color: #0000ff;\" href=\"https:\/\/doi.org\/10.37710\/plural.v9i1S_1\">https:\/\/doi.org\/10.37710\/plural.v9i1S_1<\/a><\/span><\/li>\n<li><a href=\"https:\/\/plural.upsc.md\/wp-content\/uploads\/2021\/07\/2-Alexandru-Madgearu.pdf\"><strong>Alexandru MADGEARU (Romania)<\/strong>, Dimitrie Cantemir, the First Modern Historian Writing on the Romanian-Bulgarian State Founded by the Asan Brothers<\/a> \u00a0<span style=\"color: #0000ff;\"><a style=\"color: #0000ff;\" href=\"https:\/\/doi.org\/10.37710\/plural.v9i1S_2\">https:\/\/doi.org\/10.37710\/plural.v9i1S_2<\/a><\/span><\/li>\n<li><a href=\"https:\/\/plural.upsc.md\/wp-content\/uploads\/2021\/07\/3-Oleh-Strelko.pdf\"><strong>Oleh STRELKO, Yuliia BERDNYCHENKO, Oleh PYLYP\u00adCHUK (Ukraine)<\/strong>, Creation and Operation of Main Railways in Bukovina<\/a> \u00a0<span style=\"color: #0000ff;\"><a style=\"color: #0000ff;\" href=\"https:\/\/doi.org\/10.37710\/plural.v9i1S_3\">https:\/\/doi.org\/10.37710\/plural.v9i1S_3<\/a><\/span><\/li>\n<li><a href=\"https:\/\/plural.upsc.md\/wp-content\/uploads\/2021\/07\/4-Srdan-Jovanovic.pdf\"><strong>Sr\u0111an M. JOVANOVI\u0106 (China)<\/strong>, Discursive Historical Con\u00adtinuities: Serbian Nationalist Discourse in the Printed Media on the Brink of the First Balkan War (1912) in Comparison with Today<\/a>\u00a0\u00a0<span style=\"color: #0000ff;\"><a style=\"color: #0000ff;\" href=\"https:\/\/doi.org\/10.37710\/plural.v9i1S_4\">https:\/\/doi.org\/10.37710\/plural.v9i1S_4<\/a><\/span><\/li>\n<li><a href=\"https:\/\/plural.upsc.md\/wp-content\/uploads\/2021\/07\/5-Vasile-George-Ursu.pdf\"><strong>Vasile-George URSU (Romania)<\/strong>, \u0218coala rom\u00e2n\u0103 din Paris (Fontenay-aux-roses) &#8211; file semnificative din istoria unei institu\u021bii rom\u00e2ne\u0219ti disp\u0103rut\u0103 \u00een negura timpului \/ Romanian School in Paris (Fontenay-aux-roses) &#8211; significant Pages in the History of a Romanian Institution that Disappeared in the Mists of Time<\/a> \u00a0<span style=\"color: #0000ff;\"><a style=\"color: #0000ff;\" href=\"https:\/\/doi.org\/10.37710\/plural.v9i1S_5\">https:\/\/doi.org\/10.37710\/plural.v9i1S_5<\/a><\/span><\/li>\n<li><a href=\"https:\/\/plural.upsc.md\/wp-content\/uploads\/2021\/07\/6-Lilia-Tiganenko.pdf\"><strong>\u041b\u0438\u043b\u0438\u044f \u0426\u042b\u0413\u0410\u041d\u0415\u041d\u041a\u041e (Ukraine)<\/strong>, \u0422\u0440\u0430\u043d\u0441\u0444\u043e\u0440\u043c\u0430\u0446\u0438\u044f \u044d\u0442\u043d\u0438\u00ad\u0447\u0435\u0441\u043a\u043e\u0433\u043e \u0441\u043e\u0441\u0442\u0430\u0432\u0430 \u043d\u0430\u0441\u0435\u043b\u0435\u043d\u0438\u044f \u0443\u043a\u0440\u0430\u0438\u043d\u0441\u043a\u043e\u0433\u043e \u041f\u043e\u0434\u0443\u043d\u0430\u0432\u044c\u044f: \u043a \u0432\u043e\u043f\u0440\u043e\u0441\u0443 \u043e \u043f\u0435\u0440\u0435\u0441\u0435\u043b\u0435\u043d\u0438\u0438 \u043c\u043e\u043b\u0434\u0430\u0432\u0430\u043d\/\u0440\u0443\u043c\u044b\u043d \u043d\u0430 \u0414\u0430\u043b\u044c\u043d\u0438\u0439 \u0412\u043e\u0441\u0442\u043e\u043a (1947-1949 \u0433\u0433.) \/ Transformation of the Ethnic Combination of the Ukrainian Podunavia Population: on the Issue of the Resettlement of Moldavians\/Romanian to the Far East (1947 &#8211; 1949)<\/a>\u00a0\u00a0<span style=\"color: #0000ff;\"><a style=\"color: #0000ff;\" href=\"https:\/\/doi.org\/10.37710\/plural.v9i1S_6\">https:\/\/doi.org\/10.37710\/plural.v9i1S_6<\/a><\/span><\/li>\n<li><a href=\"https:\/\/plural.upsc.md\/wp-content\/uploads\/2021\/07\/7-Asmita-Basu-1.pdf\"><strong>Asmita BASU, Anupam DE (India)<\/strong>, Heritage Valuation Driving Sustainability of Cultural Capital in Bishnupur in Eastern India<\/a>\u00a0\u00a0<span style=\"color: #0000ff;\"><a style=\"color: #0000ff;\" href=\"https:\/\/doi.org\/10.37710\/plural.v9i1S_7\">https:\/\/doi.org\/10.37710\/plural.v9i1S_7<\/a><\/span><\/li>\n<li><a href=\"https:\/\/plural.upsc.md\/wp-content\/uploads\/2021\/07\/8-Natalia-Procop.pdf\"><strong>Natalia PROCOP (Moldova)<\/strong>, Recreational Centers in Chisinau in the Vision of Visual Artists<\/a> \u00a0<span style=\"color: #0000ff;\"><a style=\"color: #0000ff;\" href=\"https:\/\/doi.org\/10.37710\/plural.v9i1S_8\">https:\/\/doi.org\/10.37710\/plural.v9i1S_8<\/a><\/span><\/li>\n<li><a href=\"https:\/\/plural.upsc.md\/wp-content\/uploads\/2021\/07\/9-Tatiana-Lipai.pdf\"><strong>\u0422\u0430\u0442\u044c\u044f\u043d\u0430<\/strong><strong>\u041b\u0418\u041f\u0410\u0419<\/strong><strong> (Belarus)<\/strong>, \u041b\u0438\u043d\u0433\u0432\u043e\u0441\u0442\u0440\u0430\u043d\u043e\u0432\u0435\u0434\u0447\u0435\u0441\u043a\u0438\u0435 \u043f\u0430\u0440\u0430\u00ad\u043c\u0435\u0442\u0440\u044b \u043f\u0440\u043e\u0444\u0435\u0441\u0441\u0438\u043e\u043d\u0430\u043b\u044c\u043d\u043e-\u043e\u0442\u0440\u0430\u0441\u043b\u0435\u0432\u043e\u0439 \u0434\u0438\u043d\u0430\u043c\u0438\u043a\u0438 \u0441\u043e\u0432\u0440\u0435\u043c\u0435\u043d\u043d\u043e\u0433\u043e \u0441\u043f\u0435\u0446\u0438\u0430\u043b\u0438\u0441\u0442\u0430 \/ Linguistic and Cultural Parameters of the Profe\u00adssional and Industry Dynamics of a Modern Specialist<\/a> \u00a0<span style=\"color: #0000ff;\"><a style=\"color: #0000ff;\" href=\"https:\/\/doi.org\/10.37710\/plural.v9i1S_9\">https:\/\/doi.org\/10.37710\/plural.v9i1S_9<\/a><\/span><\/li>\n<\/ul>\n<p><strong>Reviews \/ Recenzii<\/strong><\/p>\n<ul>\n<li><a href=\"https:\/\/plural.upsc.md\/wp-content\/uploads\/2021\/07\/10-Recenzie.pdf\">Daniela T\u0103nase, <em>Craftsmen and Jewelers in the Middle and Lower Danube Region (6th to 7th Centuries)<\/em>, BRILL: Leiden\/Boston, 2021, 406 pag. (<strong>Sergiu MUSTEA\u021a\u0102<\/strong>)<\/a> <span style=\"color: #0000ff;\"><a style=\"color: #0000ff;\" href=\"https:\/\/doi.org\/10.37710\/plural.v9i1S_10\"><span style=\"color: #0000ff;\">https:\/\/doi.org\/10.37710\/plural.v9i1S_10<\/span><\/a><\/span><\/li>\n<\/ul>\n<p>&nbsp;<\/p>\n<p><a href=\"https:\/\/plural.upsc.md\/wp-content\/uploads\/2021\/07\/11-Autori.pdf\"><strong>Authors\u2019 Short Biographies \/ Date despre autori<\/strong><\/a><\/p>\n<p><a href=\"https:\/\/plural.upsc.md\/wp-content\/uploads\/2021\/07\/12-Submission-Guidelines.pdf\"><strong>Submission Guidelines \/ Not\u0103 pentru autori<\/strong><\/a><\/p>\n","protected":false},"excerpt":{"rendered":"<p>CONTENT\/CUPRINS Articles \/ Studii Adriaan De MAN (United Arab Emirates), On Agency and Ramparts in the Lower Danube and Spain\u00a0\u00a0https:\/\/doi.org\/10.37710\/plural.v9i1S_1 Alexandru MADGEARU (Romania), Dimitrie Cantemir, the First Modern Historian Writing [&hellip;]<\/p>\n","protected":false},"author":2,"featured_media":0,"parent":0,"menu_order":0,"comment_status":"closed","ping_status":"closed","template":"page-templates\/two-sidebars.php","meta":{"footnotes":""},"class_list":["post-1226","page","type-page","status-publish","hentry"],"_links":{"self":[{"href":"https:\/\/plural.upsc.md\/index.php?rest_route=\/wp\/v2\/pages\/1226","targetHints":{"allow":["GET"]}}],"collection":[{"href":"https:\/\/plural.upsc.md\/index.php?rest_route=\/wp\/v2\/pages"}],"about":[{"href":"https:\/\/plural.upsc.md\/index.php?rest_route=\/wp\/v2\/types\/page"}],"author":[{"embeddable":true,"href":"https:\/\/plural.upsc.md\/index.php?rest_route=\/wp\/v2\/users\/2"}],"replies":[{"embeddable":true,"href":"https:\/\/plural.upsc.md\/index.php?rest_route=%2Fwp%2Fv2%2Fcomments&post=1226"}],"version-history":[{"count":10,"href":"https:\/\/plural.upsc.md\/index.php?rest_route=\/wp\/v2\/pages\/1226\/revisions"}],"predecessor-version":[{"id":1275,"href":"https:\/\/plural.upsc.md\/index.php?rest_route=\/wp\/v2\/pages\/1226\/revisions\/1275"}],"wp:attachment":[{"href":"https:\/\/plural.upsc.md\/index.php?rest_route=%2Fwp%2Fv2%2Fmedia&parent=1226"}],"curies":[{"name":"wp","href":"https:\/\/api.w.org\/{rel}","templated":true}]}}