{"id":1195,"date":"2021-05-30T21:47:21","date_gmt":"2021-05-30T19:47:21","guid":{"rendered":"https:\/\/plural.upsc.md\/?page_id=1195"},"modified":"2021-07-27T16:02:30","modified_gmt":"2021-07-27T14:02:30","slug":"plural-vol-9-no-1-2021","status":"publish","type":"page","link":"https:\/\/plural.upsc.md\/?page_id=1195","title":{"rendered":"Plural Vol. IX, no. 1, 2021"},"content":{"rendered":"<p style=\"text-align: center;\"><strong>CONTENT\/CUPRINS<\/strong><\/p>\n<p><strong>Articles \/ Studii<\/strong><\/p>\n<ul>\n<li><a href=\"https:\/\/plural.upsc.md\/wp-content\/uploads\/2021\/05\/01_Negura-Cusco-Intro.pdf\"><strong>Petru NEGUR\u0102 &amp; Andrei CU\u0218CO (Republic of Moldova)<\/strong>, Public Education in Romania and Moldova, 19-20<sup>th<\/sup> Centuries: Modernization, Political Mobilization, and Nation-Building. An Introduction<\/a>\u00a0\u00a0<span style=\"color: #0000ff;\"><a style=\"color: #0000ff;\" href=\"https:\/\/doi.org\/10.37710\/plural.v9i1_1\">https:\/\/doi.org\/10.37710\/plural.v9i1_1<\/a><\/span><\/li>\n<li><a href=\"https:\/\/plural.upsc.md\/wp-content\/uploads\/2021\/05\/02_Minalache-articol.pdf\"><strong>C\u0103t\u0103lina MIHALACHE (Romania)<\/strong>, Toys between the Ludic and the Pedagogical Perspective in Late 19<sup>th<\/sup> Century Romania<\/a>\u00a0\u00a0<span style=\"color: #0000ff;\"><a style=\"color: #0000ff;\" href=\"https:\/\/doi.org\/10.37710\/plural.v9i1_2\">https:\/\/doi.org\/10.37710\/plural.v9i1_2<\/a><\/span><\/li>\n<li><a href=\"https:\/\/plural.upsc.md\/wp-content\/uploads\/2021\/05\/03_Caramelea_articol.pdf\"><strong>Ramona CARAMELEA (Romania)<\/strong>, Public Examinations in Romanian Secondary Schools at the End of the 19<sup>th<\/sup> Century and the Beginning of the 20<sup>th<\/sup> Century<\/a>\u00a0\u00a0<span style=\"color: #0000ff;\"><a style=\"color: #0000ff;\" href=\"https:\/\/doi.org\/10.37710\/plural.v9i1_3\">https:\/\/doi.org\/10.37710\/plural.v9i1_3<\/a><\/span><\/li>\n<li><a href=\"https:\/\/plural.upsc.md\/wp-content\/uploads\/2021\/05\/04_Blasen-articol.pdf\"><strong>Philippe Henri BLASEN (Romania \/ Luxembourg)<\/strong>, Romaniani\u00adzation and Half-Hearted Concessions. The Last Four Years of German-Language Education in Southern Bessarabia (1936-1940)<\/a>\u00a0\u00a0<span style=\"color: #0000ff;\"><a style=\"color: #0000ff;\" href=\"https:\/\/doi.org\/10.37710\/plural.v9i1_4\">https:\/\/doi.org\/10.37710\/plural.v9i1_4<\/a><\/span><\/li>\n<li><a href=\"https:\/\/plural.upsc.md\/wp-content\/uploads\/2021\/05\/05_Sdrobis-articol.pdf\"><strong>Drago\u0219 SDROBI\u0218 (Romania)<\/strong>, \u201cThe Future Belongs to Engineers\u201d? The \u201cProduction\u201d of Engineers in Romania, 1881 \u2013 1939\u00a0<\/a>\u00a0<span style=\"color: #0000ff;\"><a style=\"color: #0000ff;\" href=\"https:\/\/doi.org\/10.37710\/plural.v9i1_5\">https:\/\/doi.org\/10.37710\/plural.v9i1_5<\/a><\/span><\/li>\n<li><a href=\"https:\/\/plural.upsc.md\/wp-content\/uploads\/2021\/05\/06_Filipovici-articol.pdf\"><strong>Anca FILIPOVICI (Romania)<\/strong>, Healthy Young Bodies of an (Un)healthy Nation: Physical Education and Discipline in <em>Straja \u021a\u0103rii<\/em> (1934-1940)<\/a>\u00a0\u00a0<span style=\"color: #0000ff;\"><a style=\"color: #0000ff;\" href=\"https:\/\/doi.org\/10.37710\/plural.v9i1_6\">https:\/\/doi.org\/10.37710\/plural.v9i1_6<\/a><\/span><\/li>\n<li><a href=\"https:\/\/plural.upsc.md\/wp-content\/uploads\/2021\/05\/07_Stan-articol.pdf\"><strong>Ana-Maria STAN (Romania)<\/strong>, De la separatism regional la centra\u00adlizare: dou\u0103 proiecte legislative ale universitarilor clujeni privind reforma \u00eenv\u0103\u021b\u0103m\u00e2ntului superior rom\u00e2nesc dup\u0103 1918 <b>\/<\/b>\u00a0From Regional Separatism to Centralization: Two Legislative Projects Drafted at the University of Cluj Concerning the Reform of Romanian Higher Education After 1918<\/a>\u00a0\u00a0<span style=\"color: #0000ff;\"><a style=\"color: #0000ff;\" href=\"https:\/\/doi.org\/10.37710\/plural.v9i1_7\">https:\/\/doi.org\/10.37710\/plural.v9i1_7<\/a><\/span><\/li>\n<li><a href=\"https:\/\/plural.upsc.md\/wp-content\/uploads\/2021\/05\/08_Jipa_articol.pdf\"><strong>Drago\u0219 JIPA (Romania)<\/strong>, Les d\u00e9buts h\u00e9sitants de la sovi\u00e9tisation de la litt\u00e9rature fran\u00e7aise \u00e0 l\u2019Universit\u00e9 de Bucarest (1948-1949). Les programmes analytiques comme instrument de contr\u00f4le <b>\/ <\/b>The Uncertain Beginnings of the Sovietization of French Literature Teaching at the University of Bucharest (1948-1949). Analytical Curricula as an Instrument of Control<\/a>\u00a0\u00a0<span style=\"color: #0000ff;\"><a style=\"color: #0000ff;\" href=\"https:\/\/doi.org\/10.37710\/plural.v9i1_8\">https:\/\/doi.org\/10.37710\/plural.v9i1_8<\/a><\/span><\/li>\n<li><a href=\"https:\/\/plural.upsc.md\/wp-content\/uploads\/2021\/05\/09_Nastasa_Matei-articol.pdf\"><strong>Irina NASTAS\u0102-MATEI (Romania)<\/strong>, The Humboldt Fellowships for Eastern Europe During the Cold War: Politics and Numbers<\/a>\u00a0\u00a0<span style=\"color: #0000ff;\"><a style=\"color: #0000ff;\" href=\"https:\/\/doi.org\/10.37710\/plural.v9i1_9\">https:\/\/doi.org\/10.37710\/plural.v9i1_9<\/a><\/span><\/li>\n<\/ul>\n<p><strong>Reviews \/ Recenzii<\/strong><\/p>\n<ul>\n<li><a href=\"https:\/\/plural.upsc.md\/wp-content\/uploads\/2021\/05\/10_Bucur-recenzie.pdf\"><strong>Maria Bucur,<\/strong><em>Eroi \u0219i victime: Rom\u00e2nia \u0219i memoria celor dou\u0103 r\u0103z\u00adboaie mondiale<\/em>, Traducere de Roxana Cazan, Ioan Bucur \u0219i Dan B\u0103l\u0103nescu, Ia\u0219i, Polirom, 2019, 357 pp. (<strong>Andrei CU\u0218CO<\/strong>)<\/a>\u00a0\u00a0<span style=\"color: #0000ff;\"><a style=\"color: #0000ff;\" href=\"https:\/\/doi.org\/10.37710\/plural.v9i1_10\">https:\/\/doi.org\/10.37710\/plural.v9i1_10<\/a><\/span><\/li>\n<li><a href=\"https:\/\/plural.upsc.md\/wp-content\/uploads\/2021\/05\/11_Dorina-Rosca-recenzie.pdf\"><strong>Dorina Ro\u0219ca,<\/strong><em>Le grand tournant de la soci\u00e9t\u00e9 moldave. \u00abIntellec\u00adtuels\u00bb et capital social dans la transformation post-socialiste<\/em>, Paris: Presses de l\u2019Inalco, 2019, 359 pp. (<strong>Petru NEGUR\u0102<\/strong>)<\/a>\u00a0\u00a0<span style=\"color: #0000ff;\"><a style=\"color: #0000ff;\" href=\"https:\/\/doi.org\/10.37710\/plural.v9i1_11\">https:\/\/doi.org\/10.37710\/plural.v9i1_11<\/a><\/span><\/li>\n<\/ul>\n<p><a href=\"https:\/\/plural.upsc.md\/wp-content\/uploads\/2021\/05\/12_Autori.pdf\"><strong>Authors\u2019 Short Biographies \/ Date despre autori<\/strong><\/a><\/p>\n<p><a href=\"https:\/\/plural.upsc.md\/wp-content\/uploads\/2020\/07\/Submission.pdf\"><strong>Submission Guidelines \/ Not\u0103 pentru autori<\/strong><\/a><\/p>\n","protected":false},"excerpt":{"rendered":"<p>CONTENT\/CUPRINS Articles \/ Studii Petru NEGUR\u0102 &amp; Andrei CU\u0218CO (Republic of Moldova), Public Education in Romania and Moldova, 19-20th Centuries: Modernization, Political Mobilization, and Nation-Building. An Introduction\u00a0\u00a0https:\/\/doi.org\/10.37710\/plural.v9i1_1 C\u0103t\u0103lina MIHALACHE (Romania), [&hellip;]<\/p>\n","protected":false},"author":2,"featured_media":0,"parent":0,"menu_order":0,"comment_status":"closed","ping_status":"closed","template":"page-templates\/two-sidebars.php","meta":{"footnotes":""},"class_list":["post-1195","page","type-page","status-publish","hentry"],"_links":{"self":[{"href":"https:\/\/plural.upsc.md\/index.php?rest_route=\/wp\/v2\/pages\/1195","targetHints":{"allow":["GET"]}}],"collection":[{"href":"https:\/\/plural.upsc.md\/index.php?rest_route=\/wp\/v2\/pages"}],"about":[{"href":"https:\/\/plural.upsc.md\/index.php?rest_route=\/wp\/v2\/types\/page"}],"author":[{"embeddable":true,"href":"https:\/\/plural.upsc.md\/index.php?rest_route=\/wp\/v2\/users\/2"}],"replies":[{"embeddable":true,"href":"https:\/\/plural.upsc.md\/index.php?rest_route=%2Fwp%2Fv2%2Fcomments&post=1195"}],"version-history":[{"count":7,"href":"https:\/\/plural.upsc.md\/index.php?rest_route=\/wp\/v2\/pages\/1195\/revisions"}],"predecessor-version":[{"id":1257,"href":"https:\/\/plural.upsc.md\/index.php?rest_route=\/wp\/v2\/pages\/1195\/revisions\/1257"}],"wp:attachment":[{"href":"https:\/\/plural.upsc.md\/index.php?rest_route=%2Fwp%2Fv2%2Fmedia&parent=1195"}],"curies":[{"name":"wp","href":"https:\/\/api.w.org\/{rel}","templated":true}]}}