{"id":1098,"date":"2020-07-22T21:48:13","date_gmt":"2020-07-22T21:48:13","guid":{"rendered":"https:\/\/plural.upsc.md\/?page_id=1098"},"modified":"2020-07-26T14:20:41","modified_gmt":"2020-07-26T14:20:41","slug":"plural-vol-viii-no-1-2020","status":"publish","type":"page","link":"https:\/\/plural.upsc.md\/?page_id=1098","title":{"rendered":"Plural Vol. VIII, no. 1, 2020"},"content":{"rendered":"<p style=\"text-align: center;\"><strong>CONTENT\/CUPRINS<\/strong><\/p>\n<ul>\n<li><a href=\"https:\/\/plural.upsc.md\/wp-content\/uploads\/2020\/07\/Introducere.pdf\">Past for the Future and Future for the Past: Preservation and Promotion of the World Heritage Sites. An introduction (<strong>Sergiu Mustea\u021b\u0103<\/strong>)<\/a> <span style=\"color: #0000ff;\"><a style=\"color: #0000ff;\" href=\"https:\/\/doi.org\/10.37710\/plural.v8i1_1\">https:\/\/doi.org\/10.37710\/plural.v8i1_1<\/a><\/span><\/li>\n<\/ul>\n<p style=\"text-align: left;\"><strong>1. Strategies for Preserving and safeguarding World Heritage Sites<\/strong><\/p>\n<ul>\n<li><a href=\"https:\/\/plural.upsc.md\/wp-content\/uploads\/2020\/07\/Gherghina-Boda.pdf\"><strong>Gherghina BODA<\/strong> (Romania), One Hundred Years of Protecting the Cultural Heritage: The Lieber Code (1854) &#8211; The Hague Convention (1954)<\/a>\u00a0\u00a0<span style=\"color: #0000ff;\"><a style=\"color: #0000ff;\" href=\"https:\/\/doi.org\/10.37710\/plural.v8i1_2\">https:\/\/doi.org\/10.37710\/plural.v8i1_2<\/a><\/span><\/li>\n<li><a href=\"https:\/\/plural.upsc.md\/wp-content\/uploads\/2020\/07\/Christina-Cameron.pdf\"><strong>Christina CAMERON<\/strong> (Canada), Recognizing Associative Values in World Heritage<\/a> \u00a0<span style=\"color: #0000ff;\"><a style=\"color: #0000ff;\" href=\"https:\/\/doi.org\/10.37710\/plural.v8i1_3\">https:\/\/doi.org\/10.37710\/plural.v8i1_3<\/a><\/span><\/li>\n<li><a href=\"https:\/\/plural.upsc.md\/wp-content\/uploads\/2020\/07\/Adrian-Craciunescu.pdf\"><strong>Adrian CR\u0102CIUNESCU<\/strong> (Romania), To Move and Reconstruct Monuments &#8211; Conflicts with Authenticity and Integrity<\/a>\u00a0\u00a0<span style=\"color: #0000ff;\"><a style=\"color: #0000ff;\" href=\"https:\/\/doi.org\/10.37710\/plural.v8i1_4\">https:\/\/doi.org\/10.37710\/plural.v8i1_4<\/a><\/span><\/li>\n<li><a href=\"https:\/\/plural.upsc.md\/wp-content\/uploads\/2020\/07\/Andreea-Chiricescu.pdf\"><strong>Andrea CHIRICESCU<\/strong> (Romania), Who Are the Real Stakeholders of a Nominated UNESCO Site? A Glimpse into the Contextualisation of a Rather Scientific Approach to World Heritage Nominations<\/a> <a href=\"https:\/\/doi.org\/10.37710\/plural.v8i1_5\">\u00a0<span style=\"color: #0000ff;\">https:\/\/doi.org\/10.37710\/plural.v8i1_5<\/span><\/a><\/li>\n<li><a href=\"https:\/\/plural.upsc.md\/wp-content\/uploads\/2020\/07\/Cristian-Gazdac.pdf\"><strong>Cristian G\u0102ZDAC, Franz HUMER<\/strong> (Austria\/Romania), From Ruins to Living History in a Roman Metropolis on the Danube. The Archaeological Park Carnuntum &#8211; European Heritage Label Award<\/a> \u00a0<span style=\"color: #0000ff;\"><a style=\"color: #0000ff;\" href=\"https:\/\/doi.org\/10.37710\/plural.v8i1_6\">https:\/\/doi.org\/10.37710\/plural.v8i1_6<\/a><\/span><\/li>\n<\/ul>\n<p><strong>2. World Heritage Sites \u2013 Management and Sustainable Development<\/strong><\/p>\n<ul>\n<li><a href=\"https:\/\/plural.upsc.md\/wp-content\/uploads\/2020\/07\/Aurora-Petan.pdf\"><strong>Aurora PE\u021aAN<\/strong>\u00a0(Romania), The World Heritage Convention and Romania. Case Study: the Dacian Fortresses of the Or\u0103\u0219tie Mountains<\/a> \u00a0<span style=\"color: #0000ff;\"><a style=\"color: #0000ff;\" href=\"https:\/\/doi.org\/10.37710\/plural.v8i1_7\">https:\/\/doi.org\/10.37710\/plural.v8i1_7<\/a><\/span><\/li>\n<li><a href=\"https:\/\/plural.upsc.md\/wp-content\/uploads\/2020\/07\/Calin-Neamtu.pdf\"><strong>C\u0103lin NEAM\u021aU, Vitalie B\u00c2RC\u0102, Zsolt BUNA<\/strong> (Romania), Promoting and Capitalizing on the Vestiges from Sarmizegetusa Regia by Modern Multimedia Methods<\/a> \u00a0<span style=\"color: #0000ff;\"><a style=\"color: #0000ff;\" href=\"https:\/\/doi.org\/10.37710\/plural.v8i1_8\">https:\/\/doi.org\/10.37710\/plural.v8i1_8<\/a><\/span><\/li>\n<li><a href=\"https:\/\/plural.upsc.md\/wp-content\/uploads\/2020\/07\/Marius-Mihai-Ciuta.pdf\"><strong>Marius-Mihai CIUT\u0102<\/strong> (Romania), The Dacian Fortress of C\u0103p\u00e2lna (S\u0103sciori Commune, Alba County) &#8211; In Search of Lost Time (1999-2019)<\/a> \u00a0<span style=\"color: #0000ff;\"><a style=\"color: #0000ff;\" href=\"https:\/\/doi.org\/10.37710\/plural.v8i1_9\">https:\/\/doi.org\/10.37710\/plural.v8i1_9<\/a><\/span><\/li>\n<li><a href=\"https:\/\/plural.upsc.md\/wp-content\/uploads\/2020\/07\/Alexandru-Popa.pdf\"><strong>Alexandru POPA<\/strong> (Romania), The Frontiers of the Roman Empire in Eastern Dacia. Preliminary Results of Research Conducted in the Context of the Romanian National Limes Program<\/a> \u00a0<span style=\"color: #0000ff;\"><a style=\"color: #0000ff;\" href=\"https:\/\/doi.org\/10.37710\/plural.v8i1_10\">https:\/\/doi.org\/10.37710\/plural.v8i1_10<\/a><\/span><\/li>\n<li><a href=\"https:\/\/plural.upsc.md\/wp-content\/uploads\/2020\/07\/Sergiu-Musteata.pdf\"><strong>Sergiu MUSTEA\u021a\u0102 <\/strong>(Moldova\/Romania), The State of Conservation and Periodic Reporting &#8211; A Way for Better Preservation and Sustainable Development of the World Heritage Sites<\/a> \u00a0<span style=\"color: #0000ff;\"><a style=\"color: #0000ff;\" href=\"https:\/\/doi.org\/10.37710\/plural.v8i1_11\">https:\/\/doi.org\/10.37710\/plural.v8i1_11<\/a><\/span><\/li>\n<\/ul>\n<p><strong>Review \/ Recenzie<\/strong><\/p>\n<ul>\n<li><a href=\"https:\/\/plural.upsc.md\/wp-content\/uploads\/2020\/07\/Reviews_01.pdf\">NEIL CHRITIE, HAJNALKA HEROLD (eds), <em>Fortified Settlements in Early Medieval Europe. Defended Communities of the 8th &#8211; 10th centuries<\/em>, Oxbow Books: Oxford &amp; Philadelphia, 2016 (<strong>Sergiu MUSTEA\u021a\u0102<\/strong>)<\/a> <a href=\"https:\/\/doi.org\/10.37710\/plural.v8i1_12\">\u00a0<span style=\"color: #0000ff;\">https:\/\/doi.org\/10.37710\/plural.v8i1_12<\/span><\/a><\/li>\n<li><a href=\"https:\/\/plural.upsc.md\/wp-content\/uploads\/2020\/07\/Reviews_02.pdf\">KNUT ANDREAS BERGSVIK, MARION DOWD (eds), <em>Caves &amp; Ritual in Medieval Europe, AD 500-1500<\/em>, Oxbow Books: Oxford &amp; Philadelphia, 2018 (<strong>Sergiu MUSTEA\u021a\u0102<\/strong>)<\/a> <a href=\"https:\/\/doi.org\/10.37710\/plural.v8i1_13\">\u00a0<span style=\"color: #0000ff;\">https:\/\/doi.org\/10.37710\/plural.v8i1_13<\/span><\/a><\/li>\n<\/ul>\n<hr \/>\n<ul>\n<li><a href=\"https:\/\/plural.upsc.md\/wp-content\/uploads\/2020\/07\/Authors.pdf\"><strong>Authors\u2019 Short Biographies\/ Date despre autori<\/strong><\/a><\/li>\n<li><a href=\"https:\/\/plural.upsc.md\/wp-content\/uploads\/2020\/07\/Submission.pdf\"><strong>Submission Guidelines\u00a0<\/strong><strong>\/<\/strong><strong> Not<\/strong><strong>\u0103<\/strong><strong> pentru autori<\/strong><\/a><\/li>\n<\/ul>\n<div id=\"gtx-trans\" style=\"position: absolute; left: 231px; top: 1165.65px;\">\n<div class=\"gtx-trans-icon\"><\/div>\n<\/div>\n","protected":false},"excerpt":{"rendered":"<p>CONTENT\/CUPRINS Past for the Future and Future for the Past: Preservation and Promotion of the World Heritage Sites. An introduction (Sergiu Mustea\u021b\u0103) https:\/\/doi.org\/10.37710\/plural.v8i1_1 1. Strategies for Preserving and safeguarding World [&hellip;]<\/p>\n","protected":false},"author":1,"featured_media":0,"parent":0,"menu_order":0,"comment_status":"closed","ping_status":"closed","template":"page-templates\/two-sidebars.php","meta":{"footnotes":""},"class_list":["post-1098","page","type-page","status-publish","hentry"],"_links":{"self":[{"href":"https:\/\/plural.upsc.md\/index.php?rest_route=\/wp\/v2\/pages\/1098","targetHints":{"allow":["GET"]}}],"collection":[{"href":"https:\/\/plural.upsc.md\/index.php?rest_route=\/wp\/v2\/pages"}],"about":[{"href":"https:\/\/plural.upsc.md\/index.php?rest_route=\/wp\/v2\/types\/page"}],"author":[{"embeddable":true,"href":"https:\/\/plural.upsc.md\/index.php?rest_route=\/wp\/v2\/users\/1"}],"replies":[{"embeddable":true,"href":"https:\/\/plural.upsc.md\/index.php?rest_route=%2Fwp%2Fv2%2Fcomments&post=1098"}],"version-history":[{"count":7,"href":"https:\/\/plural.upsc.md\/index.php?rest_route=\/wp\/v2\/pages\/1098\/revisions"}],"predecessor-version":[{"id":1197,"href":"https:\/\/plural.upsc.md\/index.php?rest_route=\/wp\/v2\/pages\/1098\/revisions\/1197"}],"wp:attachment":[{"href":"https:\/\/plural.upsc.md\/index.php?rest_route=%2Fwp%2Fv2%2Fmedia&parent=1098"}],"curies":[{"name":"wp","href":"https:\/\/api.w.org\/{rel}","templated":true}]}}