{"id":106,"date":"2015-12-14T13:47:50","date_gmt":"2015-12-14T13:47:50","guid":{"rendered":"https:\/\/plural.upsc.md\/?page_id=106"},"modified":"2020-04-28T17:36:50","modified_gmt":"2020-04-28T17:36:50","slug":"plural-volume-i","status":"publish","type":"page","link":"https:\/\/plural.upsc.md\/?page_id=106","title":{"rendered":"Plural Vol. I, no. 1-2, 2013"},"content":{"rendered":"<p style=\"text-align: center;\"><strong>CONTENT \/ CUPRINS<\/strong><\/p>\n<ul style=\"list-style-type: disc; text-align: justify;\">\n<li style=\"text-align: justify;\"><strong><a href=\"https:\/\/plural.upsc.md\/?page_id=243\">Foreword<\/a><\/strong><\/li>\n<li style=\"text-align: justify;\"><strong><a href=\"https:\/\/plural.upsc.md\/?page_id=246\">Editorial<\/a><\/strong><\/li>\n<\/ul>\n<p style=\"text-align: justify;\"><strong>Articles\/ Studii<\/strong><\/p>\n<ul style=\"list-style-type: disc; text-align: justify;\">\n<li style=\"text-align: left;\"><a href=\"https:\/\/plural.upsc.md\/?page_id=249\"><strong><strong>Irina Oberl\u00e4nder-T\u00e2rnoveanu,\u00a0<\/strong><\/strong>Patrimoniul arheologic na\u021bional: politici, documentare, acces \/ The National Archaeological Heritage: Policies, Documentation, Access<\/a>\u00a0 <a href=\"https:\/\/doi.org\/10.37710\/plural.v1i1-2_1\"><span style=\"color: #0000ff;\">https:\/\/doi.org\/10.37710\/plural.v1i1-2_1<\/span><\/a><strong><strong><br \/>\n<\/strong><\/strong><\/li>\n<li style=\"text-align: left;\"><a href=\"https:\/\/plural.upsc.md\/?page_id=252\"><strong>Octavian Munteanu<\/strong>, Cultura Poiene\u015fti-Luca\u015feuca: o succint\u0103 retrospectiv\u0103 istoriografic\u0103 a interpret\u0103rilor etnoarheologice \/ The Poiene\u015fti-Luca\u015feuca Culture: A Brief Historiographic Review of Ethno-Archaeological Interpretatio<\/a>\u00a0\u00a0<a href=\"https:\/\/doi.org\/10.37710\/plural.v1i1-2_2\"><span style=\"color: #0000ff;\">https:\/\/doi.org\/10.37710\/plural.v1i1-2_2<\/span><\/a><\/li>\n<li style=\"text-align: left;\"><a href=\"https:\/\/plural.upsc.md\/?page_id=256\"><strong>Iurie Stamati<\/strong>, Un sujet historiographique et ses dimensions id\u00e9ologiques: le territoire de la Moldavie et la fronti\u00e8re du sud du royaume Galicie-Volhynie selon les historiens et les arch\u00e9ologues Sovi\u00e9tiques Moldaves \/ A Historiographic Topic and Its Ideological Dimensions: The Territory of Moldavia and the Southern Border of the Kingdom of Galicia and Volhynia According to the Soviet Moldavian Historians and Archaeologists<\/a> <a href=\"https:\/\/doi.org\/10.37710\/plural.v1i1-2_3\"><span style=\"color: #0000ff;\">https:\/\/doi.org\/10.37710\/plural.v1i1-2_3<\/span><\/a><\/li>\n<li style=\"text-align: left;\"><a href=\"https:\/\/plural.upsc.md\/?page_id=261\"><strong>Igor Sava<\/strong>, Imunitatea \u00een raporturile dintre domnie \u0219i m\u0103n\u0103stirile Moldovei (secolele XV-XVI). Pentru o abordare interdisciplinar\u0103 a problemei \/ Immunity and Its Significance for the Relations between Princely Power and Moldavia\u2019s Monasteries during the Fifteenth and Sixteenth Century: For an Inter-Disciplinary Approach<\/a> <a href=\"https:\/\/doi.org\/10.37710\/plural.v1i1-2_4\"><span style=\"color: #0000ff;\">https:\/\/doi.org\/10.37710\/plural.v1i1-2_4<\/span><\/a><\/li>\n<li style=\"text-align: left;\"><a href=\"https:\/\/plural.upsc.md\/?page_id=264\"><strong>Victor Taki, <\/strong>\u0420\u0443\u0441\u0441\u043a\u043e-\u0422\u0443\u0440\u0435\u0446\u043a\u0438\u0435 \u0412\u043e\u0439\u043d\u044b \u0438 \u041e\u0431\u0440\u0430\u0437\u043e\u0432\u0430\u043d\u0438\u0435 \u0411\u0435\u0441\u0441\u0430\u0440\u0430\u0431\u0441\u043a\u043e\u0439 \u041e\u0431\u043b\u0430\u0441\u0442\u0438 (1812-1822): \u041f\u043e\u043b\u0438\u0442\u0438\u043a\u0430 \u0410\u0432\u0442\u043e\u043d\u043e\u043c\u0438\u0438 \u0438 \u041a\u043e\u043b\u043e\u043d\u0438\u0437\u0430\u0446\u0438\u044f \/ The Russian-Ottoman Wars and the Creation of the Bessarabian Region (1812-1822): The Policy of Autonomy and Colonization<\/a> <a href=\"https:\/\/doi.org\/10.37710\/plural.v1i1-2_5\"><span style=\"color: #0000ff;\">https:\/\/doi.org\/10.37710\/plural.v1i1-2_5<\/span><\/a><\/li>\n<li style=\"text-align: left;\"><a href=\"https:\/\/plural.upsc.md\/?page_id=268\"><strong>Andrei Cu\u0219co<\/strong>, \u00centre \u201eorientalism\u201d \u015fi obiectivitate: etnografia rus\u0103 \u015fi Basarabia \u00een a doua jum\u0103tate a secolului al XIX-lea \/ Between \u201cOrientalism\u201d and Objectivity: Russian Ethnography and Bessarabia during the Second Half of the Nineteenth Century<\/a>\u00a0\u00a0<a href=\"https:\/\/doi.org\/10.37710\/plural.v1i1-2_6\"><span style=\"color: #0000ff;\">https:\/\/doi.org\/10.37710\/plural.v1i1-2_6<\/span><\/a><\/li>\n<li style=\"text-align: left;\"><a href=\"https:\/\/plural.upsc.md\/?page_id=271\"><strong>Lucia Sava<\/strong>, Les f\u00eates \u2013 instrument de justification du discours politique dans les soci\u00e9t\u00e9s totalitaires \/ Public Holidays as an Instrument for Justifying Political Discourse Within Totalitarian Societies<\/a> \u00a0<span style=\"color: #0000ff;\"><a style=\"color: #0000ff;\" href=\"https:\/\/doi.org\/10.37710\/plural.v1i1-2_22\">https:\/\/doi.org\/10.37710\/plural.v1i1-2_22<\/a><\/span><\/li>\n<li style=\"text-align: left;\"><a href=\"https:\/\/plural.upsc.md\/?page_id=275\"><strong>Diana Dumitru, <\/strong>Peasants\u2019 perceptions of Jewish life in interwar Bessarabia and how this became interwoven into the Holocaust<\/a>\u00a0\u00a0<a href=\"https:\/\/doi.org\/10.37710\/plural.v1i1-2_7\"><span style=\"color: #0000ff;\">https:\/\/doi.org\/10.37710\/plural.v1i1-2_7<\/span><\/a><\/li>\n<li style=\"text-align: left;\"><a href=\"https:\/\/plural.upsc.md\/?page_id=283\"><strong>Petru Negur\u0103, <\/strong>Mobilitate social\u0103 \u0219i limite de aparat: observa\u021bii pe marginea pove\u0219tii vie\u021bii unui intelectual moldovean din epoca sovietic\u0103 t\u00e2rzie \/ Social Mobility and Bureaucratic Limits: Some Observations Concerning the Life Story of a Moldovan Intellectual During the Late Soviet Era<\/a> <a href=\"https:\/\/doi.org\/10.37710\/plural.v1i1-2_8\"><span style=\"color: #0000ff;\">https:\/\/doi.org\/10.37710\/plural.v1i1-2_8<\/span><\/a><\/li>\n<li style=\"text-align: left;\"><a href=\"https:\/\/plural.upsc.md\/?page_id=286\"><strong>Rasa \u010cepaitien\u0117<\/strong>, Memory Politis in a Multiethnic City: the case of Vilnius<\/a>\u00a0\u00a0<a href=\"https:\/\/doi.org\/10.37710\/plural.v1i1-2_9\"><span style=\"color: #0000ff;\">https:\/\/doi.org\/10.37710\/plural.v1i1-2_9<\/span><\/a><\/li>\n<li style=\"text-align: left;\"><a href=\"https:\/\/plural.upsc.md\/?page_id=289\"><strong>Carter Johnson<\/strong>, Partition and Post-War Violence Case Study of Moldova and Pridnestrovie<\/a>\u00a0\u00a0<a href=\"https:\/\/doi.org\/10.37710\/plural.v1i1-2_10\"><span style=\"color: #0000ff;\">https:\/\/doi.org\/10.37710\/plural.v1i1-2_10<\/span><\/a><\/li>\n<li style=\"text-align: left;\"><a href=\"https:\/\/plural.upsc.md\/?page_id=292\"><strong>Jutta Scherrer<\/strong>, The \u00abFoundations of Orthodox culture\u00bb &#8211; a culturology for children?<\/a>\u00a0\u00a0<a href=\"https:\/\/doi.org\/10.37710\/plural.v1i1-2_11\"><span style=\"color: #0000ff;\">https:\/\/doi.org\/10.37710\/plural.v1i1-2_11<\/span><\/a><\/li>\n<li style=\"text-align: left;\"><a href=\"https:\/\/plural.upsc.md\/?page_id=296\"><strong>Panagiota Manoli<\/strong>, Black Sea cooperation: The difficult path of overcoming divisions and marginalization<\/a>\u00a0\u00a0<a href=\"https:\/\/doi.org\/10.37710\/plural.v1i1-2_12\"><span style=\"color: #0000ff;\">https:\/\/doi.org\/10.37710\/plural.v1i1-2_12<\/span><\/a><\/li>\n<li style=\"text-align: left;\"><a href=\"https:\/\/plural.upsc.md\/?page_id=299\"><strong>Amy Samuelson<\/strong>, <em>Becoming a tree hugger: youth environmentalism in Chi\u015fin\u0103u, Moldova<\/em><\/a><em> \u00a0<\/em><a href=\"https:\/\/doi.org\/10.37710\/plural.v1i1-2_13\"><span style=\"color: #0000ff;\">https:\/\/doi.org\/10.37710\/plural.v1i1-2_13<\/span><\/a><\/li>\n<\/ul>\n<p style=\"text-align: justify;\"><strong>Book Reviews\/ Recenzii<\/strong><\/p>\n<ul style=\"list-style-type: disc; text-align: justify;\">\n<li style=\"text-align: left;\"><a href=\"https:\/\/plural.upsc.md\/?page_id=303\">Ion Tentiuc, <em>Contribu\u0163ii la istoria \u015fi arheologia spa\u0163iului pruto-nistrean. Siturile de la Durle\u015fti \u015fi Mole\u015fti<\/em>, Biblioteca Tyragetia, XXI (Chi\u0219in\u0103u: Muzeul Na\u0163ional de Istorie a Moldovei, 2012), ISBN 978-9975-80-667-1 <strong>(Sergiu Mustea<\/strong><strong>\u021b<\/strong><strong>\u0103<\/strong><strong>)<\/strong><\/a><strong>\u00a0 <\/strong><a href=\"https:\/\/doi.org\/10.37710\/plural.v1i1-2_14\"><span style=\"color: #0000ff;\">https:\/\/doi.org\/10.37710\/plural.v1i1-2_14<\/span><\/a><\/li>\n<li style=\"text-align: left;\"><a href=\"https:\/\/plural.upsc.md\/?page_id=307\">Olga Velikanova, <em>Popular Perceptions of Soviet Politics in the 1920s: Disenchantment of the Dreamers,<\/em> Basingstoke: Palgrave Macmillan, 2013. 272 pag., ISBN 978-1-137-03074-0 (<strong>Alexandr Voronovici<\/strong>)<\/a>\u00a0\u00a0<a href=\"https:\/\/doi.org\/10.37710\/plural.v1i1-2_15\"><span style=\"color: #0000ff;\">https:\/\/doi.org\/10.37710\/plural.v1i1-2_15<\/span><\/a><\/li>\n<li style=\"text-align: left;\"><a href=\"https:\/\/plural.upsc.md\/?page_id=311\">Rasa \u0427\u0435\u043f\u0430\u0439\u0442\u0435\u043d\u0435, <em>\u041a\u0443\u043b\u044c\u0442\u0443\u0440\u043d\u043e\u0435 \u043d\u0430\u0441\u043b\u0435\u0434\u0438\u0435 \u0432 \u0433\u043b\u043e\u0431\u0430\u043b\u044c\u043d\u043e\u043c \u043c\u0438\u0440\u0435<\/em> [Cultural Heritage in the Global World], \u0412\u0438\u043b\u044c\u043d\u044e\u0441: \u0415\u0413\u0423, 2010, 298 \u0441. ISBN 978-9955-773-33-7 (<strong>Anastasia Felcher<\/strong>)<\/a>\u00a0\u00a0<a href=\"https:\/\/doi.org\/10.37710\/plural.v1i1-2_16\"><span style=\"color: #0000ff;\">https:\/\/doi.org\/10.37710\/plural.v1i1-2_16<\/span><\/a><\/li>\n<\/ul>\n<p style=\"text-align: justify;\"><strong>Scholarly life \/ Via<\/strong><strong>\u021b<\/strong><strong>a <\/strong><strong>\u0219<\/strong><strong>tiin<\/strong><strong>\u021b<\/strong><strong>ific<\/strong><strong>\u0103<\/strong><\/p>\n<ul style=\"list-style-type: disc;\">\n<li style=\"text-align: justify;\"><a href=\"https:\/\/plural.upsc.md\/?page_id=314\">The Project \u201dSocial mobility and modernization in the twentieth century in eastern europe\u201d<\/a>\u00a0\u00a0<a href=\"https:\/\/doi.org\/10.37710\/plural.v1i1-2_17\"><span style=\"color: #0000ff;\">https:\/\/doi.org\/10.37710\/plural.v1i1-2_17<\/span><\/a><\/li>\n<li style=\"text-align: justify;\"><a href=\"https:\/\/plural.upsc.md\/?page_id=318\">Atelierul doctoral de actualizare a competen\u021belor de cercetare ale doctoranzilor moldoveni din domeniul \u0219tiin\u021belor sociale \/ Ph.D. workshop focusing on the research skills of Moldovan PhD students in the field of social sciences<\/a>\u00a0\u00a0<a href=\"https:\/\/doi.org\/10.37710\/plural.v1i1-2_18\"><span style=\"color: #0000ff;\">https:\/\/doi.org\/10.37710\/plural.v1i1-2_18<\/span><\/a><\/li>\n<li style=\"text-align: justify;\"><a href=\"https:\/\/plural.upsc.md\/?page_id=322\">Conferin\u0163a \u015ftiin\u0163ific\u0103 \u201eNoi tendin\u021be \u00een protec\u021bia \u0219i promovarea patrimoniului cultural na\u021bional \u0219i european\u201d, Chi\u0219in\u0103u, 27-28 septembrie 2013 \/ The scholarly conference \u201cNew Tendencies in the Protection and Promotion of the National and European Cultural Heritage,\u201d Chisinau, September 27-28, 2013<\/a>\u00a0\u00a0<a href=\"https:\/\/doi.org\/10.37710\/plural.v1i1-2_19\"><span style=\"color: #0000ff;\">https:\/\/doi.org\/10.37710\/plural.v1i1-2_19<\/span><\/a><\/li>\n<li style=\"text-align: justify;\"><a href=\"https:\/\/plural.upsc.md\/?page_id=326\">Simpozionul Interna\u0163ional \u201dPolitica marilor puteri \u00een Balcani \u015fi Europa Central\u0103\u201d, Chi\u0219in\u0103u, 10-13 octombrie 2013 \/ The International Symposium \u201cThe Policy of the Great Powers in the Balkans and Central Europe,\u201d <\/a><a href=\"https:\/\/plural.upsc.md\/?page_id=326\">Chi\u0219in\u0103u, October 10-13, 2013<\/a>\u00a0\u00a0<a href=\"https:\/\/doi.org\/10.37710\/plural.v1i1-2_20\"><span style=\"color: #0000ff;\">https:\/\/doi.org\/10.37710\/plural.v1i1-2_20<\/span><\/a><\/li>\n<li style=\"text-align: justify;\"><a href=\"https:\/\/plural.upsc.md\/?page_id=329\">Conferin\u0163a Interna\u0163ional\u0103 \u201dIstorie, Cultur\u0103 \u015fi Civiliza\u0163ie \u00een Europa de Sud-Est\u201d<em>, <\/em>edi\u021bia a XIII-a, Chi\u0219in\u0103u, 28-30 noiembrie 2013 \/ The International Conference \u201cHistory, Culture, and Civilization in Southeastern Europe,\u201d 13<sup>th<\/sup> edition, Chisinau, November 28-30, 2013<\/a>\u00a0\u00a0<a href=\"https:\/\/doi.org\/10.37710\/plural.v1i1-2_21\"><span style=\"color: #0000ff;\">https:\/\/doi.org\/10.37710\/plural.v1i1-2_21<\/span><\/a><\/li>\n<li style=\"text-align: justify;\"><strong><a href=\"https:\/\/plural.upsc.md\/?page_id=333\">Authors\u2019 Short Biographies \/ Date despre autor<\/a><\/strong><\/li>\n<li style=\"text-align: justify;\"><strong><a href=\"https:\/\/plural.upsc.md\/?page_id=115\">Submission Guidelines \/ Not\u0103 pentru autori<\/a><\/strong><\/li>\n<\/ul>\n","protected":false},"excerpt":{"rendered":"<p>CONTENT \/ CUPRINS Foreword Editorial Articles\/ Studii Irina Oberl\u00e4nder-T\u00e2rnoveanu,\u00a0Patrimoniul arheologic na\u021bional: politici, documentare, acces \/ The National Archaeological Heritage: Policies, Documentation, Access\u00a0 https:\/\/doi.org\/10.37710\/plural.v1i1-2_1 Octavian Munteanu, Cultura Poiene\u015fti-Luca\u015feuca: o succint\u0103 retrospectiv\u0103 [&hellip;]<\/p>\n","protected":false},"author":1,"featured_media":0,"parent":12,"menu_order":0,"comment_status":"closed","ping_status":"closed","template":"page-templates\/two-sidebars.php","meta":{"footnotes":""},"class_list":["post-106","page","type-page","status-publish","hentry"],"_links":{"self":[{"href":"https:\/\/plural.upsc.md\/index.php?rest_route=\/wp\/v2\/pages\/106","targetHints":{"allow":["GET"]}}],"collection":[{"href":"https:\/\/plural.upsc.md\/index.php?rest_route=\/wp\/v2\/pages"}],"about":[{"href":"https:\/\/plural.upsc.md\/index.php?rest_route=\/wp\/v2\/types\/page"}],"author":[{"embeddable":true,"href":"https:\/\/plural.upsc.md\/index.php?rest_route=\/wp\/v2\/users\/1"}],"replies":[{"embeddable":true,"href":"https:\/\/plural.upsc.md\/index.php?rest_route=%2Fwp%2Fv2%2Fcomments&post=106"}],"version-history":[{"count":27,"href":"https:\/\/plural.upsc.md\/index.php?rest_route=\/wp\/v2\/pages\/106\/revisions"}],"predecessor-version":[{"id":1084,"href":"https:\/\/plural.upsc.md\/index.php?rest_route=\/wp\/v2\/pages\/106\/revisions\/1084"}],"up":[{"embeddable":true,"href":"https:\/\/plural.upsc.md\/index.php?rest_route=\/wp\/v2\/pages\/12"}],"wp:attachment":[{"href":"https:\/\/plural.upsc.md\/index.php?rest_route=%2Fwp%2Fv2%2Fmedia&parent=106"}],"curies":[{"name":"wp","href":"https:\/\/api.w.org\/{rel}","templated":true}]}}