{"id":104,"date":"2015-12-14T13:46:52","date_gmt":"2015-12-14T13:46:52","guid":{"rendered":"https:\/\/plural.upsc.md\/?page_id=104"},"modified":"2021-07-26T23:17:55","modified_gmt":"2021-07-26T21:17:55","slug":"terms-and-conditions","status":"publish","type":"page","link":"https:\/\/plural.upsc.md\/?page_id=104","title":{"rendered":"Terms and Conditions"},"content":{"rendered":"<div class=\"osc-res-tab tabbable   osc-tabs-right\"><div style=\"clear:both;width: 100%;\"><ul class=\"nav osc-res-nav nav-tabs osc-tabs-right-ul\" id=\"oscitas-restabs-1-terms-and-conditions-19668\"><li class=\"active\"><a href=\"#ert_pane1-0\" data-toggle=\"tab\">En<\/a><\/li><li class=\"\"><a href=\"#ert_pane1-1\" data-toggle=\"tab\">Ro<\/a><\/li><\/ul><\/div><div style=\"clear:both;width: 100%;\"><ul class=\"tab-content\" id=\"oscitas-restabcontent-1-terms-and-conditions-19668\"><li class=\"tab-pane active\" id=\"ert_pane1-0\"><\/p>\n<p>All manuscripts submitted to our journal must be the result of original research and must comply with our editorial guidelines. Manuscripts accompanied by illustrations (where applicable), author-related information and the relevant signed forms (1. Open Access License and 2. Originality Statement &amp; Copyright Agreement Form) must be sent to the e-mail address of the journal&#8217;s editorial team: <a href=\"mailto:plural.journal@upsc.md\">plural.journal@upsc.md<\/a><\/p>\n<p>Manuscripts that do not meet the editorial requirements of the journal will be rejected immediately. If the article meets the requirements and guidelines of the journal, the editors of the journal will check the manuscript by running it through the anti-plagiarism system. In case the similarity report shows a high index and, in those cases, when plagiarism and\/or self-plagiarism will be found, the manuscript will be rejected.<\/p>\n<p><strong>Peer-review<\/strong><\/p>\n<p>If the manuscript meets all the editorial requirements of the journal, the editors will send it to two reviewers for evaluation. If the reviewers reach different or opposite opinions and conclusions, the manuscript will be sent to a third reviewer. The editorial team, based on the comments and assessment of the reviewers, will pass on the manuscript for the final decision to the editorial board. Articles will only be published after their rigorous peer review by independent experts, after evaluation by the members of the editorial board and after their revision and resubmission by the authors (when necessary).<\/p>\n<p><strong>Deadlines: <\/strong>The process of verifying, reviewing and deciding on the publication or rejection of a manuscript generally takes between 2 and 3 months from the receipt of the article. The journal appears biannually. Therefore, the articles will be published in one of the two annual issues. The first issue of the journal is published in the middle of the calendar year, and the second issue is published at the end of the year. Although we accept submissions on a rolling basis, please note that most of the issues are thematically focused. Therefore, we kindly ask the interested authors to closely follow and take into account the announced theme of the respective issue.<\/p>\n<p><strong>Please read these guidelines carefully before writing and submitting your articles.<\/strong><\/p>\n<p><strong>The text <\/strong>should be written in Romanian or one of the following languages: English, French, German, and Russian. Its length should be limited to between 7,000 and 9,000 words. The manuscript should be submitted in MS Word format, 1.5 lines, size 12, Times New Roman font. The references should follow the footnote system, using the same font, size 10. The titles originally given in Slavic languages will be transliterated according to the current academic rules.<\/p>\n<p><strong>The references <\/strong>will follow the guidelines of the Chicago Manual of Style: <a href=\"http:\/\/www.chicagomanualofstyle.org\/tools_citationguide.html\">http:\/\/www.chicagomanualofstyle.org\/tools_citationguide.html<\/a>. Since our journal uses the above-mentioned reference system, <strong>it is not necessary to attach a separate bibliography at the end of the article<\/strong>.<\/p>\n<p><strong>Abstract: <\/strong>Each article must be accompanied by an abstract in English and Romanian, with a length of 150-200 words.<\/p>\n<p><strong>Keywords: <\/strong>Each article must be accompanied by a maximum of 5 keywords, both in the original language of the article and in Romanian. Keywords must be separated by commas.<\/p>\n<p><strong>Illustrations: <\/strong>Articles featuring illustrations must be accompanied by a list of illustrations, indicating the source, author and copyright. At the same time, the reference to the illustration must be found in the text of the article. In the case of articles written in a language other than English, the list of illustrations must be translated into English. The overall size of the illustrations accompanying the text must not exceed 5 pages. The illustrations should be sent in a separate file, in electronic format (jpg. format, 300 dpi resolution for images and 1200 dpi for drawings).<\/p>\n<p><strong>Author-related information:<\/strong><\/p>\n<p>The authors\u2019 biographical information should include the full name and surname of the author, her \/ his institutional affiliation, the author\u2019s mailing address, including a valid e-mail address, the ORCID ID number, a brief presentation of the author\u2019s scholarly interests and the titles of 2-3 recent publications. This information must be provided in English and <strong>should not exceed 150 words<\/strong>.<\/p>\n<p>Before submitting your manuscript, please carefully check if you have included all the required items into your submission package. Here is the relevant <strong>checklist:<\/strong><\/p>\n<ol>\n<li>Manuscript &#8211; title, abstract, keywords, core text, illustration list, author\u2019s biography;<\/li>\n<li>The illustrations (sent in a separate file). The name of the illustration should correspond to its number in the list;<\/li>\n<li><a href=\"https:\/\/plural.upsc.md\/wp-content\/uploads\/2021\/07\/Plural-CHS_Open_Access_License.docx\"><u>Form n<\/u><u>o. 1 &#8211; Open Access License<\/u>, filled out and signed<\/a>;<\/li>\n<li><a href=\"https:\/\/plural.upsc.md\/wp-content\/uploads\/2021\/07\/Plural-CHS_Originality_Statement_and_Copyright_Agreement_2021.docx\"><u>Form no. 2 &#8211; Originality Statement &amp; Copyright Agreement Form<\/u>, filled out and signed.<\/a><\/li>\n<\/ol>\n<p><strong>\u00a0<\/strong><\/p>\n<p><strong>Contact \/ mailing address:<\/strong><\/p>\n<p>Department of History and Geography, \u201eIon Creang\u0103\u201d State Pedagogical University, Chi\u0219in\u0103u, Republic of Moldova<\/p>\n<p>Ion Creang\u0103 Str., 1, Central Building, of. 509, Chi\u015fin\u0103u, MD-2069, Republic of Moldova, Phone\/Fax: +373 22 358169; e-mail: <a href=\"mailto:plural.journal@upsc.md\">plural.journal@upsc.md<\/a><\/p>\n<p><\/li><li class=\"tab-pane \" id=\"ert_pane1-1\"><\/p>\n<p style=\"text-align: center;\"><strong>NOT\u0102 PENTRU AUTORI<\/strong><\/p>\n<p>Toate manuscrisele trimise la revista noastr\u0103 trebuie s\u0103 fie rezultatul unor cercet\u0103ri originale \u0219i trebuie s\u0103 respecte regulile noastre de redactare. Manuscrisele \u00eenso\u021bite de ilustra\u021bii (unde e cazul), informa\u021bia despre autor \u0219i formularele (1. Open Access License \u0219i 2. Originality Statement &amp; Copyright Agreement Form) semnate trebuie trimise pe adresa de e-mail a redac\u021biei revistei: <a href=\"mailto:plural.journal@upsc.md\">plural.journal@upsc.md<\/a><\/p>\n<p>Manuscrisele care nu corespund cerin\u021belor de redactare ale revistei vor fi respinse din oficiu. \u00cen cazul \u00een care articolul corespunde cerin\u021belor revistei, redactorii revistei vor verifica manuscrisul prin intermediul sistemului antiplagiat. \u00cen cazul \u00een care raportul de similitudine va ar\u0103ta indici \u00eenal\u021bi, sau c\u00e2nd va fi constatat plagiat \u0219i \/ sau autoplagiat, manuscrisul va fi returnat autorului.<\/p>\n<p><strong>Peer-review<\/strong><\/p>\n<p>\u00cen cazul \u00een care manuscrisul \u00eentrune\u0219te toate condi\u021biile de redactare ale revistei, editorul \u00eel va trimite c\u0103tre doi recenzen\u021bi pentru evaluare, iar \u00een cazul c\u00e2nd p\u0103rerile recenzen\u021bilor sunt diferite, manuscrisul va fi trimis celui de-al treilea recenzent. Echipa de redac\u021bie, pe baza comentariilor primite de la recenzen\u021bi, va recomanda manuscrisul pentru decizia final\u0103 consiliului editorial. Articolele vor fi publicate doar dup\u0103 recenzarea lor riguroas\u0103 de c\u0103tre exper\u021bi independen\u021bi, dup\u0103 evaluarea de c\u0103tre membrii consiliului editorial \u0219i dup\u0103 revizuirea lor de c\u0103tre autori (atunci c\u00e2nd va fi necesar).<\/p>\n<p><strong>Termeni: <\/strong>Procesul de verificare, recenzare \u0219i luare a deciziei privind publicarea sau respingerea manuscrisului dureaz\u0103 \u00eentre <strong>2 <\/strong>\u0219i<strong> 3 luni<\/strong> din momentul primirii articolului. Revista apare bianual, respectiv articolele vor fi \u00een unul din \u00een cele dou\u0103 numere. Primul num\u0103r al revistei apare la mijlocul anului calendaristic, iar al doilea la finele anului. De regul\u0103, numerele sunt tematice, de aceea rug\u0103m persoanele interesate s\u0103 urm\u0103reasc\u0103 \u0219i s\u0103 respecte tematica anun\u021bat\u0103.<\/p>\n<p><strong>Rug\u0103m autorii s\u0103 citeasc\u0103 atent condi\u021biile \u00eenainte de a redacta \u0219i trimite articolele .<\/strong><\/p>\n<p><strong>Textul<\/strong> \u00een limba rom\u00e2n\u0103 sau o limb\u0103 de circula\u021bie interna\u021bional\u0103 (englez\u0103, francez\u0103, german\u0103, rus\u0103), av\u00e2nd un volum \u00eentre <strong>7.000<\/strong> \u0219i <strong>9.000<\/strong> de cuvinte, trebuie s\u0103 fie redactat \u00een programul Word, la un interval de 1,5 r\u00e2nduri cu corp 12, fontul Times New Roman, iar notele vor fi plasate \u00een subsolul fiec\u0103rei pagini, utiliz\u00e2nd op\u021biunea FOOTNOTE, cu acela\u0219i font, m\u0103rimea 10. Titlurile din limbile slave vor fi transliterate conform uzan\u021belor \u00een vigoare.<\/p>\n<p><strong>Aparatul critic<\/strong> al contribu\u021biilor se va elabora conform normelor Chicago Manual of Style: <a href=\"http:\/\/www.chicagomanualofstyle.org\/tools_citationguide.html\">http:\/\/www.chicagomanualofstyle.org\/tools_citationguide.html<\/a>. Odat\u0103 ce revista noastr\u0103 folose\u0219te sistemul dat de referin\u021be, <strong>nu este cazul s\u0103 anexa\u021bi la finalul articolului lista bibliografic\u0103<\/strong>.<\/p>\n<p><strong>Rezumatul: <\/strong>Fiecare articol trebuie s\u0103 fie \u00eenso\u021bit de un rezumat \u00een limbile <strong>englez\u0103<\/strong> \u0219i<strong> rom\u00e2n\u0103<\/strong> cu lungimea de <strong>150-200 cuvinte<\/strong>.<\/p>\n<p><strong>Cuvintele cheie: <\/strong>Fiecare articol trebuie s\u0103 fie \u00eenso\u021bit de cel mult <strong>5 cuvinte cheie<\/strong>, at\u00e2t \u00een limba de redactare a articolului, c\u00e2t \u0219i \u00een limba rom\u00e2n\u0103. Cuvintele cheie trebuie s\u0103 fie separate prin virgul\u0103.<\/p>\n<p><strong>Ilustra\u021biile: <\/strong>Lucr\u0103rile care au ilustra\u021bii trebuie s\u0103 fie \u00eenso\u021bite de lista ilustra\u021biilor, cu indicarea sursei, autorului \u0219i a dreptului de a fi utilizate \u00een text (copyright). Totodat\u0103, autorul trebuie s\u0103 indice locul plas\u0103rii ilustra\u021biei \u00een text, iar referin\u021ba la ilustra\u021bie trebuie s\u0103 se reg\u0103seasc\u0103 \u00een textul articolului. \u00cen cazul articolelor scrise \u00een alt\u0103 limb\u0103 dec\u00e2t engleza, lista ilustra\u021biilor trebuie s\u0103 fie tradus\u0103 \u00een limba englez\u0103. Num\u0103rul plan\u0219elor care \u00eenso\u021besc textul nu trebuie s\u0103 dep\u0103\u0219easc\u0103 <strong>5 pagini<\/strong>. Ilustra\u021biile vor fi trimise \u00eentr-un fi\u0219ier separat, \u00een format electronic (format jpg., rezolu\u021bie 300 dpi pentru imagini \u0219i 1200 dpi pentru desene).<\/p>\n<p><strong>Date despre autor<\/strong>:<\/p>\n<p>Informa\u021bia biografic\u0103 trebuie s\u0103 includ\u0103 numele \u0219i prenumele complet al autorului, institu\u021bia unde activeaz\u0103, adresa de contact, inclusiv e-mail, nr. ORCID, o scurt\u0103 prezentare a preocup\u0103rilor \u0219tiin\u021bifice \u0219i titlurile a 2-3 publica\u021bii recente. Informa\u021bia respectiv\u0103 trebuie s\u0103 fie \u00een limba englez\u0103 \u0219i s\u0103 nu dep\u0103\u0219easc\u0103 <strong>150 cuvinte.<\/strong><\/p>\n<p><strong>Lista de verificare <\/strong>(\u00eenainte de a trimite manuscrisul dvs. verifica\u021bi atent documentele care trebuie s\u0103 corespund\u0103 cerin\u021belor revistei):<\/p>\n<ol>\n<li>Manuscrisul \u2013 titlul, rezumat, cuvinte cheie, textul de baz\u0103, lista ilustra\u021biei, biografie autor;<\/li>\n<li>Ilustra\u021bia \u00eentr-un fi\u0219ier separat, denumirea ilustra\u021biei s\u0103 corespund\u0103 cu num\u0103rul ei din list\u0103<\/li>\n<li><a href=\"https:\/\/plural.upsc.md\/wp-content\/uploads\/2021\/07\/Plural-CHS_Open_Access_License.docx\"><u>Formularul nr. 1 completat \u0219i semnat &#8211; Open Access License<\/u><\/a>;<\/li>\n<li><a href=\"https:\/\/plural.upsc.md\/wp-content\/uploads\/2021\/07\/Plural-CHS_Originality_Statement_and_Copyright_Agreement_2021.docx\"><u>Formularul nr. 2 completat \u0219i semnat &#8211; Originality Statement &amp; Copyright Agreement Form<\/u>.<\/a><\/li>\n<\/ol>\n<p><strong>Adresa de contact<\/strong>:<\/p>\n<p>Catedra de Istorie \u0219i Geografie, UPS \u201eIon Creang\u0103\u201d din Chi\u0219in\u0103u<\/p>\n<p>str. Ion Creang\u0103 nr. 1, bloc central, of. 509, Chi\u0219in\u0103u, MD-2069, Republica Moldova, Telefon\/Fax: +373 22 358169; e-mail: <a href=\"mailto:plural.journal@upsc.md\">plural.journal@upsc.md<\/a><\/p>\n<p><\/li><\/ul><\/div><\/div>\n","protected":false},"excerpt":{"rendered":"","protected":false},"author":1,"featured_media":0,"parent":10,"menu_order":0,"comment_status":"closed","ping_status":"closed","template":"page-templates\/two-sidebars.php","meta":{"footnotes":""},"class_list":["post-104","page","type-page","status-publish","hentry"],"_links":{"self":[{"href":"https:\/\/plural.upsc.md\/index.php?rest_route=\/wp\/v2\/pages\/104","targetHints":{"allow":["GET"]}}],"collection":[{"href":"https:\/\/plural.upsc.md\/index.php?rest_route=\/wp\/v2\/pages"}],"about":[{"href":"https:\/\/plural.upsc.md\/index.php?rest_route=\/wp\/v2\/types\/page"}],"author":[{"embeddable":true,"href":"https:\/\/plural.upsc.md\/index.php?rest_route=\/wp\/v2\/users\/1"}],"replies":[{"embeddable":true,"href":"https:\/\/plural.upsc.md\/index.php?rest_route=%2Fwp%2Fv2%2Fcomments&post=104"}],"version-history":[{"count":9,"href":"https:\/\/plural.upsc.md\/index.php?rest_route=\/wp\/v2\/pages\/104\/revisions"}],"predecessor-version":[{"id":1251,"href":"https:\/\/plural.upsc.md\/index.php?rest_route=\/wp\/v2\/pages\/104\/revisions\/1251"}],"up":[{"embeddable":true,"href":"https:\/\/plural.upsc.md\/index.php?rest_route=\/wp\/v2\/pages\/10"}],"wp:attachment":[{"href":"https:\/\/plural.upsc.md\/index.php?rest_route=%2Fwp%2Fv2%2Fmedia&parent=104"}],"curies":[{"name":"wp","href":"https:\/\/api.w.org\/{rel}","templated":true}]}}